{"id":6712,"date":"2021-06-18T05:23:20","date_gmt":"2021-06-18T05:23:20","guid":{"rendered":"https:\/\/crete-tours.com\/product\/santorini-1-day-excursion\/"},"modified":"2024-05-23T07:30:24","modified_gmt":"2024-05-23T07:30:24","slug":"santorini-1-day-excursion","status":"publish","type":"product","link":"https:\/\/crete-tours.com\/it\/product\/santorini-1-day-excursion\/","title":{"rendered":"Santorini \u2013 Escursione di 1 giorno"},"content":{"rendered":"<p>L\u2019orario della nave che verr\u00e0 utilizzata per l\u2019escursione \u00e8 il seguente:<\/p>\n<p>Quando arriverai al porto: La guida ti aspetter\u00e0 sul molo, con un cartello in rilievo che indica il numero dell\u2019autobus su cui salirai. Durante l\u2019imbarco ti forniremo un opuscolo informativo. L\u2019opuscolo includer\u00e0 un programma dettagliato dell\u2019escursione e una scheda con il numero dell\u2019autobus d\u2019imbarco per il viaggio a Santorini nella tua lingua.<\/p>\n<p><strong>Il primo giorno:<\/strong><\/p>\n<p>A. Escursione a Oia \u2013 Fira: La migliore partenza \u00e8 da Athinios ed \u00e8 scortata da quides che forniranno informazioni riguardanti l\u2019isola e la sua storia. Visita a:<\/p>\n<p>OIA: Tempo libero per ammirare i vecchi manieri neoclassici cos\u00ec come le case scavate nella roccia, i nidi artificiali che sembrano sospesi sull\u2019orlo del precipizio. Indubbiamente Oia \u00e8 il villaggio pi\u00f9 grafico dell\u2019isola con una vista fantastica , vicoli e palazzi meravigliosi.<\/p>\n<p>FIRA: Tempo libero per visitare la capitale, fare shopping o gustare un drink con una vista a volo d\u2019uccello sulla Caldera.<\/p>\n<p>B. Nuoto alla spiaggia nera di Perissa.<\/p>\n<p>Perissa: la spiaggia pi\u00f9 famosa di Santorini, nota per la sua sabbia nera e l\u2019acqua cristallina. Per il vostro pranzo \u00e8 consigliato e sar\u00e0 un vero piacere scoprire le taverne tradizionali che qui preparano specialit\u00e0 greche come la Fava e pesce fresco condito con ottimo vino locale. Tour al vulcano andata e ritorno. (non incluso).<\/p>\n<p>16:00: partenza da Santorini in direzione di Heraklion<br \/>\n17:50: Arrivo a Heraklion<\/p>\n","protected":false},"excerpt":{"rendered":"<p>Il viaggio pi\u00f9 popolare, il viaggio di Santorini \u00e8 qui e ti aspetta!<\/p>\n<p><img decoding=\"async\" class=\"alignnone wp-image-1620\" style=\"font-style: inherit; font-weight: inherit;\" src=\"https:\/\/bestwaytravel.gr\/wp-content\/uploads\/2018\/01\/images-2-2-300x99.png\" sizes=\"(max-width: 125px) 100vw, 125px\" srcset=\"https:\/\/bestwaytravel.gr\/wp-content\/uploads\/2018\/01\/images-2-2-300x99.png 300w, https:\/\/bestwaytravel.gr\/wp-content\/uploads\/2018\/01\/images-2-2-20x7.png 20w, https:\/\/bestwaytravel.gr\/wp-content\/uploads\/2018\/01\/images-2-2.png 389w\" alt=\"\" width=\"125\" height=\"41\" \/><\/p>\n<p>Heraklion \u2013 Santorini: 08:00-09:45\u00a0 \u00a0e\u00a0 Santorini \u2013 Heraklion: 16:00 \u2013 17:50<\/p>\n<p>&nbsp;<\/p>\n","protected":false},"featured_media":6714,"comment_status":"closed","ping_status":"closed","template":"","meta":{"site-sidebar-layout":"default","site-content-layout":"default","ast-site-content-layout":"default","site-content-style":"default","site-sidebar-style":"default","ast-global-header-display":"","ast-banner-title-visibility":"","ast-main-header-display":"","ast-hfb-above-header-display":"","ast-hfb-below-header-display":"","ast-hfb-mobile-header-display":"","site-post-title":"","ast-breadcrumbs-content":"","ast-featured-img":"","footer-sml-layout":"","theme-transparent-header-meta":"default","adv-header-id-meta":"5369","stick-header-meta":"default","header-above-stick-meta":"","header-main-stick-meta":"","header-below-stick-meta":"","astra-migrate-meta-layouts":"set","ast-page-background-enabled":"default","ast-page-background-meta":{"desktop":{"background-color":"","background-image":"","background-repeat":"repeat","background-position":"center center","background-size":"auto","background-attachment":"scroll","background-type":"","background-media":"","overlay-type":"","overlay-color":"","overlay-gradient":""},"tablet":{"background-color":"","background-image":"","background-repeat":"repeat","background-position":"center center","background-size":"auto","background-attachment":"scroll","background-type":"","background-media":"","overlay-type":"","overlay-color":"","overlay-gradient":""},"mobile":{"background-color":"","background-image":"","background-repeat":"repeat","background-position":"center center","background-size":"auto","background-attachment":"scroll","background-type":"","background-media":"","overlay-type":"","overlay-color":"","overlay-gradient":""}},"ast-content-background-meta":{"desktop":{"background-color":"var(--ast-global-color-5)","background-image":"","background-repeat":"repeat","background-position":"center center","background-size":"auto","background-attachment":"scroll","background-type":"","background-media":"","overlay-type":"","overlay-color":"","overlay-gradient":""},"tablet":{"background-color":"var(--ast-global-color-5)","background-image":"","background-repeat":"repeat","background-position":"center center","background-size":"auto","background-attachment":"scroll","background-type":"","background-media":"","overlay-type":"","overlay-color":"","overlay-gradient":""},"mobile":{"background-color":"var(--ast-global-color-5)","background-image":"","background-repeat":"repeat","background-position":"center center","background-size":"auto","background-attachment":"scroll","background-type":"","background-media":"","overlay-type":"","overlay-color":"","overlay-gradient":""}}},"product_cat":[62],"product_tag":[],"yoast_head":"<!-- This site is optimized with the Yoast SEO plugin v22.5 - https:\/\/yoast.com\/wordpress\/plugins\/seo\/ -->\n<title>Santorini \u2013 Escursione di 1 giorno - \u0395\u03ba\u03b4\u03c1\u03bf\u03bc\u03ad\u03c2 \u03c3\u03c4\u03b7\u03bd \u039a\u03c1\u03ae\u03c4\u03b7<\/title>\n<meta name=\"robots\" content=\"index, follow, max-snippet:-1, max-image-preview:large, max-video-preview:-1\" \/>\n<link rel=\"canonical\" href=\"https:\/\/crete-tours.com\/it\/product\/santorini-1-day-excursion\/\" \/>\n<meta property=\"og:locale\" content=\"it_IT\" \/>\n<meta property=\"og:type\" content=\"article\" \/>\n<meta property=\"og:title\" content=\"Santorini \u2013 Escursione di 1 giorno - \u0395\u03ba\u03b4\u03c1\u03bf\u03bc\u03ad\u03c2 \u03c3\u03c4\u03b7\u03bd \u039a\u03c1\u03ae\u03c4\u03b7\" \/>\n<meta property=\"og:description\" content=\"Il viaggio pi\u00f9 popolare, il viaggio di Santorini \u00e8 qui e ti aspetta!    Heraklion \u2013 Santorini: 08:00-09:45\u00a0 \u00a0e\u00a0 Santorini \u2013 Heraklion: 16:00 \u2013 17:50  &nbsp;\" \/>\n<meta property=\"og:url\" content=\"https:\/\/crete-tours.com\/it\/product\/santorini-1-day-excursion\/\" \/>\n<meta property=\"og:site_name\" content=\"\u0395\u03ba\u03b4\u03c1\u03bf\u03bc\u03ad\u03c2 \u03c3\u03c4\u03b7\u03bd \u039a\u03c1\u03ae\u03c4\u03b7\" \/>\n<meta property=\"article:modified_time\" content=\"2024-05-23T07:30:24+00:00\" \/>\n<meta property=\"og:image\" content=\"https:\/\/crete-tours.com\/wp-content\/uploads\/2021\/06\/santorini-balcony.jpg\" \/>\n\t<meta property=\"og:image:width\" content=\"1500\" \/>\n\t<meta property=\"og:image:height\" content=\"1000\" \/>\n\t<meta property=\"og:image:type\" content=\"image\/jpeg\" \/>\n<meta name=\"twitter:card\" content=\"summary_large_image\" \/>\n<meta name=\"twitter:label1\" content=\"Tempo di lettura stimato\" \/>\n\t<meta name=\"twitter:data1\" content=\"2 minuti\" \/>\n<script type=\"application\/ld+json\" class=\"yoast-schema-graph\">{\"@context\":\"https:\/\/schema.org\",\"@graph\":[{\"@type\":\"WebPage\",\"@id\":\"https:\/\/crete-tours.com\/it\/product\/santorini-1-day-excursion\/\",\"url\":\"https:\/\/crete-tours.com\/it\/product\/santorini-1-day-excursion\/\",\"name\":\"Santorini \u2013 Escursione di 1 giorno - \u0395\u03ba\u03b4\u03c1\u03bf\u03bc\u03ad\u03c2 \u03c3\u03c4\u03b7\u03bd \u039a\u03c1\u03ae\u03c4\u03b7\",\"isPartOf\":{\"@id\":\"https:\/\/crete-tours.com\/#website\"},\"primaryImageOfPage\":{\"@id\":\"https:\/\/crete-tours.com\/it\/product\/santorini-1-day-excursion\/#primaryimage\"},\"image\":{\"@id\":\"https:\/\/crete-tours.com\/it\/product\/santorini-1-day-excursion\/#primaryimage\"},\"thumbnailUrl\":\"https:\/\/crete-tours.com\/wp-content\/uploads\/2021\/06\/santorini-balcony.jpg\",\"datePublished\":\"2021-06-18T05:23:20+00:00\",\"dateModified\":\"2024-05-23T07:30:24+00:00\",\"breadcrumb\":{\"@id\":\"https:\/\/crete-tours.com\/it\/product\/santorini-1-day-excursion\/#breadcrumb\"},\"inLanguage\":\"it-IT\",\"potentialAction\":[{\"@type\":\"ReadAction\",\"target\":[\"https:\/\/crete-tours.com\/it\/product\/santorini-1-day-excursion\/\"]}]},{\"@type\":\"ImageObject\",\"inLanguage\":\"it-IT\",\"@id\":\"https:\/\/crete-tours.com\/it\/product\/santorini-1-day-excursion\/#primaryimage\",\"url\":\"https:\/\/crete-tours.com\/wp-content\/uploads\/2021\/06\/santorini-balcony.jpg\",\"contentUrl\":\"https:\/\/crete-tours.com\/wp-content\/uploads\/2021\/06\/santorini-balcony.jpg\",\"width\":1500,\"height\":1000,\"caption\":\"An \u0391mazing \u03a4rip From Crete To Santorini\"},{\"@type\":\"BreadcrumbList\",\"@id\":\"https:\/\/crete-tours.com\/it\/product\/santorini-1-day-excursion\/#breadcrumb\",\"itemListElement\":[{\"@type\":\"ListItem\",\"position\":1,\"name\":\"Casa\",\"item\":\"https:\/\/crete-tours.com\/it\/\"},{\"@type\":\"ListItem\",\"position\":2,\"name\":\"Products\",\"item\":\"https:\/\/crete-tours.com\/el\/shop\/\"},{\"@type\":\"ListItem\",\"position\":3,\"name\":\"Santorini \u2013 Escursione di 1 giorno\"}]},{\"@type\":\"WebSite\",\"@id\":\"https:\/\/crete-tours.com\/#website\",\"url\":\"https:\/\/crete-tours.com\/\",\"name\":\"\u0395\u03ba\u03b4\u03c1\u03bf\u03bc\u03ad\u03c2 \u03c3\u03c4\u03b7\u03bd \u039a\u03c1\u03ae\u03c4\u03b7\",\"description\":\"Best Way Travel\",\"publisher\":{\"@id\":\"https:\/\/crete-tours.com\/#organization\"},\"potentialAction\":[{\"@type\":\"SearchAction\",\"target\":{\"@type\":\"EntryPoint\",\"urlTemplate\":\"https:\/\/crete-tours.com\/?s={search_term_string}\"},\"query-input\":\"required name=search_term_string\"}],\"inLanguage\":\"it-IT\"},{\"@type\":\"Organization\",\"@id\":\"https:\/\/crete-tours.com\/#organization\",\"name\":\"Rent A Green Car\",\"url\":\"https:\/\/crete-tours.com\/\",\"logo\":{\"@type\":\"ImageObject\",\"inLanguage\":\"it-IT\",\"@id\":\"https:\/\/crete-tours.com\/#\/schema\/logo\/image\/\",\"url\":\"https:\/\/crete-tours.com\/wp-content\/uploads\/2021\/04\/logo.png\",\"contentUrl\":\"https:\/\/crete-tours.com\/wp-content\/uploads\/2021\/04\/logo.png\",\"width\":799,\"height\":189,\"caption\":\"Rent A Green Car\"},\"image\":{\"@id\":\"https:\/\/crete-tours.com\/#\/schema\/logo\/image\/\"}}]}<\/script>\n<!-- \/ Yoast SEO plugin. -->","yoast_head_json":{"title":"Santorini \u2013 Escursione di 1 giorno - \u0395\u03ba\u03b4\u03c1\u03bf\u03bc\u03ad\u03c2 \u03c3\u03c4\u03b7\u03bd \u039a\u03c1\u03ae\u03c4\u03b7","robots":{"index":"index","follow":"follow","max-snippet":"max-snippet:-1","max-image-preview":"max-image-preview:large","max-video-preview":"max-video-preview:-1"},"canonical":"https:\/\/crete-tours.com\/it\/product\/santorini-1-day-excursion\/","og_locale":"it_IT","og_type":"article","og_title":"Santorini \u2013 Escursione di 1 giorno - \u0395\u03ba\u03b4\u03c1\u03bf\u03bc\u03ad\u03c2 \u03c3\u03c4\u03b7\u03bd \u039a\u03c1\u03ae\u03c4\u03b7","og_description":"Il viaggio pi\u00f9 popolare, il viaggio di Santorini \u00e8 qui e ti aspetta!    Heraklion \u2013 Santorini: 08:00-09:45\u00a0 \u00a0e\u00a0 Santorini \u2013 Heraklion: 16:00 \u2013 17:50  &nbsp;","og_url":"https:\/\/crete-tours.com\/it\/product\/santorini-1-day-excursion\/","og_site_name":"\u0395\u03ba\u03b4\u03c1\u03bf\u03bc\u03ad\u03c2 \u03c3\u03c4\u03b7\u03bd \u039a\u03c1\u03ae\u03c4\u03b7","article_modified_time":"2024-05-23T07:30:24+00:00","og_image":[{"width":1500,"height":1000,"url":"https:\/\/crete-tours.com\/wp-content\/uploads\/2021\/06\/santorini-balcony.jpg","type":"image\/jpeg"}],"twitter_card":"summary_large_image","twitter_misc":{"Tempo di lettura stimato":"2 minuti"},"schema":{"@context":"https:\/\/schema.org","@graph":[{"@type":"WebPage","@id":"https:\/\/crete-tours.com\/it\/product\/santorini-1-day-excursion\/","url":"https:\/\/crete-tours.com\/it\/product\/santorini-1-day-excursion\/","name":"Santorini \u2013 Escursione di 1 giorno - \u0395\u03ba\u03b4\u03c1\u03bf\u03bc\u03ad\u03c2 \u03c3\u03c4\u03b7\u03bd \u039a\u03c1\u03ae\u03c4\u03b7","isPartOf":{"@id":"https:\/\/crete-tours.com\/#website"},"primaryImageOfPage":{"@id":"https:\/\/crete-tours.com\/it\/product\/santorini-1-day-excursion\/#primaryimage"},"image":{"@id":"https:\/\/crete-tours.com\/it\/product\/santorini-1-day-excursion\/#primaryimage"},"thumbnailUrl":"https:\/\/crete-tours.com\/wp-content\/uploads\/2021\/06\/santorini-balcony.jpg","datePublished":"2021-06-18T05:23:20+00:00","dateModified":"2024-05-23T07:30:24+00:00","breadcrumb":{"@id":"https:\/\/crete-tours.com\/it\/product\/santorini-1-day-excursion\/#breadcrumb"},"inLanguage":"it-IT","potentialAction":[{"@type":"ReadAction","target":["https:\/\/crete-tours.com\/it\/product\/santorini-1-day-excursion\/"]}]},{"@type":"ImageObject","inLanguage":"it-IT","@id":"https:\/\/crete-tours.com\/it\/product\/santorini-1-day-excursion\/#primaryimage","url":"https:\/\/crete-tours.com\/wp-content\/uploads\/2021\/06\/santorini-balcony.jpg","contentUrl":"https:\/\/crete-tours.com\/wp-content\/uploads\/2021\/06\/santorini-balcony.jpg","width":1500,"height":1000,"caption":"An \u0391mazing \u03a4rip From Crete To Santorini"},{"@type":"BreadcrumbList","@id":"https:\/\/crete-tours.com\/it\/product\/santorini-1-day-excursion\/#breadcrumb","itemListElement":[{"@type":"ListItem","position":1,"name":"Casa","item":"https:\/\/crete-tours.com\/it\/"},{"@type":"ListItem","position":2,"name":"Products","item":"https:\/\/crete-tours.com\/el\/shop\/"},{"@type":"ListItem","position":3,"name":"Santorini \u2013 Escursione di 1 giorno"}]},{"@type":"WebSite","@id":"https:\/\/crete-tours.com\/#website","url":"https:\/\/crete-tours.com\/","name":"\u0395\u03ba\u03b4\u03c1\u03bf\u03bc\u03ad\u03c2 \u03c3\u03c4\u03b7\u03bd \u039a\u03c1\u03ae\u03c4\u03b7","description":"Best Way Travel","publisher":{"@id":"https:\/\/crete-tours.com\/#organization"},"potentialAction":[{"@type":"SearchAction","target":{"@type":"EntryPoint","urlTemplate":"https:\/\/crete-tours.com\/?s={search_term_string}"},"query-input":"required name=search_term_string"}],"inLanguage":"it-IT"},{"@type":"Organization","@id":"https:\/\/crete-tours.com\/#organization","name":"Rent A Green Car","url":"https:\/\/crete-tours.com\/","logo":{"@type":"ImageObject","inLanguage":"it-IT","@id":"https:\/\/crete-tours.com\/#\/schema\/logo\/image\/","url":"https:\/\/crete-tours.com\/wp-content\/uploads\/2021\/04\/logo.png","contentUrl":"https:\/\/crete-tours.com\/wp-content\/uploads\/2021\/04\/logo.png","width":799,"height":189,"caption":"Rent A Green Car"},"image":{"@id":"https:\/\/crete-tours.com\/#\/schema\/logo\/image\/"}}]}},"_links":{"self":[{"href":"https:\/\/crete-tours.com\/it\/wp-json\/wp\/v2\/product\/6712"}],"collection":[{"href":"https:\/\/crete-tours.com\/it\/wp-json\/wp\/v2\/product"}],"about":[{"href":"https:\/\/crete-tours.com\/it\/wp-json\/wp\/v2\/types\/product"}],"replies":[{"embeddable":true,"href":"https:\/\/crete-tours.com\/it\/wp-json\/wp\/v2\/comments?post=6712"}],"wp:featuredmedia":[{"embeddable":true,"href":"https:\/\/crete-tours.com\/it\/wp-json\/wp\/v2\/media\/6714"}],"wp:attachment":[{"href":"https:\/\/crete-tours.com\/it\/wp-json\/wp\/v2\/media?parent=6712"}],"wp:term":[{"taxonomy":"product_cat","embeddable":true,"href":"https:\/\/crete-tours.com\/it\/wp-json\/wp\/v2\/product_cat?post=6712"},{"taxonomy":"product_tag","embeddable":true,"href":"https:\/\/crete-tours.com\/it\/wp-json\/wp\/v2\/product_tag?post=6712"}],"curies":[{"name":"wp","href":"https:\/\/api.w.org\/{rel}","templated":true}]}}