{"id":6635,"date":"2021-06-18T15:41:49","date_gmt":"2021-06-18T15:41:49","guid":{"rendered":"https:\/\/crete-tours.com\/product\/west-crete\/"},"modified":"2023-11-22T09:42:43","modified_gmt":"2023-11-22T09:42:43","slug":"west-crete","status":"publish","type":"product","link":"https:\/\/crete-tours.com\/it\/product\/west-crete\/","title":{"rendered":"Creta occidentale"},"content":{"rendered":"<p>Questa escursione ci porta a Creta occidentale e la nostra prima tappa a Chania, la citt\u00e0 pi\u00f9 affascinante di Creta. Era un&#8217;importante citt\u00e0 minoica e la &#8220;madre delle citt\u00e0 cretesi&#8221;, secondo gli antichi scrittori.<\/p>\n<p>CITT\u00c0 DI CHANIA<\/p>\n<p>La Venezia d&#8217;Oriente<\/p>\n<p>La citt\u00e0 \u00e8 divisa nella Citt\u00e0 Vecchia, con lo splendido porto e nella Citt\u00e0 Nuova, al di l\u00e0 delle sue fortificazioni veneziane. La Citt\u00e0 Vecchia \u00e8 una delle citt\u00e0 pi\u00f9 belle del Mediterraneo ed \u00e8 chiamata la \u201cVenezia d&#8217;Oriente\u201d. Di conseguenza, possiamo ammirare esempi di tutte le civilt\u00e0 che sono passate da qui: siti archeologici minoici, minareti e moschee turche, quartieri musulmani, fortezze veneziane, cantieri navali, fontane, piazze, archi, palazzi, logge e faro. Inoltre, possiamo gustare il nostro pranzo presso il pittoresco porto o visitare il famoso Agor\u00e0 (mercato), che ospita piccoli negozi e taverne tradizionali. Qui possiamo acquistare souvenir o articoli in pelle a prezzi molto buoni.<\/p>\n<p>LAGO DI KOURNAS<\/p>\n<p>Verde lussureggiante sulle colline<\/p>\n<p>Lasciando questa straordinaria citt\u00e0, arriviamo al pittoresco Lago Kournas, un bellissimo habitat con acqua dolce naturale, unico nel suo genere a Creta. Vegetazione lussureggiante, cavit\u00e0 ripide tra le colline, rare specie di pesci e uccelli, come anguille, rondini d&#8217;acqua e bicolore tartarughe. La sua magnifica bellezza rende Kournas il luogo ideale per godersi una nuotata prima del nostro pranzo o di qualsiasi passeggiata nel primo pomeriggio.<\/p>\n<p>CITT\u00c0 DI RETHYMNON<\/p>\n<p>Un crocevia di culture<\/p>\n<p>L&#8217;intera area di Kournas \u00e8 protetta da Natura 2000, in quanto \u00e8 stata designata zona umida. Tornando indietro, ci fermiamo a Rethymnon, la terza citt\u00e0 pi\u00f9 grande di Creta, dove convivono monumenti di epoca archeologica, ottomana e veneziana, in un contesto estremamente interessante a modo. Fate una passeggiata nei vicoli del centro storico, visitate i minareti turchi e le fortezze veneziane o semplicemente godetevi il vostro caff\u00e8 nel magnifico porto.<\/p>\n<p>&nbsp;<\/p>\n<p>&nbsp;<\/p>\n","protected":false},"excerpt":{"rendered":"<p>Questa escursione ci porta a Creta occidentale e comprende tre importanti centri della regione. Due citt\u00e0 centrali, la pittoresca Chania e la storica Rethymnon ma anche un lago unico, quello di Kournas.<\/p>\n","protected":false},"featured_media":6636,"comment_status":"closed","ping_status":"closed","template":"","meta":{"site-sidebar-layout":"default","site-content-layout":"default","ast-site-content-layout":"default","site-content-style":"default","site-sidebar-style":"default","ast-global-header-display":"","ast-banner-title-visibility":"","ast-main-header-display":"","ast-hfb-above-header-display":"","ast-hfb-below-header-display":"","ast-hfb-mobile-header-display":"","site-post-title":"","ast-breadcrumbs-content":"","ast-featured-img":"","footer-sml-layout":"","theme-transparent-header-meta":"default","adv-header-id-meta":"5369","stick-header-meta":"default","header-above-stick-meta":"","header-main-stick-meta":"","header-below-stick-meta":"","astra-migrate-meta-layouts":"default","ast-page-background-enabled":"default","ast-page-background-meta":{"desktop":{"background-color":"","background-image":"","background-repeat":"repeat","background-position":"center center","background-size":"auto","background-attachment":"scroll","background-type":"","background-media":"","overlay-type":"","overlay-color":"","overlay-gradient":""},"tablet":{"background-color":"","background-image":"","background-repeat":"repeat","background-position":"center center","background-size":"auto","background-attachment":"scroll","background-type":"","background-media":"","overlay-type":"","overlay-color":"","overlay-gradient":""},"mobile":{"background-color":"","background-image":"","background-repeat":"repeat","background-position":"center center","background-size":"auto","background-attachment":"scroll","background-type":"","background-media":"","overlay-type":"","overlay-color":"","overlay-gradient":""}},"ast-content-background-meta":{"desktop":{"background-color":"var(--ast-global-color-5)","background-image":"","background-repeat":"repeat","background-position":"center center","background-size":"auto","background-attachment":"scroll","background-type":"","background-media":"","overlay-type":"","overlay-color":"","overlay-gradient":""},"tablet":{"background-color":"var(--ast-global-color-5)","background-image":"","background-repeat":"repeat","background-position":"center center","background-size":"auto","background-attachment":"scroll","background-type":"","background-media":"","overlay-type":"","overlay-color":"","overlay-gradient":""},"mobile":{"background-color":"var(--ast-global-color-5)","background-image":"","background-repeat":"repeat","background-position":"center center","background-size":"auto","background-attachment":"scroll","background-type":"","background-media":"","overlay-type":"","overlay-color":"","overlay-gradient":""}}},"product_cat":[62],"product_tag":[],"yoast_head":"<!-- This site is optimized with the Yoast SEO plugin v22.5 - https:\/\/yoast.com\/wordpress\/plugins\/seo\/ -->\n<title>Creta occidentale - \u0395\u03ba\u03b4\u03c1\u03bf\u03bc\u03ad\u03c2 \u03c3\u03c4\u03b7\u03bd \u039a\u03c1\u03ae\u03c4\u03b7<\/title>\n<meta name=\"robots\" content=\"index, follow, max-snippet:-1, max-image-preview:large, max-video-preview:-1\" \/>\n<link rel=\"canonical\" href=\"https:\/\/crete-tours.com\/it\/product\/west-crete\/\" \/>\n<meta property=\"og:locale\" content=\"it_IT\" \/>\n<meta property=\"og:type\" content=\"article\" \/>\n<meta property=\"og:title\" content=\"Creta occidentale - \u0395\u03ba\u03b4\u03c1\u03bf\u03bc\u03ad\u03c2 \u03c3\u03c4\u03b7\u03bd \u039a\u03c1\u03ae\u03c4\u03b7\" \/>\n<meta property=\"og:description\" content=\"Questa escursione ci porta a Creta occidentale e comprende tre importanti centri della regione. Due citt\u00e0 centrali, la pittoresca Chania e la storica Rethymnon ma anche un lago unico, quello di Kournas.\" \/>\n<meta property=\"og:url\" content=\"https:\/\/crete-tours.com\/it\/product\/west-crete\/\" \/>\n<meta property=\"og:site_name\" content=\"\u0395\u03ba\u03b4\u03c1\u03bf\u03bc\u03ad\u03c2 \u03c3\u03c4\u03b7\u03bd \u039a\u03c1\u03ae\u03c4\u03b7\" \/>\n<meta property=\"article:modified_time\" content=\"2023-11-22T09:42:43+00:00\" \/>\n<meta property=\"og:image\" content=\"https:\/\/crete-tours.com\/wp-content\/uploads\/2021\/06\/chania.jpg\" \/>\n\t<meta property=\"og:image:width\" content=\"2048\" \/>\n\t<meta property=\"og:image:height\" content=\"1536\" \/>\n\t<meta property=\"og:image:type\" content=\"image\/jpeg\" \/>\n<meta name=\"twitter:card\" content=\"summary_large_image\" \/>\n<meta name=\"twitter:label1\" content=\"Tempo di lettura stimato\" \/>\n\t<meta name=\"twitter:data1\" content=\"2 minuti\" \/>\n<script type=\"application\/ld+json\" class=\"yoast-schema-graph\">{\"@context\":\"https:\/\/schema.org\",\"@graph\":[{\"@type\":\"WebPage\",\"@id\":\"https:\/\/crete-tours.com\/it\/product\/west-crete\/\",\"url\":\"https:\/\/crete-tours.com\/it\/product\/west-crete\/\",\"name\":\"Creta occidentale - \u0395\u03ba\u03b4\u03c1\u03bf\u03bc\u03ad\u03c2 \u03c3\u03c4\u03b7\u03bd \u039a\u03c1\u03ae\u03c4\u03b7\",\"isPartOf\":{\"@id\":\"https:\/\/crete-tours.com\/#website\"},\"primaryImageOfPage\":{\"@id\":\"https:\/\/crete-tours.com\/it\/product\/west-crete\/#primaryimage\"},\"image\":{\"@id\":\"https:\/\/crete-tours.com\/it\/product\/west-crete\/#primaryimage\"},\"thumbnailUrl\":\"https:\/\/crete-tours.com\/wp-content\/uploads\/2021\/06\/chania.jpg\",\"datePublished\":\"2021-06-18T15:41:49+00:00\",\"dateModified\":\"2023-11-22T09:42:43+00:00\",\"breadcrumb\":{\"@id\":\"https:\/\/crete-tours.com\/it\/product\/west-crete\/#breadcrumb\"},\"inLanguage\":\"it-IT\",\"potentialAction\":[{\"@type\":\"ReadAction\",\"target\":[\"https:\/\/crete-tours.com\/it\/product\/west-crete\/\"]}]},{\"@type\":\"ImageObject\",\"inLanguage\":\"it-IT\",\"@id\":\"https:\/\/crete-tours.com\/it\/product\/west-crete\/#primaryimage\",\"url\":\"https:\/\/crete-tours.com\/wp-content\/uploads\/2021\/06\/chania.jpg\",\"contentUrl\":\"https:\/\/crete-tours.com\/wp-content\/uploads\/2021\/06\/chania.jpg\",\"width\":2048,\"height\":1536,\"caption\":\"chania\"},{\"@type\":\"BreadcrumbList\",\"@id\":\"https:\/\/crete-tours.com\/it\/product\/west-crete\/#breadcrumb\",\"itemListElement\":[{\"@type\":\"ListItem\",\"position\":1,\"name\":\"Casa\",\"item\":\"https:\/\/crete-tours.com\/it\/\"},{\"@type\":\"ListItem\",\"position\":2,\"name\":\"Products\",\"item\":\"https:\/\/crete-tours.com\/el\/shop\/\"},{\"@type\":\"ListItem\",\"position\":3,\"name\":\"Creta occidentale\"}]},{\"@type\":\"WebSite\",\"@id\":\"https:\/\/crete-tours.com\/#website\",\"url\":\"https:\/\/crete-tours.com\/\",\"name\":\"\u0395\u03ba\u03b4\u03c1\u03bf\u03bc\u03ad\u03c2 \u03c3\u03c4\u03b7\u03bd \u039a\u03c1\u03ae\u03c4\u03b7\",\"description\":\"Best Way Travel\",\"publisher\":{\"@id\":\"https:\/\/crete-tours.com\/#organization\"},\"potentialAction\":[{\"@type\":\"SearchAction\",\"target\":{\"@type\":\"EntryPoint\",\"urlTemplate\":\"https:\/\/crete-tours.com\/?s={search_term_string}\"},\"query-input\":\"required name=search_term_string\"}],\"inLanguage\":\"it-IT\"},{\"@type\":\"Organization\",\"@id\":\"https:\/\/crete-tours.com\/#organization\",\"name\":\"Rent A Green Car\",\"url\":\"https:\/\/crete-tours.com\/\",\"logo\":{\"@type\":\"ImageObject\",\"inLanguage\":\"it-IT\",\"@id\":\"https:\/\/crete-tours.com\/#\/schema\/logo\/image\/\",\"url\":\"https:\/\/crete-tours.com\/wp-content\/uploads\/2021\/04\/logo.png\",\"contentUrl\":\"https:\/\/crete-tours.com\/wp-content\/uploads\/2021\/04\/logo.png\",\"width\":799,\"height\":189,\"caption\":\"Rent A Green Car\"},\"image\":{\"@id\":\"https:\/\/crete-tours.com\/#\/schema\/logo\/image\/\"}}]}<\/script>\n<!-- \/ Yoast SEO plugin. -->","yoast_head_json":{"title":"Creta occidentale - \u0395\u03ba\u03b4\u03c1\u03bf\u03bc\u03ad\u03c2 \u03c3\u03c4\u03b7\u03bd \u039a\u03c1\u03ae\u03c4\u03b7","robots":{"index":"index","follow":"follow","max-snippet":"max-snippet:-1","max-image-preview":"max-image-preview:large","max-video-preview":"max-video-preview:-1"},"canonical":"https:\/\/crete-tours.com\/it\/product\/west-crete\/","og_locale":"it_IT","og_type":"article","og_title":"Creta occidentale - \u0395\u03ba\u03b4\u03c1\u03bf\u03bc\u03ad\u03c2 \u03c3\u03c4\u03b7\u03bd \u039a\u03c1\u03ae\u03c4\u03b7","og_description":"Questa escursione ci porta a Creta occidentale e comprende tre importanti centri della regione. Due citt\u00e0 centrali, la pittoresca Chania e la storica Rethymnon ma anche un lago unico, quello di Kournas.","og_url":"https:\/\/crete-tours.com\/it\/product\/west-crete\/","og_site_name":"\u0395\u03ba\u03b4\u03c1\u03bf\u03bc\u03ad\u03c2 \u03c3\u03c4\u03b7\u03bd \u039a\u03c1\u03ae\u03c4\u03b7","article_modified_time":"2023-11-22T09:42:43+00:00","og_image":[{"width":2048,"height":1536,"url":"https:\/\/crete-tours.com\/wp-content\/uploads\/2021\/06\/chania.jpg","type":"image\/jpeg"}],"twitter_card":"summary_large_image","twitter_misc":{"Tempo di lettura stimato":"2 minuti"},"schema":{"@context":"https:\/\/schema.org","@graph":[{"@type":"WebPage","@id":"https:\/\/crete-tours.com\/it\/product\/west-crete\/","url":"https:\/\/crete-tours.com\/it\/product\/west-crete\/","name":"Creta occidentale - \u0395\u03ba\u03b4\u03c1\u03bf\u03bc\u03ad\u03c2 \u03c3\u03c4\u03b7\u03bd \u039a\u03c1\u03ae\u03c4\u03b7","isPartOf":{"@id":"https:\/\/crete-tours.com\/#website"},"primaryImageOfPage":{"@id":"https:\/\/crete-tours.com\/it\/product\/west-crete\/#primaryimage"},"image":{"@id":"https:\/\/crete-tours.com\/it\/product\/west-crete\/#primaryimage"},"thumbnailUrl":"https:\/\/crete-tours.com\/wp-content\/uploads\/2021\/06\/chania.jpg","datePublished":"2021-06-18T15:41:49+00:00","dateModified":"2023-11-22T09:42:43+00:00","breadcrumb":{"@id":"https:\/\/crete-tours.com\/it\/product\/west-crete\/#breadcrumb"},"inLanguage":"it-IT","potentialAction":[{"@type":"ReadAction","target":["https:\/\/crete-tours.com\/it\/product\/west-crete\/"]}]},{"@type":"ImageObject","inLanguage":"it-IT","@id":"https:\/\/crete-tours.com\/it\/product\/west-crete\/#primaryimage","url":"https:\/\/crete-tours.com\/wp-content\/uploads\/2021\/06\/chania.jpg","contentUrl":"https:\/\/crete-tours.com\/wp-content\/uploads\/2021\/06\/chania.jpg","width":2048,"height":1536,"caption":"chania"},{"@type":"BreadcrumbList","@id":"https:\/\/crete-tours.com\/it\/product\/west-crete\/#breadcrumb","itemListElement":[{"@type":"ListItem","position":1,"name":"Casa","item":"https:\/\/crete-tours.com\/it\/"},{"@type":"ListItem","position":2,"name":"Products","item":"https:\/\/crete-tours.com\/el\/shop\/"},{"@type":"ListItem","position":3,"name":"Creta occidentale"}]},{"@type":"WebSite","@id":"https:\/\/crete-tours.com\/#website","url":"https:\/\/crete-tours.com\/","name":"\u0395\u03ba\u03b4\u03c1\u03bf\u03bc\u03ad\u03c2 \u03c3\u03c4\u03b7\u03bd \u039a\u03c1\u03ae\u03c4\u03b7","description":"Best Way Travel","publisher":{"@id":"https:\/\/crete-tours.com\/#organization"},"potentialAction":[{"@type":"SearchAction","target":{"@type":"EntryPoint","urlTemplate":"https:\/\/crete-tours.com\/?s={search_term_string}"},"query-input":"required name=search_term_string"}],"inLanguage":"it-IT"},{"@type":"Organization","@id":"https:\/\/crete-tours.com\/#organization","name":"Rent A Green Car","url":"https:\/\/crete-tours.com\/","logo":{"@type":"ImageObject","inLanguage":"it-IT","@id":"https:\/\/crete-tours.com\/#\/schema\/logo\/image\/","url":"https:\/\/crete-tours.com\/wp-content\/uploads\/2021\/04\/logo.png","contentUrl":"https:\/\/crete-tours.com\/wp-content\/uploads\/2021\/04\/logo.png","width":799,"height":189,"caption":"Rent A Green Car"},"image":{"@id":"https:\/\/crete-tours.com\/#\/schema\/logo\/image\/"}}]}},"_links":{"self":[{"href":"https:\/\/crete-tours.com\/it\/wp-json\/wp\/v2\/product\/6635"}],"collection":[{"href":"https:\/\/crete-tours.com\/it\/wp-json\/wp\/v2\/product"}],"about":[{"href":"https:\/\/crete-tours.com\/it\/wp-json\/wp\/v2\/types\/product"}],"replies":[{"embeddable":true,"href":"https:\/\/crete-tours.com\/it\/wp-json\/wp\/v2\/comments?post=6635"}],"wp:featuredmedia":[{"embeddable":true,"href":"https:\/\/crete-tours.com\/it\/wp-json\/wp\/v2\/media\/6636"}],"wp:attachment":[{"href":"https:\/\/crete-tours.com\/it\/wp-json\/wp\/v2\/media?parent=6635"}],"wp:term":[{"taxonomy":"product_cat","embeddable":true,"href":"https:\/\/crete-tours.com\/it\/wp-json\/wp\/v2\/product_cat?post=6635"},{"taxonomy":"product_tag","embeddable":true,"href":"https:\/\/crete-tours.com\/it\/wp-json\/wp\/v2\/product_tag?post=6635"}],"curies":[{"name":"wp","href":"https:\/\/api.w.org\/{rel}","templated":true}]}}