{"id":6165,"date":"2021-06-18T09:43:57","date_gmt":"2021-06-18T09:43:57","guid":{"rendered":"https:\/\/crete-tours.com\/product\/chrissi-island\/"},"modified":"2023-08-31T07:33:29","modified_gmt":"2023-08-31T07:33:29","slug":"chrissi-island","status":"publish","type":"product","link":"https:\/\/crete-tours.com\/it\/product\/chrissi-island\/","title":{"rendered":"Chrissi"},"content":{"rendered":"<p>La nostra avventura inizia dalla bellissima citt\u00e0 di Ierapetra, che si trova sulla costa sud dell&#8217;isola. Da qui, una piccola nave ci porta all&#8217;isolata isola di Chrissi. Durante il viaggio incontreremo spesso gabbiani dalle zampe gialle e delfini che si godono la magia del Mar Libico, fino ad arrivare finalmente all'&#8221;Isola&#8221;, come la chiamano abitualmente i locali.<\/p>\n<p><strong>Chrissi<\/strong> \u00e8 un&#8217;isola isolata, quasi tropicale, all&#8217;estremit\u00e0 meridionale di Creta. Grazie alla sua incomparabile bellezza e al suo ecosistema unico, \u00e8 protetto dal Programma di rete Natura 2000 come santuario della fauna selvatica e area di intensa bellezza naturale.<\/p>\n<p>Le spiagge incontaminate, le miriadi di conchiglie fossilizzate su rocce vulcaniche-resti del tempo in cui l&#8217;isola sprofond\u00f2 nel mare, le patelle e i coralli, le acque poco profonde e cristalline, la foresta con i cedri, la sabbia fine rossa con i muschi e i licheni, l&#8217;antica palude salata, le tombe romane scolpite, la piccola chiesa di Agios Nikolaos e la serenit\u00e0 di questo ecosistema unico ti ruberanno il cuore e ti faranno sognare.<\/p>\n<p>Quindi, se vuoi fuggire dal trambusto della civilt\u00e0, anche solo per un giorno, per nuotare, esplorare, rilassarti sotto il sole cocente, vieni con noi a Chrissi!<\/p>\n<p><strong>PUNTI FONDAMENTALI<\/strong><br \/>\n\u2022 Laguna per osservare i delfini<br \/>\n\u2022 L&#8217;unica foresta di cedri di Libano a Chrissi<br \/>\n\u2022 &#8220;Chrissi&#8221; &#8211; la spiaggia con le conchiglie fossilizzate, la sabbia bianca e le acque cristalline<\/p>\n","protected":false},"excerpt":{"rendered":"<p>Sei pronto a vivere un&#8217;avventura?<\/p>\n<p>Vuoi sentirti, per un po&#8217;, come un moderno naufragio, arenato su un&#8217;isola deserta? Allora vieni <strong>all&#8217;isola di Chrissi!<\/strong><\/p>\n","protected":false},"featured_media":6167,"comment_status":"closed","ping_status":"closed","template":"","meta":{"site-sidebar-layout":"default","site-content-layout":"default","ast-site-content-layout":"","site-content-style":"default","site-sidebar-style":"default","ast-global-header-display":"","ast-banner-title-visibility":"","ast-main-header-display":"","ast-hfb-above-header-display":"","ast-hfb-below-header-display":"","ast-hfb-mobile-header-display":"","site-post-title":"","ast-breadcrumbs-content":"","ast-featured-img":"","footer-sml-layout":"","theme-transparent-header-meta":"default","adv-header-id-meta":"5369","stick-header-meta":"default","header-above-stick-meta":"","header-main-stick-meta":"","header-below-stick-meta":"","astra-migrate-meta-layouts":"default","ast-page-background-enabled":"default","ast-page-background-meta":{"desktop":{"background-color":"","background-image":"","background-repeat":"repeat","background-position":"center center","background-size":"auto","background-attachment":"scroll","background-type":"","background-media":"","overlay-type":"","overlay-color":"","overlay-gradient":""},"tablet":{"background-color":"","background-image":"","background-repeat":"repeat","background-position":"center center","background-size":"auto","background-attachment":"scroll","background-type":"","background-media":"","overlay-type":"","overlay-color":"","overlay-gradient":""},"mobile":{"background-color":"","background-image":"","background-repeat":"repeat","background-position":"center center","background-size":"auto","background-attachment":"scroll","background-type":"","background-media":"","overlay-type":"","overlay-color":"","overlay-gradient":""}},"ast-content-background-meta":{"desktop":{"background-color":"var(--ast-global-color-5)","background-image":"","background-repeat":"repeat","background-position":"center center","background-size":"auto","background-attachment":"scroll","background-type":"","background-media":"","overlay-type":"","overlay-color":"","overlay-gradient":""},"tablet":{"background-color":"var(--ast-global-color-5)","background-image":"","background-repeat":"repeat","background-position":"center center","background-size":"auto","background-attachment":"scroll","background-type":"","background-media":"","overlay-type":"","overlay-color":"","overlay-gradient":""},"mobile":{"background-color":"var(--ast-global-color-5)","background-image":"","background-repeat":"repeat","background-position":"center center","background-size":"auto","background-attachment":"scroll","background-type":"","background-media":"","overlay-type":"","overlay-color":"","overlay-gradient":""}}},"product_cat":[62],"product_tag":[],"yoast_head":"<!-- This site is optimized with the Yoast SEO plugin v22.5 - https:\/\/yoast.com\/wordpress\/plugins\/seo\/ -->\n<title>Chrissi - \u0395\u03ba\u03b4\u03c1\u03bf\u03bc\u03ad\u03c2 \u03c3\u03c4\u03b7\u03bd \u039a\u03c1\u03ae\u03c4\u03b7<\/title>\n<meta name=\"robots\" content=\"index, follow, max-snippet:-1, max-image-preview:large, max-video-preview:-1\" \/>\n<link rel=\"canonical\" href=\"https:\/\/crete-tours.com\/it\/product\/chrissi-island\/\" \/>\n<meta property=\"og:locale\" content=\"it_IT\" \/>\n<meta property=\"og:type\" content=\"article\" \/>\n<meta property=\"og:title\" content=\"Chrissi - \u0395\u03ba\u03b4\u03c1\u03bf\u03bc\u03ad\u03c2 \u03c3\u03c4\u03b7\u03bd \u039a\u03c1\u03ae\u03c4\u03b7\" \/>\n<meta property=\"og:description\" content=\"Sei pronto a vivere un&#039;avventura?  Vuoi sentirti, per un po&#039;, come un moderno naufragio, arenato su un&#039;isola deserta? Allora vieni all&#039;isola di Chrissi!\" \/>\n<meta property=\"og:url\" content=\"https:\/\/crete-tours.com\/it\/product\/chrissi-island\/\" \/>\n<meta property=\"og:site_name\" content=\"\u0395\u03ba\u03b4\u03c1\u03bf\u03bc\u03ad\u03c2 \u03c3\u03c4\u03b7\u03bd \u039a\u03c1\u03ae\u03c4\u03b7\" \/>\n<meta property=\"article:modified_time\" content=\"2023-08-31T07:33:29+00:00\" \/>\n<meta property=\"og:image\" content=\"https:\/\/crete-tours.com\/wp-content\/uploads\/2021\/06\/panoramic-chrissi-island.jpg\" \/>\n\t<meta property=\"og:image:width\" content=\"1080\" \/>\n\t<meta property=\"og:image:height\" content=\"675\" \/>\n\t<meta property=\"og:image:type\" content=\"image\/jpeg\" \/>\n<meta name=\"twitter:card\" content=\"summary_large_image\" \/>\n<meta name=\"twitter:label1\" content=\"Tempo di lettura stimato\" \/>\n\t<meta name=\"twitter:data1\" content=\"1 minuto\" \/>\n<script type=\"application\/ld+json\" class=\"yoast-schema-graph\">{\"@context\":\"https:\/\/schema.org\",\"@graph\":[{\"@type\":\"WebPage\",\"@id\":\"https:\/\/crete-tours.com\/it\/product\/chrissi-island\/\",\"url\":\"https:\/\/crete-tours.com\/it\/product\/chrissi-island\/\",\"name\":\"Chrissi - \u0395\u03ba\u03b4\u03c1\u03bf\u03bc\u03ad\u03c2 \u03c3\u03c4\u03b7\u03bd \u039a\u03c1\u03ae\u03c4\u03b7\",\"isPartOf\":{\"@id\":\"https:\/\/crete-tours.com\/#website\"},\"primaryImageOfPage\":{\"@id\":\"https:\/\/crete-tours.com\/it\/product\/chrissi-island\/#primaryimage\"},\"image\":{\"@id\":\"https:\/\/crete-tours.com\/it\/product\/chrissi-island\/#primaryimage\"},\"thumbnailUrl\":\"https:\/\/crete-tours.com\/wp-content\/uploads\/2021\/06\/panoramic-chrissi-island.jpg\",\"datePublished\":\"2021-06-18T09:43:57+00:00\",\"dateModified\":\"2023-08-31T07:33:29+00:00\",\"breadcrumb\":{\"@id\":\"https:\/\/crete-tours.com\/it\/product\/chrissi-island\/#breadcrumb\"},\"inLanguage\":\"it-IT\",\"potentialAction\":[{\"@type\":\"ReadAction\",\"target\":[\"https:\/\/crete-tours.com\/it\/product\/chrissi-island\/\"]}]},{\"@type\":\"ImageObject\",\"inLanguage\":\"it-IT\",\"@id\":\"https:\/\/crete-tours.com\/it\/product\/chrissi-island\/#primaryimage\",\"url\":\"https:\/\/crete-tours.com\/wp-content\/uploads\/2021\/06\/panoramic-chrissi-island.jpg\",\"contentUrl\":\"https:\/\/crete-tours.com\/wp-content\/uploads\/2021\/06\/panoramic-chrissi-island.jpg\",\"width\":1080,\"height\":675,\"caption\":\"panoramic chrissi island\"},{\"@type\":\"BreadcrumbList\",\"@id\":\"https:\/\/crete-tours.com\/it\/product\/chrissi-island\/#breadcrumb\",\"itemListElement\":[{\"@type\":\"ListItem\",\"position\":1,\"name\":\"Casa\",\"item\":\"https:\/\/crete-tours.com\/it\/\"},{\"@type\":\"ListItem\",\"position\":2,\"name\":\"Products\",\"item\":\"https:\/\/crete-tours.com\/el\/shop\/\"},{\"@type\":\"ListItem\",\"position\":3,\"name\":\"Chrissi\"}]},{\"@type\":\"WebSite\",\"@id\":\"https:\/\/crete-tours.com\/#website\",\"url\":\"https:\/\/crete-tours.com\/\",\"name\":\"\u0395\u03ba\u03b4\u03c1\u03bf\u03bc\u03ad\u03c2 \u03c3\u03c4\u03b7\u03bd \u039a\u03c1\u03ae\u03c4\u03b7\",\"description\":\"Best Way Travel\",\"publisher\":{\"@id\":\"https:\/\/crete-tours.com\/#organization\"},\"potentialAction\":[{\"@type\":\"SearchAction\",\"target\":{\"@type\":\"EntryPoint\",\"urlTemplate\":\"https:\/\/crete-tours.com\/?s={search_term_string}\"},\"query-input\":\"required name=search_term_string\"}],\"inLanguage\":\"it-IT\"},{\"@type\":\"Organization\",\"@id\":\"https:\/\/crete-tours.com\/#organization\",\"name\":\"Rent A Green Car\",\"url\":\"https:\/\/crete-tours.com\/\",\"logo\":{\"@type\":\"ImageObject\",\"inLanguage\":\"it-IT\",\"@id\":\"https:\/\/crete-tours.com\/#\/schema\/logo\/image\/\",\"url\":\"https:\/\/crete-tours.com\/wp-content\/uploads\/2021\/04\/logo.png\",\"contentUrl\":\"https:\/\/crete-tours.com\/wp-content\/uploads\/2021\/04\/logo.png\",\"width\":799,\"height\":189,\"caption\":\"Rent A Green Car\"},\"image\":{\"@id\":\"https:\/\/crete-tours.com\/#\/schema\/logo\/image\/\"}}]}<\/script>\n<!-- \/ Yoast SEO plugin. -->","yoast_head_json":{"title":"Chrissi - \u0395\u03ba\u03b4\u03c1\u03bf\u03bc\u03ad\u03c2 \u03c3\u03c4\u03b7\u03bd \u039a\u03c1\u03ae\u03c4\u03b7","robots":{"index":"index","follow":"follow","max-snippet":"max-snippet:-1","max-image-preview":"max-image-preview:large","max-video-preview":"max-video-preview:-1"},"canonical":"https:\/\/crete-tours.com\/it\/product\/chrissi-island\/","og_locale":"it_IT","og_type":"article","og_title":"Chrissi - \u0395\u03ba\u03b4\u03c1\u03bf\u03bc\u03ad\u03c2 \u03c3\u03c4\u03b7\u03bd \u039a\u03c1\u03ae\u03c4\u03b7","og_description":"Sei pronto a vivere un'avventura?  Vuoi sentirti, per un po', come un moderno naufragio, arenato su un'isola deserta? Allora vieni all'isola di Chrissi!","og_url":"https:\/\/crete-tours.com\/it\/product\/chrissi-island\/","og_site_name":"\u0395\u03ba\u03b4\u03c1\u03bf\u03bc\u03ad\u03c2 \u03c3\u03c4\u03b7\u03bd \u039a\u03c1\u03ae\u03c4\u03b7","article_modified_time":"2023-08-31T07:33:29+00:00","og_image":[{"width":1080,"height":675,"url":"https:\/\/crete-tours.com\/wp-content\/uploads\/2021\/06\/panoramic-chrissi-island.jpg","type":"image\/jpeg"}],"twitter_card":"summary_large_image","twitter_misc":{"Tempo di lettura stimato":"1 minuto"},"schema":{"@context":"https:\/\/schema.org","@graph":[{"@type":"WebPage","@id":"https:\/\/crete-tours.com\/it\/product\/chrissi-island\/","url":"https:\/\/crete-tours.com\/it\/product\/chrissi-island\/","name":"Chrissi - \u0395\u03ba\u03b4\u03c1\u03bf\u03bc\u03ad\u03c2 \u03c3\u03c4\u03b7\u03bd \u039a\u03c1\u03ae\u03c4\u03b7","isPartOf":{"@id":"https:\/\/crete-tours.com\/#website"},"primaryImageOfPage":{"@id":"https:\/\/crete-tours.com\/it\/product\/chrissi-island\/#primaryimage"},"image":{"@id":"https:\/\/crete-tours.com\/it\/product\/chrissi-island\/#primaryimage"},"thumbnailUrl":"https:\/\/crete-tours.com\/wp-content\/uploads\/2021\/06\/panoramic-chrissi-island.jpg","datePublished":"2021-06-18T09:43:57+00:00","dateModified":"2023-08-31T07:33:29+00:00","breadcrumb":{"@id":"https:\/\/crete-tours.com\/it\/product\/chrissi-island\/#breadcrumb"},"inLanguage":"it-IT","potentialAction":[{"@type":"ReadAction","target":["https:\/\/crete-tours.com\/it\/product\/chrissi-island\/"]}]},{"@type":"ImageObject","inLanguage":"it-IT","@id":"https:\/\/crete-tours.com\/it\/product\/chrissi-island\/#primaryimage","url":"https:\/\/crete-tours.com\/wp-content\/uploads\/2021\/06\/panoramic-chrissi-island.jpg","contentUrl":"https:\/\/crete-tours.com\/wp-content\/uploads\/2021\/06\/panoramic-chrissi-island.jpg","width":1080,"height":675,"caption":"panoramic chrissi island"},{"@type":"BreadcrumbList","@id":"https:\/\/crete-tours.com\/it\/product\/chrissi-island\/#breadcrumb","itemListElement":[{"@type":"ListItem","position":1,"name":"Casa","item":"https:\/\/crete-tours.com\/it\/"},{"@type":"ListItem","position":2,"name":"Products","item":"https:\/\/crete-tours.com\/el\/shop\/"},{"@type":"ListItem","position":3,"name":"Chrissi"}]},{"@type":"WebSite","@id":"https:\/\/crete-tours.com\/#website","url":"https:\/\/crete-tours.com\/","name":"\u0395\u03ba\u03b4\u03c1\u03bf\u03bc\u03ad\u03c2 \u03c3\u03c4\u03b7\u03bd \u039a\u03c1\u03ae\u03c4\u03b7","description":"Best Way Travel","publisher":{"@id":"https:\/\/crete-tours.com\/#organization"},"potentialAction":[{"@type":"SearchAction","target":{"@type":"EntryPoint","urlTemplate":"https:\/\/crete-tours.com\/?s={search_term_string}"},"query-input":"required name=search_term_string"}],"inLanguage":"it-IT"},{"@type":"Organization","@id":"https:\/\/crete-tours.com\/#organization","name":"Rent A Green Car","url":"https:\/\/crete-tours.com\/","logo":{"@type":"ImageObject","inLanguage":"it-IT","@id":"https:\/\/crete-tours.com\/#\/schema\/logo\/image\/","url":"https:\/\/crete-tours.com\/wp-content\/uploads\/2021\/04\/logo.png","contentUrl":"https:\/\/crete-tours.com\/wp-content\/uploads\/2021\/04\/logo.png","width":799,"height":189,"caption":"Rent A Green Car"},"image":{"@id":"https:\/\/crete-tours.com\/#\/schema\/logo\/image\/"}}]}},"_links":{"self":[{"href":"https:\/\/crete-tours.com\/it\/wp-json\/wp\/v2\/product\/6165"}],"collection":[{"href":"https:\/\/crete-tours.com\/it\/wp-json\/wp\/v2\/product"}],"about":[{"href":"https:\/\/crete-tours.com\/it\/wp-json\/wp\/v2\/types\/product"}],"replies":[{"embeddable":true,"href":"https:\/\/crete-tours.com\/it\/wp-json\/wp\/v2\/comments?post=6165"}],"wp:featuredmedia":[{"embeddable":true,"href":"https:\/\/crete-tours.com\/it\/wp-json\/wp\/v2\/media\/6167"}],"wp:attachment":[{"href":"https:\/\/crete-tours.com\/it\/wp-json\/wp\/v2\/media?parent=6165"}],"wp:term":[{"taxonomy":"product_cat","embeddable":true,"href":"https:\/\/crete-tours.com\/it\/wp-json\/wp\/v2\/product_cat?post=6165"},{"taxonomy":"product_tag","embeddable":true,"href":"https:\/\/crete-tours.com\/it\/wp-json\/wp\/v2\/product_tag?post=6165"}],"curies":[{"name":"wp","href":"https:\/\/api.w.org\/{rel}","templated":true}]}}