{"id":6085,"date":"2021-06-18T09:30:09","date_gmt":"2021-06-18T09:30:09","guid":{"rendered":"https:\/\/crete-tours.com\/product\/gramvousa-balos\/"},"modified":"2024-04-17T10:09:56","modified_gmt":"2024-04-17T10:09:56","slug":"gramvousa-balos","status":"publish","type":"product","link":"https:\/\/crete-tours.com\/it\/product\/gramvousa-balos\/","title":{"rendered":"Gramvousa \u2013 Balos"},"content":{"rendered":"<p>Un&#8217;escursione squisita \u00e8 quella a <strong>Gramvousa e Balos<\/strong>. Guidando verso ovest dell&#8217;isola, facciamo la nostra prima tappa vicino a <strong>Rethimnon<\/strong>, dove abbiamo del tempo per un caff\u00e8 o per la colazione. Poi ci dirigiamo verso <strong>Kissamos<\/strong>, dove partiamo per il nostro viaggio .La prima cosa che ammiriamo \u00e8 una vasta grotta &#8211; molto probabilmente un antico cantiere navale-, le tartarughe marine e i delfini. Assistiamo anche ad un fenomeno geologico impressionante: il simultaneo sollevamento e affondamento dei due lati dell&#8217;isola, dove il suo lato occidentale sorge fino a 6-9 metri sopra il livello del mare. Sbarchiamo all&#8217;isola di Gramvousa, che \u00e8 anche conosciuta come &#8220;l&#8217;isola dei pirati&#8221;, poich\u00e9 era un nascondiglio per i ribelli dell&#8217;isola, dove veniamo immediatamente spazzati via lontano dalla bellezza naturale del luogo!<\/p>\n<p>L&#8217;area pi\u00f9 ampia di <strong>Gramvousa<\/strong> costituisce uno degli idro-biotopi pi\u00f9 significativi del Mediterraneo orientale, poich\u00e9 qui possiamo incontrare oltre 100 specie di uccelli e 400 specie di piante. Dopo la nostra esplorazione dell&#8217;area, abbiamo tutto il tempo per goderci la nostra nuotata a la splendida spiaggia dai colori meravigliosi, scatta qualche scatto al famoso naufragio dell&#8217;isola o pranza a bordo (opzionale).<\/p>\n<p>Nel primo pomeriggio, ci dirigiamo verso la laguna di <strong>Balos<\/strong>, uno dei luoghi pi\u00f9 belli della Grecia. La vista della laguna \u00e8 davvero mozzafiato e ci ricorda le spiagge esotiche dei Caraibi. Queste poche ore di solitudine in un paradiso cos\u00ec rester\u00e0 sicuramente impresso nella nostra memoria per sempre.<\/p>\n","protected":false},"excerpt":{"rendered":"<p>Un&#8217;escursione squisita \u00e8 quella a Gramvousa e Balos.<\/p>\n<p>HIGHLIGHTS DEL TOUR<\/p>\n<p>Porto di <strong>Kissamos<\/strong> o \u201cKavonissi\u201d<br \/>\n<strong>Gramvousa<\/strong> \u2013 l&#8217;isola dei pirati con il suo castello veneziano<br \/>\n<strong>Balos<\/strong> \u2013 la magnifica spiaggia della \u201claguna blu\u201d luogo d&#8217;incontro dei tre mari<\/p>\n","protected":false},"featured_media":6087,"comment_status":"closed","ping_status":"closed","template":"","meta":{"site-sidebar-layout":"default","site-content-layout":"default","ast-site-content-layout":"default","site-content-style":"default","site-sidebar-style":"default","ast-global-header-display":"","ast-banner-title-visibility":"","ast-main-header-display":"","ast-hfb-above-header-display":"","ast-hfb-below-header-display":"","ast-hfb-mobile-header-display":"","site-post-title":"","ast-breadcrumbs-content":"","ast-featured-img":"","footer-sml-layout":"","theme-transparent-header-meta":"default","adv-header-id-meta":"5369","stick-header-meta":"default","header-above-stick-meta":"","header-main-stick-meta":"","header-below-stick-meta":"","astra-migrate-meta-layouts":"default","ast-page-background-enabled":"default","ast-page-background-meta":{"desktop":{"background-color":"","background-image":"","background-repeat":"repeat","background-position":"center center","background-size":"auto","background-attachment":"scroll","background-type":"","background-media":"","overlay-type":"","overlay-color":"","overlay-gradient":""},"tablet":{"background-color":"","background-image":"","background-repeat":"repeat","background-position":"center center","background-size":"auto","background-attachment":"scroll","background-type":"","background-media":"","overlay-type":"","overlay-color":"","overlay-gradient":""},"mobile":{"background-color":"","background-image":"","background-repeat":"repeat","background-position":"center center","background-size":"auto","background-attachment":"scroll","background-type":"","background-media":"","overlay-type":"","overlay-color":"","overlay-gradient":""}},"ast-content-background-meta":{"desktop":{"background-color":"var(--ast-global-color-5)","background-image":"","background-repeat":"repeat","background-position":"center center","background-size":"auto","background-attachment":"scroll","background-type":"","background-media":"","overlay-type":"","overlay-color":"","overlay-gradient":""},"tablet":{"background-color":"var(--ast-global-color-5)","background-image":"","background-repeat":"repeat","background-position":"center center","background-size":"auto","background-attachment":"scroll","background-type":"","background-media":"","overlay-type":"","overlay-color":"","overlay-gradient":""},"mobile":{"background-color":"var(--ast-global-color-5)","background-image":"","background-repeat":"repeat","background-position":"center center","background-size":"auto","background-attachment":"scroll","background-type":"","background-media":"","overlay-type":"","overlay-color":"","overlay-gradient":""}}},"product_cat":[62],"product_tag":[],"yoast_head":"<!-- This site is optimized with the Yoast SEO plugin v22.5 - https:\/\/yoast.com\/wordpress\/plugins\/seo\/ -->\n<title>Gramvousa \u2013 Balos - \u0395\u03ba\u03b4\u03c1\u03bf\u03bc\u03ad\u03c2 \u03c3\u03c4\u03b7\u03bd \u039a\u03c1\u03ae\u03c4\u03b7<\/title>\n<meta name=\"robots\" content=\"index, follow, max-snippet:-1, max-image-preview:large, max-video-preview:-1\" \/>\n<link rel=\"canonical\" href=\"https:\/\/crete-tours.com\/it\/product\/gramvousa-balos\/\" \/>\n<meta property=\"og:locale\" content=\"it_IT\" \/>\n<meta property=\"og:type\" content=\"article\" \/>\n<meta property=\"og:title\" content=\"Gramvousa \u2013 Balos - \u0395\u03ba\u03b4\u03c1\u03bf\u03bc\u03ad\u03c2 \u03c3\u03c4\u03b7\u03bd \u039a\u03c1\u03ae\u03c4\u03b7\" \/>\n<meta property=\"og:description\" content=\"Un&#039;escursione squisita \u00e8 quella a Gramvousa e Balos.  HIGHLIGHTS DEL TOUR  Porto di Kissamos o \u201cKavonissi\u201d Gramvousa \u2013 l&#039;isola dei pirati con il suo castello veneziano Balos \u2013 la magnifica spiaggia della \u201claguna blu\u201d luogo d&#039;incontro dei tre mari\" \/>\n<meta property=\"og:url\" content=\"https:\/\/crete-tours.com\/it\/product\/gramvousa-balos\/\" \/>\n<meta property=\"og:site_name\" content=\"\u0395\u03ba\u03b4\u03c1\u03bf\u03bc\u03ad\u03c2 \u03c3\u03c4\u03b7\u03bd \u039a\u03c1\u03ae\u03c4\u03b7\" \/>\n<meta property=\"article:modified_time\" content=\"2024-04-17T10:09:56+00:00\" \/>\n<meta property=\"og:image\" content=\"https:\/\/crete-tours.com\/wp-content\/uploads\/2021\/06\/Balos-sunset.jpg\" \/>\n\t<meta property=\"og:image:width\" content=\"1500\" \/>\n\t<meta property=\"og:image:height\" content=\"1000\" \/>\n\t<meta property=\"og:image:type\" content=\"image\/jpeg\" \/>\n<meta name=\"twitter:card\" content=\"summary_large_image\" \/>\n<meta name=\"twitter:label1\" content=\"Tempo di lettura stimato\" \/>\n\t<meta name=\"twitter:data1\" content=\"2 minuti\" \/>\n<script type=\"application\/ld+json\" class=\"yoast-schema-graph\">{\"@context\":\"https:\/\/schema.org\",\"@graph\":[{\"@type\":\"WebPage\",\"@id\":\"https:\/\/crete-tours.com\/it\/product\/gramvousa-balos\/\",\"url\":\"https:\/\/crete-tours.com\/it\/product\/gramvousa-balos\/\",\"name\":\"Gramvousa \u2013 Balos - \u0395\u03ba\u03b4\u03c1\u03bf\u03bc\u03ad\u03c2 \u03c3\u03c4\u03b7\u03bd \u039a\u03c1\u03ae\u03c4\u03b7\",\"isPartOf\":{\"@id\":\"https:\/\/crete-tours.com\/#website\"},\"primaryImageOfPage\":{\"@id\":\"https:\/\/crete-tours.com\/it\/product\/gramvousa-balos\/#primaryimage\"},\"image\":{\"@id\":\"https:\/\/crete-tours.com\/it\/product\/gramvousa-balos\/#primaryimage\"},\"thumbnailUrl\":\"https:\/\/crete-tours.com\/wp-content\/uploads\/2021\/06\/Balos-sunset.jpg\",\"datePublished\":\"2021-06-18T09:30:09+00:00\",\"dateModified\":\"2024-04-17T10:09:56+00:00\",\"breadcrumb\":{\"@id\":\"https:\/\/crete-tours.com\/it\/product\/gramvousa-balos\/#breadcrumb\"},\"inLanguage\":\"it-IT\",\"potentialAction\":[{\"@type\":\"ReadAction\",\"target\":[\"https:\/\/crete-tours.com\/it\/product\/gramvousa-balos\/\"]}]},{\"@type\":\"ImageObject\",\"inLanguage\":\"it-IT\",\"@id\":\"https:\/\/crete-tours.com\/it\/product\/gramvousa-balos\/#primaryimage\",\"url\":\"https:\/\/crete-tours.com\/wp-content\/uploads\/2021\/06\/Balos-sunset.jpg\",\"contentUrl\":\"https:\/\/crete-tours.com\/wp-content\/uploads\/2021\/06\/Balos-sunset.jpg\",\"width\":1500,\"height\":1000,\"caption\":\"Gramvousa - Balos an Exquisite Crete Tour\"},{\"@type\":\"BreadcrumbList\",\"@id\":\"https:\/\/crete-tours.com\/it\/product\/gramvousa-balos\/#breadcrumb\",\"itemListElement\":[{\"@type\":\"ListItem\",\"position\":1,\"name\":\"Casa\",\"item\":\"https:\/\/crete-tours.com\/it\/\"},{\"@type\":\"ListItem\",\"position\":2,\"name\":\"Products\",\"item\":\"https:\/\/crete-tours.com\/el\/shop\/\"},{\"@type\":\"ListItem\",\"position\":3,\"name\":\"Gramvousa \u2013 Balos\"}]},{\"@type\":\"WebSite\",\"@id\":\"https:\/\/crete-tours.com\/#website\",\"url\":\"https:\/\/crete-tours.com\/\",\"name\":\"\u0395\u03ba\u03b4\u03c1\u03bf\u03bc\u03ad\u03c2 \u03c3\u03c4\u03b7\u03bd \u039a\u03c1\u03ae\u03c4\u03b7\",\"description\":\"Best Way Travel\",\"publisher\":{\"@id\":\"https:\/\/crete-tours.com\/#organization\"},\"potentialAction\":[{\"@type\":\"SearchAction\",\"target\":{\"@type\":\"EntryPoint\",\"urlTemplate\":\"https:\/\/crete-tours.com\/?s={search_term_string}\"},\"query-input\":\"required name=search_term_string\"}],\"inLanguage\":\"it-IT\"},{\"@type\":\"Organization\",\"@id\":\"https:\/\/crete-tours.com\/#organization\",\"name\":\"Rent A Green Car\",\"url\":\"https:\/\/crete-tours.com\/\",\"logo\":{\"@type\":\"ImageObject\",\"inLanguage\":\"it-IT\",\"@id\":\"https:\/\/crete-tours.com\/#\/schema\/logo\/image\/\",\"url\":\"https:\/\/crete-tours.com\/wp-content\/uploads\/2021\/04\/logo.png\",\"contentUrl\":\"https:\/\/crete-tours.com\/wp-content\/uploads\/2021\/04\/logo.png\",\"width\":799,\"height\":189,\"caption\":\"Rent A Green Car\"},\"image\":{\"@id\":\"https:\/\/crete-tours.com\/#\/schema\/logo\/image\/\"}}]}<\/script>\n<!-- \/ Yoast SEO plugin. -->","yoast_head_json":{"title":"Gramvousa \u2013 Balos - \u0395\u03ba\u03b4\u03c1\u03bf\u03bc\u03ad\u03c2 \u03c3\u03c4\u03b7\u03bd \u039a\u03c1\u03ae\u03c4\u03b7","robots":{"index":"index","follow":"follow","max-snippet":"max-snippet:-1","max-image-preview":"max-image-preview:large","max-video-preview":"max-video-preview:-1"},"canonical":"https:\/\/crete-tours.com\/it\/product\/gramvousa-balos\/","og_locale":"it_IT","og_type":"article","og_title":"Gramvousa \u2013 Balos - \u0395\u03ba\u03b4\u03c1\u03bf\u03bc\u03ad\u03c2 \u03c3\u03c4\u03b7\u03bd \u039a\u03c1\u03ae\u03c4\u03b7","og_description":"Un'escursione squisita \u00e8 quella a Gramvousa e Balos.  HIGHLIGHTS DEL TOUR  Porto di Kissamos o \u201cKavonissi\u201d Gramvousa \u2013 l'isola dei pirati con il suo castello veneziano Balos \u2013 la magnifica spiaggia della \u201claguna blu\u201d luogo d'incontro dei tre mari","og_url":"https:\/\/crete-tours.com\/it\/product\/gramvousa-balos\/","og_site_name":"\u0395\u03ba\u03b4\u03c1\u03bf\u03bc\u03ad\u03c2 \u03c3\u03c4\u03b7\u03bd \u039a\u03c1\u03ae\u03c4\u03b7","article_modified_time":"2024-04-17T10:09:56+00:00","og_image":[{"width":1500,"height":1000,"url":"https:\/\/crete-tours.com\/wp-content\/uploads\/2021\/06\/Balos-sunset.jpg","type":"image\/jpeg"}],"twitter_card":"summary_large_image","twitter_misc":{"Tempo di lettura stimato":"2 minuti"},"schema":{"@context":"https:\/\/schema.org","@graph":[{"@type":"WebPage","@id":"https:\/\/crete-tours.com\/it\/product\/gramvousa-balos\/","url":"https:\/\/crete-tours.com\/it\/product\/gramvousa-balos\/","name":"Gramvousa \u2013 Balos - \u0395\u03ba\u03b4\u03c1\u03bf\u03bc\u03ad\u03c2 \u03c3\u03c4\u03b7\u03bd \u039a\u03c1\u03ae\u03c4\u03b7","isPartOf":{"@id":"https:\/\/crete-tours.com\/#website"},"primaryImageOfPage":{"@id":"https:\/\/crete-tours.com\/it\/product\/gramvousa-balos\/#primaryimage"},"image":{"@id":"https:\/\/crete-tours.com\/it\/product\/gramvousa-balos\/#primaryimage"},"thumbnailUrl":"https:\/\/crete-tours.com\/wp-content\/uploads\/2021\/06\/Balos-sunset.jpg","datePublished":"2021-06-18T09:30:09+00:00","dateModified":"2024-04-17T10:09:56+00:00","breadcrumb":{"@id":"https:\/\/crete-tours.com\/it\/product\/gramvousa-balos\/#breadcrumb"},"inLanguage":"it-IT","potentialAction":[{"@type":"ReadAction","target":["https:\/\/crete-tours.com\/it\/product\/gramvousa-balos\/"]}]},{"@type":"ImageObject","inLanguage":"it-IT","@id":"https:\/\/crete-tours.com\/it\/product\/gramvousa-balos\/#primaryimage","url":"https:\/\/crete-tours.com\/wp-content\/uploads\/2021\/06\/Balos-sunset.jpg","contentUrl":"https:\/\/crete-tours.com\/wp-content\/uploads\/2021\/06\/Balos-sunset.jpg","width":1500,"height":1000,"caption":"Gramvousa - Balos an Exquisite Crete Tour"},{"@type":"BreadcrumbList","@id":"https:\/\/crete-tours.com\/it\/product\/gramvousa-balos\/#breadcrumb","itemListElement":[{"@type":"ListItem","position":1,"name":"Casa","item":"https:\/\/crete-tours.com\/it\/"},{"@type":"ListItem","position":2,"name":"Products","item":"https:\/\/crete-tours.com\/el\/shop\/"},{"@type":"ListItem","position":3,"name":"Gramvousa \u2013 Balos"}]},{"@type":"WebSite","@id":"https:\/\/crete-tours.com\/#website","url":"https:\/\/crete-tours.com\/","name":"\u0395\u03ba\u03b4\u03c1\u03bf\u03bc\u03ad\u03c2 \u03c3\u03c4\u03b7\u03bd \u039a\u03c1\u03ae\u03c4\u03b7","description":"Best Way Travel","publisher":{"@id":"https:\/\/crete-tours.com\/#organization"},"potentialAction":[{"@type":"SearchAction","target":{"@type":"EntryPoint","urlTemplate":"https:\/\/crete-tours.com\/?s={search_term_string}"},"query-input":"required name=search_term_string"}],"inLanguage":"it-IT"},{"@type":"Organization","@id":"https:\/\/crete-tours.com\/#organization","name":"Rent A Green Car","url":"https:\/\/crete-tours.com\/","logo":{"@type":"ImageObject","inLanguage":"it-IT","@id":"https:\/\/crete-tours.com\/#\/schema\/logo\/image\/","url":"https:\/\/crete-tours.com\/wp-content\/uploads\/2021\/04\/logo.png","contentUrl":"https:\/\/crete-tours.com\/wp-content\/uploads\/2021\/04\/logo.png","width":799,"height":189,"caption":"Rent A Green Car"},"image":{"@id":"https:\/\/crete-tours.com\/#\/schema\/logo\/image\/"}}]}},"_links":{"self":[{"href":"https:\/\/crete-tours.com\/it\/wp-json\/wp\/v2\/product\/6085"}],"collection":[{"href":"https:\/\/crete-tours.com\/it\/wp-json\/wp\/v2\/product"}],"about":[{"href":"https:\/\/crete-tours.com\/it\/wp-json\/wp\/v2\/types\/product"}],"replies":[{"embeddable":true,"href":"https:\/\/crete-tours.com\/it\/wp-json\/wp\/v2\/comments?post=6085"}],"wp:featuredmedia":[{"embeddable":true,"href":"https:\/\/crete-tours.com\/it\/wp-json\/wp\/v2\/media\/6087"}],"wp:attachment":[{"href":"https:\/\/crete-tours.com\/it\/wp-json\/wp\/v2\/media?parent=6085"}],"wp:term":[{"taxonomy":"product_cat","embeddable":true,"href":"https:\/\/crete-tours.com\/it\/wp-json\/wp\/v2\/product_cat?post=6085"},{"taxonomy":"product_tag","embeddable":true,"href":"https:\/\/crete-tours.com\/it\/wp-json\/wp\/v2\/product_tag?post=6085"}],"curies":[{"name":"wp","href":"https:\/\/api.w.org\/{rel}","templated":true}]}}