{"id":6689,"date":"2021-06-18T16:21:45","date_gmt":"2021-06-18T16:21:45","guid":{"rendered":"https:\/\/crete-tours.com\/product\/santorini-2-days-excursion\/"},"modified":"2024-04-18T08:38:52","modified_gmt":"2024-04-18T08:38:52","slug":"santorini-2-days-excursion","status":"publish","type":"product","link":"https:\/\/crete-tours.com\/fr\/product\/santorini-2-days-excursion\/","title":{"rendered":"Santorin \u2013 Excursion de 2 jours"},"content":{"rendered":"<p>L&rsquo;horaire du navire qui sera utilis\u00e9 lors de l&rsquo;excursion est le suivant :<\/p>\n<p>\u00c0 votre arriv\u00e9e au port : Le guide vous attendra sur le quai, avec un panneau en relief indiquant le num\u00e9ro du bus dans lequel vous monterez \u00e0 bord. Lors de l&#8217;embarquement, nous vous fournirons une brochure informative. La brochure comprendra un programme d\u00e9taill\u00e9 de l&rsquo;excursion et une carte avec votre num\u00e9ro de bus d&#8217;embarquement pour le voyage \u00e0 Santorin dans votre langue.<\/p>\n<p><strong>Ce qui est inclus:<\/strong><\/p>\n<ul>\n<li><strong>08h00 :<\/strong> D\u00e9part d&rsquo;H\u00e9raklion en direction de Santorin<\/li>\n<li><strong>09h50<\/strong> : Arriv\u00e9e \u00e0 Santorin<\/li>\n<\/ul>\n<p><strong>Premier jour:<\/strong><\/p>\n<p>Excursion \u00e0 Oia \u2013 Fira : Le meilleur d\u00e9part est d&rsquo;Athinios et est escort\u00e9 par des quides qui fourniront des informations sur l&rsquo;\u00eele et son histoire. Visite \u00e0 :<\/p>\n<p>OIA : Temps libre pour admirer les anciens manoirs n\u00e9o-classiques ainsi que les maisons taill\u00e9es dans la roche, les aires artificielles qui semblent pendre au bord du pr\u00e9cipice. Sans aucun doute Oia est le village le plus graphique de l&rsquo;\u00eele avec une vue fantastique , des rues \u00e9troites et de merveilleuses demeures.<\/p>\n<p>FIRA : Temps libre pour visiter la capitale, faire du shopping ou prendre un verre avec une vue plongeante sur la Caldera.<\/p>\n<p><strong>Deuxi\u00e8me jour:<\/strong><\/p>\n<p>Les voyageurs ont du temps libre pour explorer l&rsquo;\u00eele de Santorin par eux-m\u00eames. Le transfert de l&rsquo;h\u00f4tel au port est inclus dans le prix.<\/p>\n<ul>\n<li>16h00 D\u00e9part de Santorin en direction de la Cr\u00e8te<\/li>\n<li>17h45 Arriv\u00e9e \u00e0 H\u00e9raklion<\/li>\n<\/ul>\n","protected":false},"excerpt":{"rendered":"<p>Le voyage le plus populaire, le voyage de Santorin est l\u00e0 et vous attend !<\/p>\n<p><img decoding=\"async\" class=\"alignnone wp-image-1620\" src=\"https:\/\/bestwaytravel.gr\/wp-content\/uploads\/2018\/01\/images-2-2-300x99.png\" sizes=\"(max-width: 125px) 100vw, 125px\" srcset=\"https:\/\/bestwaytravel.gr\/wp-content\/uploads\/2018\/01\/images-2-2-300x99.png 300w, https:\/\/bestwaytravel.gr\/wp-content\/uploads\/2018\/01\/images-2-2-20x7.png 20w, https:\/\/bestwaytravel.gr\/wp-content\/uploads\/2018\/01\/images-2-2.png 389w\" alt=\"\" width=\"125\" height=\"41\" \/><\/p>\n<p>H\u00e9raklion \u2013 Santorin : 08h00-09h45 &amp; Santorin \u2013 H\u00e9raklion : 16h00 \u2013 17h50<\/p>\n<p>&nbsp;<\/p>\n","protected":false},"featured_media":6691,"comment_status":"closed","ping_status":"closed","template":"","meta":{"site-sidebar-layout":"left-sidebar","site-content-layout":"default","ast-site-content-layout":"default","site-content-style":"default","site-sidebar-style":"default","ast-global-header-display":"","ast-banner-title-visibility":"","ast-main-header-display":"","ast-hfb-above-header-display":"","ast-hfb-below-header-display":"","ast-hfb-mobile-header-display":"","site-post-title":"","ast-breadcrumbs-content":"","ast-featured-img":"","footer-sml-layout":"","theme-transparent-header-meta":"default","adv-header-id-meta":"5369","stick-header-meta":"default","header-above-stick-meta":"","header-main-stick-meta":"","header-below-stick-meta":"","astra-migrate-meta-layouts":"default","ast-page-background-enabled":"default","ast-page-background-meta":{"desktop":{"background-color":"","background-image":"","background-repeat":"repeat","background-position":"center center","background-size":"auto","background-attachment":"scroll","background-type":"","background-media":"","overlay-type":"","overlay-color":"","overlay-gradient":""},"tablet":{"background-color":"","background-image":"","background-repeat":"repeat","background-position":"center center","background-size":"auto","background-attachment":"scroll","background-type":"","background-media":"","overlay-type":"","overlay-color":"","overlay-gradient":""},"mobile":{"background-color":"","background-image":"","background-repeat":"repeat","background-position":"center center","background-size":"auto","background-attachment":"scroll","background-type":"","background-media":"","overlay-type":"","overlay-color":"","overlay-gradient":""}},"ast-content-background-meta":{"desktop":{"background-color":"var(--ast-global-color-5)","background-image":"","background-repeat":"repeat","background-position":"center center","background-size":"auto","background-attachment":"scroll","background-type":"","background-media":"","overlay-type":"","overlay-color":"","overlay-gradient":""},"tablet":{"background-color":"var(--ast-global-color-5)","background-image":"","background-repeat":"repeat","background-position":"center center","background-size":"auto","background-attachment":"scroll","background-type":"","background-media":"","overlay-type":"","overlay-color":"","overlay-gradient":""},"mobile":{"background-color":"var(--ast-global-color-5)","background-image":"","background-repeat":"repeat","background-position":"center center","background-size":"auto","background-attachment":"scroll","background-type":"","background-media":"","overlay-type":"","overlay-color":"","overlay-gradient":""}}},"product_cat":[67],"product_tag":[],"yoast_head":"<!-- This site is optimized with the Yoast SEO plugin v22.5 - https:\/\/yoast.com\/wordpress\/plugins\/seo\/ -->\n<title>Santorin \u2013 Excursion de 2 jours - \u0395\u03ba\u03b4\u03c1\u03bf\u03bc\u03ad\u03c2 \u03c3\u03c4\u03b7\u03bd \u039a\u03c1\u03ae\u03c4\u03b7<\/title>\n<meta name=\"robots\" content=\"index, follow, max-snippet:-1, max-image-preview:large, max-video-preview:-1\" \/>\n<link rel=\"canonical\" href=\"https:\/\/crete-tours.com\/fr\/product\/santorini-2-days-excursion\/\" \/>\n<meta property=\"og:locale\" content=\"fr_FR\" \/>\n<meta property=\"og:type\" content=\"article\" \/>\n<meta property=\"og:title\" content=\"Santorin \u2013 Excursion de 2 jours - \u0395\u03ba\u03b4\u03c1\u03bf\u03bc\u03ad\u03c2 \u03c3\u03c4\u03b7\u03bd \u039a\u03c1\u03ae\u03c4\u03b7\" \/>\n<meta property=\"og:description\" content=\"Le voyage le plus populaire, le voyage de Santorin est l\u00e0 et vous attend !    H\u00e9raklion \u2013 Santorin : 08h00-09h45 &amp; Santorin \u2013 H\u00e9raklion : 16h00 \u2013 17h50  &nbsp;\" \/>\n<meta property=\"og:url\" content=\"https:\/\/crete-tours.com\/fr\/product\/santorini-2-days-excursion\/\" \/>\n<meta property=\"og:site_name\" content=\"\u0395\u03ba\u03b4\u03c1\u03bf\u03bc\u03ad\u03c2 \u03c3\u03c4\u03b7\u03bd \u039a\u03c1\u03ae\u03c4\u03b7\" \/>\n<meta property=\"article:modified_time\" content=\"2024-04-18T08:38:52+00:00\" \/>\n<meta property=\"og:image\" content=\"https:\/\/crete-tours.com\/wp-content\/uploads\/2021\/06\/Santorini-1.jpg\" \/>\n\t<meta property=\"og:image:width\" content=\"1500\" \/>\n\t<meta property=\"og:image:height\" content=\"900\" \/>\n\t<meta property=\"og:image:type\" content=\"image\/jpeg\" \/>\n<meta name=\"twitter:card\" content=\"summary_large_image\" \/>\n<meta name=\"twitter:label1\" content=\"Dur\u00e9e de lecture estim\u00e9e\" \/>\n\t<meta name=\"twitter:data1\" content=\"1 minute\" \/>\n<script type=\"application\/ld+json\" class=\"yoast-schema-graph\">{\"@context\":\"https:\/\/schema.org\",\"@graph\":[{\"@type\":\"WebPage\",\"@id\":\"https:\/\/crete-tours.com\/fr\/product\/santorini-2-days-excursion\/\",\"url\":\"https:\/\/crete-tours.com\/fr\/product\/santorini-2-days-excursion\/\",\"name\":\"Santorin \u2013 Excursion de 2 jours - \u0395\u03ba\u03b4\u03c1\u03bf\u03bc\u03ad\u03c2 \u03c3\u03c4\u03b7\u03bd \u039a\u03c1\u03ae\u03c4\u03b7\",\"isPartOf\":{\"@id\":\"https:\/\/crete-tours.com\/#website\"},\"primaryImageOfPage\":{\"@id\":\"https:\/\/crete-tours.com\/fr\/product\/santorini-2-days-excursion\/#primaryimage\"},\"image\":{\"@id\":\"https:\/\/crete-tours.com\/fr\/product\/santorini-2-days-excursion\/#primaryimage\"},\"thumbnailUrl\":\"https:\/\/crete-tours.com\/wp-content\/uploads\/2021\/06\/Santorini-1.jpg\",\"datePublished\":\"2021-06-18T16:21:45+00:00\",\"dateModified\":\"2024-04-18T08:38:52+00:00\",\"breadcrumb\":{\"@id\":\"https:\/\/crete-tours.com\/fr\/product\/santorini-2-days-excursion\/#breadcrumb\"},\"inLanguage\":\"fr-FR\",\"potentialAction\":[{\"@type\":\"ReadAction\",\"target\":[\"https:\/\/crete-tours.com\/fr\/product\/santorini-2-days-excursion\/\"]}]},{\"@type\":\"ImageObject\",\"inLanguage\":\"fr-FR\",\"@id\":\"https:\/\/crete-tours.com\/fr\/product\/santorini-2-days-excursion\/#primaryimage\",\"url\":\"https:\/\/crete-tours.com\/wp-content\/uploads\/2021\/06\/Santorini-1.jpg\",\"contentUrl\":\"https:\/\/crete-tours.com\/wp-content\/uploads\/2021\/06\/Santorini-1.jpg\",\"width\":1500,\"height\":900,\"caption\":\"Santorini 1\"},{\"@type\":\"BreadcrumbList\",\"@id\":\"https:\/\/crete-tours.com\/fr\/product\/santorini-2-days-excursion\/#breadcrumb\",\"itemListElement\":[{\"@type\":\"ListItem\",\"position\":1,\"name\":\"Accueil\",\"item\":\"https:\/\/crete-tours.com\/fr\/\"},{\"@type\":\"ListItem\",\"position\":2,\"name\":\"Products\",\"item\":\"https:\/\/crete-tours.com\/el\/shop\/\"},{\"@type\":\"ListItem\",\"position\":3,\"name\":\"Santorin \u2013 Excursion de 2 jours\"}]},{\"@type\":\"WebSite\",\"@id\":\"https:\/\/crete-tours.com\/#website\",\"url\":\"https:\/\/crete-tours.com\/\",\"name\":\"\u0395\u03ba\u03b4\u03c1\u03bf\u03bc\u03ad\u03c2 \u03c3\u03c4\u03b7\u03bd \u039a\u03c1\u03ae\u03c4\u03b7\",\"description\":\"Best Way Travel\",\"publisher\":{\"@id\":\"https:\/\/crete-tours.com\/#organization\"},\"potentialAction\":[{\"@type\":\"SearchAction\",\"target\":{\"@type\":\"EntryPoint\",\"urlTemplate\":\"https:\/\/crete-tours.com\/?s={search_term_string}\"},\"query-input\":\"required name=search_term_string\"}],\"inLanguage\":\"fr-FR\"},{\"@type\":\"Organization\",\"@id\":\"https:\/\/crete-tours.com\/#organization\",\"name\":\"Rent A Green Car\",\"url\":\"https:\/\/crete-tours.com\/\",\"logo\":{\"@type\":\"ImageObject\",\"inLanguage\":\"fr-FR\",\"@id\":\"https:\/\/crete-tours.com\/#\/schema\/logo\/image\/\",\"url\":\"https:\/\/crete-tours.com\/wp-content\/uploads\/2021\/04\/logo.png\",\"contentUrl\":\"https:\/\/crete-tours.com\/wp-content\/uploads\/2021\/04\/logo.png\",\"width\":799,\"height\":189,\"caption\":\"Rent A Green Car\"},\"image\":{\"@id\":\"https:\/\/crete-tours.com\/#\/schema\/logo\/image\/\"}}]}<\/script>\n<!-- \/ Yoast SEO plugin. -->","yoast_head_json":{"title":"Santorin \u2013 Excursion de 2 jours - \u0395\u03ba\u03b4\u03c1\u03bf\u03bc\u03ad\u03c2 \u03c3\u03c4\u03b7\u03bd \u039a\u03c1\u03ae\u03c4\u03b7","robots":{"index":"index","follow":"follow","max-snippet":"max-snippet:-1","max-image-preview":"max-image-preview:large","max-video-preview":"max-video-preview:-1"},"canonical":"https:\/\/crete-tours.com\/fr\/product\/santorini-2-days-excursion\/","og_locale":"fr_FR","og_type":"article","og_title":"Santorin \u2013 Excursion de 2 jours - \u0395\u03ba\u03b4\u03c1\u03bf\u03bc\u03ad\u03c2 \u03c3\u03c4\u03b7\u03bd \u039a\u03c1\u03ae\u03c4\u03b7","og_description":"Le voyage le plus populaire, le voyage de Santorin est l\u00e0 et vous attend !    H\u00e9raklion \u2013 Santorin : 08h00-09h45 &amp; Santorin \u2013 H\u00e9raklion : 16h00 \u2013 17h50  &nbsp;","og_url":"https:\/\/crete-tours.com\/fr\/product\/santorini-2-days-excursion\/","og_site_name":"\u0395\u03ba\u03b4\u03c1\u03bf\u03bc\u03ad\u03c2 \u03c3\u03c4\u03b7\u03bd \u039a\u03c1\u03ae\u03c4\u03b7","article_modified_time":"2024-04-18T08:38:52+00:00","og_image":[{"width":1500,"height":900,"url":"https:\/\/crete-tours.com\/wp-content\/uploads\/2021\/06\/Santorini-1.jpg","type":"image\/jpeg"}],"twitter_card":"summary_large_image","twitter_misc":{"Dur\u00e9e de lecture estim\u00e9e":"1 minute"},"schema":{"@context":"https:\/\/schema.org","@graph":[{"@type":"WebPage","@id":"https:\/\/crete-tours.com\/fr\/product\/santorini-2-days-excursion\/","url":"https:\/\/crete-tours.com\/fr\/product\/santorini-2-days-excursion\/","name":"Santorin \u2013 Excursion de 2 jours - \u0395\u03ba\u03b4\u03c1\u03bf\u03bc\u03ad\u03c2 \u03c3\u03c4\u03b7\u03bd \u039a\u03c1\u03ae\u03c4\u03b7","isPartOf":{"@id":"https:\/\/crete-tours.com\/#website"},"primaryImageOfPage":{"@id":"https:\/\/crete-tours.com\/fr\/product\/santorini-2-days-excursion\/#primaryimage"},"image":{"@id":"https:\/\/crete-tours.com\/fr\/product\/santorini-2-days-excursion\/#primaryimage"},"thumbnailUrl":"https:\/\/crete-tours.com\/wp-content\/uploads\/2021\/06\/Santorini-1.jpg","datePublished":"2021-06-18T16:21:45+00:00","dateModified":"2024-04-18T08:38:52+00:00","breadcrumb":{"@id":"https:\/\/crete-tours.com\/fr\/product\/santorini-2-days-excursion\/#breadcrumb"},"inLanguage":"fr-FR","potentialAction":[{"@type":"ReadAction","target":["https:\/\/crete-tours.com\/fr\/product\/santorini-2-days-excursion\/"]}]},{"@type":"ImageObject","inLanguage":"fr-FR","@id":"https:\/\/crete-tours.com\/fr\/product\/santorini-2-days-excursion\/#primaryimage","url":"https:\/\/crete-tours.com\/wp-content\/uploads\/2021\/06\/Santorini-1.jpg","contentUrl":"https:\/\/crete-tours.com\/wp-content\/uploads\/2021\/06\/Santorini-1.jpg","width":1500,"height":900,"caption":"Santorini 1"},{"@type":"BreadcrumbList","@id":"https:\/\/crete-tours.com\/fr\/product\/santorini-2-days-excursion\/#breadcrumb","itemListElement":[{"@type":"ListItem","position":1,"name":"Accueil","item":"https:\/\/crete-tours.com\/fr\/"},{"@type":"ListItem","position":2,"name":"Products","item":"https:\/\/crete-tours.com\/el\/shop\/"},{"@type":"ListItem","position":3,"name":"Santorin \u2013 Excursion de 2 jours"}]},{"@type":"WebSite","@id":"https:\/\/crete-tours.com\/#website","url":"https:\/\/crete-tours.com\/","name":"\u0395\u03ba\u03b4\u03c1\u03bf\u03bc\u03ad\u03c2 \u03c3\u03c4\u03b7\u03bd \u039a\u03c1\u03ae\u03c4\u03b7","description":"Best Way Travel","publisher":{"@id":"https:\/\/crete-tours.com\/#organization"},"potentialAction":[{"@type":"SearchAction","target":{"@type":"EntryPoint","urlTemplate":"https:\/\/crete-tours.com\/?s={search_term_string}"},"query-input":"required name=search_term_string"}],"inLanguage":"fr-FR"},{"@type":"Organization","@id":"https:\/\/crete-tours.com\/#organization","name":"Rent A Green Car","url":"https:\/\/crete-tours.com\/","logo":{"@type":"ImageObject","inLanguage":"fr-FR","@id":"https:\/\/crete-tours.com\/#\/schema\/logo\/image\/","url":"https:\/\/crete-tours.com\/wp-content\/uploads\/2021\/04\/logo.png","contentUrl":"https:\/\/crete-tours.com\/wp-content\/uploads\/2021\/04\/logo.png","width":799,"height":189,"caption":"Rent A Green Car"},"image":{"@id":"https:\/\/crete-tours.com\/#\/schema\/logo\/image\/"}}]}},"_links":{"self":[{"href":"https:\/\/crete-tours.com\/fr\/wp-json\/wp\/v2\/product\/6689"}],"collection":[{"href":"https:\/\/crete-tours.com\/fr\/wp-json\/wp\/v2\/product"}],"about":[{"href":"https:\/\/crete-tours.com\/fr\/wp-json\/wp\/v2\/types\/product"}],"replies":[{"embeddable":true,"href":"https:\/\/crete-tours.com\/fr\/wp-json\/wp\/v2\/comments?post=6689"}],"wp:featuredmedia":[{"embeddable":true,"href":"https:\/\/crete-tours.com\/fr\/wp-json\/wp\/v2\/media\/6691"}],"wp:attachment":[{"href":"https:\/\/crete-tours.com\/fr\/wp-json\/wp\/v2\/media?parent=6689"}],"wp:term":[{"taxonomy":"product_cat","embeddable":true,"href":"https:\/\/crete-tours.com\/fr\/wp-json\/wp\/v2\/product_cat?post=6689"},{"taxonomy":"product_tag","embeddable":true,"href":"https:\/\/crete-tours.com\/fr\/wp-json\/wp\/v2\/product_tag?post=6689"}],"curies":[{"name":"wp","href":"https:\/\/api.w.org\/{rel}","templated":true}]}}