{"id":6679,"date":"2021-06-18T16:40:17","date_gmt":"2021-06-18T16:40:17","guid":{"rendered":"https:\/\/crete-tours.com\/product\/dia-island-half-day-trip\/"},"modified":"2023-11-22T09:29:34","modified_gmt":"2023-11-22T09:29:34","slug":"dia-island-half-day-trip","status":"publish","type":"product","link":"https:\/\/crete-tours.com\/fr\/product\/dia-island-half-day-trip\/","title":{"rendered":"Excursion d&rsquo;une demi-journ\u00e9e \u00e0 l&rsquo;\u00eele de Dia"},"content":{"rendered":"<p>Profitez d&rsquo;une exp\u00e9rience de navigation unique dans les eaux bleues profondes de la mer de Cr\u00e8te sous le chaud soleil de l&rsquo;\u00eele de Dia. Ce voyage en voilier est le moyen id\u00e9al pour d\u00e9couvrir l&rsquo;\u00eele sous un autre angle, celui de la mer.<\/p>\n<p>L&rsquo;\u00eele de Dia est une \u00eele inhabit\u00e9e au nord de la Cr\u00e8te, qui a jou\u00e9 un r\u00f4le important dans la navigation pendant l&rsquo;Antiquit\u00e9, en particulier \u00e0 l&rsquo;\u00e9poque minoenne et m\u00e9di\u00e9vale. De nos jours, il reste un lieu vierge qui pr\u00e9serve une beaut\u00e9 naturelle sans pr\u00e9c\u00e9dent.<\/p>\n<p>Notre ferry part du port d&rsquo;H\u00e9raklion \u00e0 9h00 et 16h30 et arrive sur l&rsquo;\u00eele de Dia en une heure. Une fois arriv\u00e9 sur l&rsquo;\u00eele, vous aurez environ 2,5 heures pour admirer sa beaut\u00e9 naturelle et bien s\u00fbr profiter de votre baignade dans les eaux cristallines. Vous aurez \u00e9galement la possibilit\u00e9 d&rsquo;utiliser le mat\u00e9riel de p\u00eache et de snorkeling que nous proposons.<\/p>\n<p>Notre retour au port d&rsquo;H\u00e9raklion se fera respectivement \u00e0 13h30 et \u00e0 21h00.<\/p>\n","protected":false},"excerpt":{"rendered":"<p>Venez avec nous et profitez d&rsquo;une croisi\u00e8re rafra\u00eechissante sur un \u00eelot de mythe et de l\u00e9gende !<\/p>\n","protected":false},"featured_media":6681,"comment_status":"closed","ping_status":"closed","template":"","meta":{"site-sidebar-layout":"default","site-content-layout":"default","ast-site-content-layout":"default","site-content-style":"default","site-sidebar-style":"default","ast-global-header-display":"","ast-banner-title-visibility":"","ast-main-header-display":"","ast-hfb-above-header-display":"","ast-hfb-below-header-display":"","ast-hfb-mobile-header-display":"","site-post-title":"","ast-breadcrumbs-content":"","ast-featured-img":"","footer-sml-layout":"","theme-transparent-header-meta":"default","adv-header-id-meta":"5369","stick-header-meta":"default","header-above-stick-meta":"","header-main-stick-meta":"","header-below-stick-meta":"","astra-migrate-meta-layouts":"default","ast-page-background-enabled":"default","ast-page-background-meta":{"desktop":{"background-color":"","background-image":"","background-repeat":"repeat","background-position":"center center","background-size":"auto","background-attachment":"scroll","background-type":"","background-media":"","overlay-type":"","overlay-color":"","overlay-gradient":""},"tablet":{"background-color":"","background-image":"","background-repeat":"repeat","background-position":"center center","background-size":"auto","background-attachment":"scroll","background-type":"","background-media":"","overlay-type":"","overlay-color":"","overlay-gradient":""},"mobile":{"background-color":"","background-image":"","background-repeat":"repeat","background-position":"center center","background-size":"auto","background-attachment":"scroll","background-type":"","background-media":"","overlay-type":"","overlay-color":"","overlay-gradient":""}},"ast-content-background-meta":{"desktop":{"background-color":"var(--ast-global-color-5)","background-image":"","background-repeat":"repeat","background-position":"center center","background-size":"auto","background-attachment":"scroll","background-type":"","background-media":"","overlay-type":"","overlay-color":"","overlay-gradient":""},"tablet":{"background-color":"var(--ast-global-color-5)","background-image":"","background-repeat":"repeat","background-position":"center center","background-size":"auto","background-attachment":"scroll","background-type":"","background-media":"","overlay-type":"","overlay-color":"","overlay-gradient":""},"mobile":{"background-color":"var(--ast-global-color-5)","background-image":"","background-repeat":"repeat","background-position":"center center","background-size":"auto","background-attachment":"scroll","background-type":"","background-media":"","overlay-type":"","overlay-color":"","overlay-gradient":""}}},"product_cat":[67],"product_tag":[],"yoast_head":"<!-- This site is optimized with the Yoast SEO plugin v22.5 - https:\/\/yoast.com\/wordpress\/plugins\/seo\/ -->\n<title>Excursion d&#039;une demi-journ\u00e9e \u00e0 l&#039;\u00eele de Dia - \u0395\u03ba\u03b4\u03c1\u03bf\u03bc\u03ad\u03c2 \u03c3\u03c4\u03b7\u03bd \u039a\u03c1\u03ae\u03c4\u03b7<\/title>\n<meta name=\"robots\" content=\"index, follow, max-snippet:-1, max-image-preview:large, max-video-preview:-1\" \/>\n<link rel=\"canonical\" href=\"https:\/\/crete-tours.com\/fr\/product\/dia-island-half-day-trip\/\" \/>\n<meta property=\"og:locale\" content=\"fr_FR\" \/>\n<meta property=\"og:type\" content=\"article\" \/>\n<meta property=\"og:title\" content=\"Excursion d&#039;une demi-journ\u00e9e \u00e0 l&#039;\u00eele de Dia - \u0395\u03ba\u03b4\u03c1\u03bf\u03bc\u03ad\u03c2 \u03c3\u03c4\u03b7\u03bd \u039a\u03c1\u03ae\u03c4\u03b7\" \/>\n<meta property=\"og:description\" content=\"Venez avec nous et profitez d&#039;une croisi\u00e8re rafra\u00eechissante sur un \u00eelot de mythe et de l\u00e9gende !\" \/>\n<meta property=\"og:url\" content=\"https:\/\/crete-tours.com\/fr\/product\/dia-island-half-day-trip\/\" \/>\n<meta property=\"og:site_name\" content=\"\u0395\u03ba\u03b4\u03c1\u03bf\u03bc\u03ad\u03c2 \u03c3\u03c4\u03b7\u03bd \u039a\u03c1\u03ae\u03c4\u03b7\" \/>\n<meta property=\"article:modified_time\" content=\"2023-11-22T09:29:34+00:00\" \/>\n<meta property=\"og:image\" content=\"https:\/\/crete-tours.com\/wp-content\/uploads\/2021\/06\/boat-bow-sailing.jpg\" \/>\n\t<meta property=\"og:image:width\" content=\"1255\" \/>\n\t<meta property=\"og:image:height\" content=\"853\" \/>\n\t<meta property=\"og:image:type\" content=\"image\/jpeg\" \/>\n<meta name=\"twitter:card\" content=\"summary_large_image\" \/>\n<meta name=\"twitter:label1\" content=\"Dur\u00e9e de lecture estim\u00e9e\" \/>\n\t<meta name=\"twitter:data1\" content=\"1 minute\" \/>\n<script type=\"application\/ld+json\" class=\"yoast-schema-graph\">{\"@context\":\"https:\/\/schema.org\",\"@graph\":[{\"@type\":\"WebPage\",\"@id\":\"https:\/\/crete-tours.com\/fr\/product\/dia-island-half-day-trip\/\",\"url\":\"https:\/\/crete-tours.com\/fr\/product\/dia-island-half-day-trip\/\",\"name\":\"Excursion d'une demi-journ\u00e9e \u00e0 l'\u00eele de Dia - \u0395\u03ba\u03b4\u03c1\u03bf\u03bc\u03ad\u03c2 \u03c3\u03c4\u03b7\u03bd \u039a\u03c1\u03ae\u03c4\u03b7\",\"isPartOf\":{\"@id\":\"https:\/\/crete-tours.com\/#website\"},\"primaryImageOfPage\":{\"@id\":\"https:\/\/crete-tours.com\/fr\/product\/dia-island-half-day-trip\/#primaryimage\"},\"image\":{\"@id\":\"https:\/\/crete-tours.com\/fr\/product\/dia-island-half-day-trip\/#primaryimage\"},\"thumbnailUrl\":\"https:\/\/crete-tours.com\/wp-content\/uploads\/2021\/06\/boat-bow-sailing.jpg\",\"datePublished\":\"2021-06-18T16:40:17+00:00\",\"dateModified\":\"2023-11-22T09:29:34+00:00\",\"breadcrumb\":{\"@id\":\"https:\/\/crete-tours.com\/fr\/product\/dia-island-half-day-trip\/#breadcrumb\"},\"inLanguage\":\"fr-FR\",\"potentialAction\":[{\"@type\":\"ReadAction\",\"target\":[\"https:\/\/crete-tours.com\/fr\/product\/dia-island-half-day-trip\/\"]}]},{\"@type\":\"ImageObject\",\"inLanguage\":\"fr-FR\",\"@id\":\"https:\/\/crete-tours.com\/fr\/product\/dia-island-half-day-trip\/#primaryimage\",\"url\":\"https:\/\/crete-tours.com\/wp-content\/uploads\/2021\/06\/boat-bow-sailing.jpg\",\"contentUrl\":\"https:\/\/crete-tours.com\/wp-content\/uploads\/2021\/06\/boat-bow-sailing.jpg\",\"width\":1255,\"height\":853,\"caption\":\"boat bow sailing\"},{\"@type\":\"BreadcrumbList\",\"@id\":\"https:\/\/crete-tours.com\/fr\/product\/dia-island-half-day-trip\/#breadcrumb\",\"itemListElement\":[{\"@type\":\"ListItem\",\"position\":1,\"name\":\"Accueil\",\"item\":\"https:\/\/crete-tours.com\/fr\/\"},{\"@type\":\"ListItem\",\"position\":2,\"name\":\"Products\",\"item\":\"https:\/\/crete-tours.com\/el\/shop\/\"},{\"@type\":\"ListItem\",\"position\":3,\"name\":\"Excursion d&#8217;une demi-journ\u00e9e \u00e0 l&#8217;\u00eele de Dia\"}]},{\"@type\":\"WebSite\",\"@id\":\"https:\/\/crete-tours.com\/#website\",\"url\":\"https:\/\/crete-tours.com\/\",\"name\":\"\u0395\u03ba\u03b4\u03c1\u03bf\u03bc\u03ad\u03c2 \u03c3\u03c4\u03b7\u03bd \u039a\u03c1\u03ae\u03c4\u03b7\",\"description\":\"Best Way Travel\",\"publisher\":{\"@id\":\"https:\/\/crete-tours.com\/#organization\"},\"potentialAction\":[{\"@type\":\"SearchAction\",\"target\":{\"@type\":\"EntryPoint\",\"urlTemplate\":\"https:\/\/crete-tours.com\/?s={search_term_string}\"},\"query-input\":\"required name=search_term_string\"}],\"inLanguage\":\"fr-FR\"},{\"@type\":\"Organization\",\"@id\":\"https:\/\/crete-tours.com\/#organization\",\"name\":\"Rent A Green Car\",\"url\":\"https:\/\/crete-tours.com\/\",\"logo\":{\"@type\":\"ImageObject\",\"inLanguage\":\"fr-FR\",\"@id\":\"https:\/\/crete-tours.com\/#\/schema\/logo\/image\/\",\"url\":\"https:\/\/crete-tours.com\/wp-content\/uploads\/2021\/04\/logo.png\",\"contentUrl\":\"https:\/\/crete-tours.com\/wp-content\/uploads\/2021\/04\/logo.png\",\"width\":799,\"height\":189,\"caption\":\"Rent A Green Car\"},\"image\":{\"@id\":\"https:\/\/crete-tours.com\/#\/schema\/logo\/image\/\"}}]}<\/script>\n<!-- \/ Yoast SEO plugin. -->","yoast_head_json":{"title":"Excursion d'une demi-journ\u00e9e \u00e0 l'\u00eele de Dia - \u0395\u03ba\u03b4\u03c1\u03bf\u03bc\u03ad\u03c2 \u03c3\u03c4\u03b7\u03bd \u039a\u03c1\u03ae\u03c4\u03b7","robots":{"index":"index","follow":"follow","max-snippet":"max-snippet:-1","max-image-preview":"max-image-preview:large","max-video-preview":"max-video-preview:-1"},"canonical":"https:\/\/crete-tours.com\/fr\/product\/dia-island-half-day-trip\/","og_locale":"fr_FR","og_type":"article","og_title":"Excursion d'une demi-journ\u00e9e \u00e0 l'\u00eele de Dia - \u0395\u03ba\u03b4\u03c1\u03bf\u03bc\u03ad\u03c2 \u03c3\u03c4\u03b7\u03bd \u039a\u03c1\u03ae\u03c4\u03b7","og_description":"Venez avec nous et profitez d'une croisi\u00e8re rafra\u00eechissante sur un \u00eelot de mythe et de l\u00e9gende !","og_url":"https:\/\/crete-tours.com\/fr\/product\/dia-island-half-day-trip\/","og_site_name":"\u0395\u03ba\u03b4\u03c1\u03bf\u03bc\u03ad\u03c2 \u03c3\u03c4\u03b7\u03bd \u039a\u03c1\u03ae\u03c4\u03b7","article_modified_time":"2023-11-22T09:29:34+00:00","og_image":[{"width":1255,"height":853,"url":"https:\/\/crete-tours.com\/wp-content\/uploads\/2021\/06\/boat-bow-sailing.jpg","type":"image\/jpeg"}],"twitter_card":"summary_large_image","twitter_misc":{"Dur\u00e9e de lecture estim\u00e9e":"1 minute"},"schema":{"@context":"https:\/\/schema.org","@graph":[{"@type":"WebPage","@id":"https:\/\/crete-tours.com\/fr\/product\/dia-island-half-day-trip\/","url":"https:\/\/crete-tours.com\/fr\/product\/dia-island-half-day-trip\/","name":"Excursion d'une demi-journ\u00e9e \u00e0 l'\u00eele de Dia - \u0395\u03ba\u03b4\u03c1\u03bf\u03bc\u03ad\u03c2 \u03c3\u03c4\u03b7\u03bd \u039a\u03c1\u03ae\u03c4\u03b7","isPartOf":{"@id":"https:\/\/crete-tours.com\/#website"},"primaryImageOfPage":{"@id":"https:\/\/crete-tours.com\/fr\/product\/dia-island-half-day-trip\/#primaryimage"},"image":{"@id":"https:\/\/crete-tours.com\/fr\/product\/dia-island-half-day-trip\/#primaryimage"},"thumbnailUrl":"https:\/\/crete-tours.com\/wp-content\/uploads\/2021\/06\/boat-bow-sailing.jpg","datePublished":"2021-06-18T16:40:17+00:00","dateModified":"2023-11-22T09:29:34+00:00","breadcrumb":{"@id":"https:\/\/crete-tours.com\/fr\/product\/dia-island-half-day-trip\/#breadcrumb"},"inLanguage":"fr-FR","potentialAction":[{"@type":"ReadAction","target":["https:\/\/crete-tours.com\/fr\/product\/dia-island-half-day-trip\/"]}]},{"@type":"ImageObject","inLanguage":"fr-FR","@id":"https:\/\/crete-tours.com\/fr\/product\/dia-island-half-day-trip\/#primaryimage","url":"https:\/\/crete-tours.com\/wp-content\/uploads\/2021\/06\/boat-bow-sailing.jpg","contentUrl":"https:\/\/crete-tours.com\/wp-content\/uploads\/2021\/06\/boat-bow-sailing.jpg","width":1255,"height":853,"caption":"boat bow sailing"},{"@type":"BreadcrumbList","@id":"https:\/\/crete-tours.com\/fr\/product\/dia-island-half-day-trip\/#breadcrumb","itemListElement":[{"@type":"ListItem","position":1,"name":"Accueil","item":"https:\/\/crete-tours.com\/fr\/"},{"@type":"ListItem","position":2,"name":"Products","item":"https:\/\/crete-tours.com\/el\/shop\/"},{"@type":"ListItem","position":3,"name":"Excursion d&#8217;une demi-journ\u00e9e \u00e0 l&#8217;\u00eele de Dia"}]},{"@type":"WebSite","@id":"https:\/\/crete-tours.com\/#website","url":"https:\/\/crete-tours.com\/","name":"\u0395\u03ba\u03b4\u03c1\u03bf\u03bc\u03ad\u03c2 \u03c3\u03c4\u03b7\u03bd \u039a\u03c1\u03ae\u03c4\u03b7","description":"Best Way Travel","publisher":{"@id":"https:\/\/crete-tours.com\/#organization"},"potentialAction":[{"@type":"SearchAction","target":{"@type":"EntryPoint","urlTemplate":"https:\/\/crete-tours.com\/?s={search_term_string}"},"query-input":"required name=search_term_string"}],"inLanguage":"fr-FR"},{"@type":"Organization","@id":"https:\/\/crete-tours.com\/#organization","name":"Rent A Green Car","url":"https:\/\/crete-tours.com\/","logo":{"@type":"ImageObject","inLanguage":"fr-FR","@id":"https:\/\/crete-tours.com\/#\/schema\/logo\/image\/","url":"https:\/\/crete-tours.com\/wp-content\/uploads\/2021\/04\/logo.png","contentUrl":"https:\/\/crete-tours.com\/wp-content\/uploads\/2021\/04\/logo.png","width":799,"height":189,"caption":"Rent A Green Car"},"image":{"@id":"https:\/\/crete-tours.com\/#\/schema\/logo\/image\/"}}]}},"_links":{"self":[{"href":"https:\/\/crete-tours.com\/fr\/wp-json\/wp\/v2\/product\/6679"}],"collection":[{"href":"https:\/\/crete-tours.com\/fr\/wp-json\/wp\/v2\/product"}],"about":[{"href":"https:\/\/crete-tours.com\/fr\/wp-json\/wp\/v2\/types\/product"}],"replies":[{"embeddable":true,"href":"https:\/\/crete-tours.com\/fr\/wp-json\/wp\/v2\/comments?post=6679"}],"wp:featuredmedia":[{"embeddable":true,"href":"https:\/\/crete-tours.com\/fr\/wp-json\/wp\/v2\/media\/6681"}],"wp:attachment":[{"href":"https:\/\/crete-tours.com\/fr\/wp-json\/wp\/v2\/media?parent=6679"}],"wp:term":[{"taxonomy":"product_cat","embeddable":true,"href":"https:\/\/crete-tours.com\/fr\/wp-json\/wp\/v2\/product_cat?post=6679"},{"taxonomy":"product_tag","embeddable":true,"href":"https:\/\/crete-tours.com\/fr\/wp-json\/wp\/v2\/product_tag?post=6679"}],"curies":[{"name":"wp","href":"https:\/\/api.w.org\/{rel}","templated":true}]}}