{"id":6630,"date":"2021-06-18T15:41:49","date_gmt":"2021-06-18T15:41:49","guid":{"rendered":"https:\/\/crete-tours.com\/product\/west-crete\/"},"modified":"2024-04-17T09:59:27","modified_gmt":"2024-04-17T09:59:27","slug":"west-crete","status":"publish","type":"product","link":"https:\/\/crete-tours.com\/fr\/product\/west-crete\/","title":{"rendered":"Cr\u00e8te occidentale"},"content":{"rendered":"<p>Cette excursion nous am\u00e8ne \u00e0 l&rsquo;ouest de la Cr\u00e8te et notre premier arr\u00eat \u00e0 La Can\u00e9e, la ville la plus ravissante de Cr\u00e8te. C&rsquo;\u00e9tait une ville minoenne importante et la \u00ab\u00a0m\u00e8re des villes cr\u00e9toises\u00a0\u00bb, selon les \u00e9crivains anciens.<\/p>\n<p>LA VILLE DE LA CAN\u00c9E<\/p>\n<p>La Venise de l&rsquo;Orient<\/p>\n<p>La ville est divis\u00e9e en la vieille ville, avec le magnifique port et la nouvelle ville, au-del\u00e0 de ses fortifications v\u00e9nitiennes. La vieille ville est l&rsquo;une des plus belles villes de la M\u00e9diterran\u00e9e et s&rsquo;appelle \u00ab\u00a0Venise de l&rsquo;Est\u00a0\u00bb. Par cons\u00e9quent, nous pouvons admirez des \u00e9chantillons de toutes les civilisations qui sont pass\u00e9es d&rsquo;ici: sites arch\u00e9ologiques minoens, minarets et mosqu\u00e9es turcs, quartiers musulmans, forteresses v\u00e9nitiennes, chantiers navals, fontaines, places, arches, manoirs, Loggia et le phare. De plus, nous pouvons profiter de notre d\u00e9jeuner \u00e0 le port pittoresque ou visiter la c\u00e9l\u00e8bre Agora (march\u00e9) , qui abrite des petites boutiques traditionnelles et des tavernes. Ici, nous pouvons acheter des souvenirs ou de la maroquinerie \u00e0 tr\u00e8s bon prix.<\/p>\n<p>LAC DE KOURNAS<\/p>\n<p>Un \u00e9crin de verdure sur les collines<\/p>\n<p>En quittant cette ville extraordinaire, nous arrivons au pittoresque lac de Kournas, un bel habitat avec de l&rsquo;eau douce naturelle, unique en son genre en Cr\u00e8te. Une v\u00e9g\u00e9tation luxuriante, des cavit\u00e9s escarp\u00e9es entre les collines, des esp\u00e8ces rares de poissons et d&rsquo;oiseaux, comme des anguilles, des bruy\u00e8res et des bicolores tortues. Sa beaut\u00e9 magnifique fait de Kournas l&rsquo;endroit id\u00e9al pour se baigner avant notre d\u00e9jeuner ou toute promenade en d\u00e9but d&rsquo;apr\u00e8s-midi.<\/p>\n<p>LA VILLE DE RETHYMNON<\/p>\n<p>Un carrefour des cultures<\/p>\n<p>Toute la zone de Kournas est prot\u00e9g\u00e9e par Natura 2000, car elle a \u00e9t\u00e9 d\u00e9sign\u00e9e zone humide. En revenant, nous nous arr\u00eatons \u00e0 R\u00e9thymnon, la troisi\u00e8me plus grande ville de Cr\u00e8te, o\u00f9 coexistent des monuments des \u00e9poques arch\u00e9ologique, ottomane et v\u00e9nitienne, dans un cadre extr\u00eamement int\u00e9ressant. chemin.Promenez-vous dans les ruelles de la vieille ville, visitez les minarets turcs et les forteresses v\u00e9nitiennes ou savourez simplement votre caf\u00e9 dans le magnifique port.<\/p>\n<p>&nbsp;<\/p>\n","protected":false},"excerpt":{"rendered":"<p>Cette excursion nous emm\u00e8ne en Cr\u00e8te occidentale et comprend trois centres importants de la r\u00e9gion. Deux villes centrales, la pittoresque Chania et l&rsquo;historique R\u00e9thymnon mais aussi un lac unique, celui de Kournas.<\/p>\n","protected":false},"featured_media":6631,"comment_status":"closed","ping_status":"closed","template":"","meta":{"site-sidebar-layout":"default","site-content-layout":"default","ast-site-content-layout":"default","site-content-style":"default","site-sidebar-style":"default","ast-global-header-display":"","ast-banner-title-visibility":"","ast-main-header-display":"","ast-hfb-above-header-display":"","ast-hfb-below-header-display":"","ast-hfb-mobile-header-display":"","site-post-title":"","ast-breadcrumbs-content":"","ast-featured-img":"","footer-sml-layout":"","theme-transparent-header-meta":"default","adv-header-id-meta":"5369","stick-header-meta":"default","header-above-stick-meta":"","header-main-stick-meta":"","header-below-stick-meta":"","astra-migrate-meta-layouts":"default","ast-page-background-enabled":"default","ast-page-background-meta":{"desktop":{"background-color":"","background-image":"","background-repeat":"repeat","background-position":"center center","background-size":"auto","background-attachment":"scroll","background-type":"","background-media":"","overlay-type":"","overlay-color":"","overlay-gradient":""},"tablet":{"background-color":"","background-image":"","background-repeat":"repeat","background-position":"center center","background-size":"auto","background-attachment":"scroll","background-type":"","background-media":"","overlay-type":"","overlay-color":"","overlay-gradient":""},"mobile":{"background-color":"","background-image":"","background-repeat":"repeat","background-position":"center center","background-size":"auto","background-attachment":"scroll","background-type":"","background-media":"","overlay-type":"","overlay-color":"","overlay-gradient":""}},"ast-content-background-meta":{"desktop":{"background-color":"var(--ast-global-color-5)","background-image":"","background-repeat":"repeat","background-position":"center center","background-size":"auto","background-attachment":"scroll","background-type":"","background-media":"","overlay-type":"","overlay-color":"","overlay-gradient":""},"tablet":{"background-color":"var(--ast-global-color-5)","background-image":"","background-repeat":"repeat","background-position":"center center","background-size":"auto","background-attachment":"scroll","background-type":"","background-media":"","overlay-type":"","overlay-color":"","overlay-gradient":""},"mobile":{"background-color":"var(--ast-global-color-5)","background-image":"","background-repeat":"repeat","background-position":"center center","background-size":"auto","background-attachment":"scroll","background-type":"","background-media":"","overlay-type":"","overlay-color":"","overlay-gradient":""}}},"product_cat":[67],"product_tag":[],"yoast_head":"<!-- This site is optimized with the Yoast SEO plugin v22.5 - https:\/\/yoast.com\/wordpress\/plugins\/seo\/ -->\n<title>Cr\u00e8te occidentale - \u0395\u03ba\u03b4\u03c1\u03bf\u03bc\u03ad\u03c2 \u03c3\u03c4\u03b7\u03bd \u039a\u03c1\u03ae\u03c4\u03b7<\/title>\n<meta name=\"robots\" content=\"index, follow, max-snippet:-1, max-image-preview:large, max-video-preview:-1\" \/>\n<link rel=\"canonical\" href=\"https:\/\/crete-tours.com\/fr\/product\/west-crete\/\" \/>\n<meta property=\"og:locale\" content=\"fr_FR\" \/>\n<meta property=\"og:type\" content=\"article\" \/>\n<meta property=\"og:title\" content=\"Cr\u00e8te occidentale - \u0395\u03ba\u03b4\u03c1\u03bf\u03bc\u03ad\u03c2 \u03c3\u03c4\u03b7\u03bd \u039a\u03c1\u03ae\u03c4\u03b7\" \/>\n<meta property=\"og:description\" content=\"Cette excursion nous emm\u00e8ne en Cr\u00e8te occidentale et comprend trois centres importants de la r\u00e9gion. Deux villes centrales, la pittoresque Chania et l&#039;historique R\u00e9thymnon mais aussi un lac unique, celui de Kournas.\" \/>\n<meta property=\"og:url\" content=\"https:\/\/crete-tours.com\/fr\/product\/west-crete\/\" \/>\n<meta property=\"og:site_name\" content=\"\u0395\u03ba\u03b4\u03c1\u03bf\u03bc\u03ad\u03c2 \u03c3\u03c4\u03b7\u03bd \u039a\u03c1\u03ae\u03c4\u03b7\" \/>\n<meta property=\"article:modified_time\" content=\"2024-04-17T09:59:27+00:00\" \/>\n<meta property=\"og:image\" content=\"https:\/\/crete-tours.com\/wp-content\/uploads\/2021\/06\/chania.jpg\" \/>\n\t<meta property=\"og:image:width\" content=\"2048\" \/>\n\t<meta property=\"og:image:height\" content=\"1536\" \/>\n\t<meta property=\"og:image:type\" content=\"image\/jpeg\" \/>\n<meta name=\"twitter:card\" content=\"summary_large_image\" \/>\n<meta name=\"twitter:label1\" content=\"Dur\u00e9e de lecture estim\u00e9e\" \/>\n\t<meta name=\"twitter:data1\" content=\"2 minutes\" \/>\n<script type=\"application\/ld+json\" class=\"yoast-schema-graph\">{\"@context\":\"https:\/\/schema.org\",\"@graph\":[{\"@type\":\"WebPage\",\"@id\":\"https:\/\/crete-tours.com\/fr\/product\/west-crete\/\",\"url\":\"https:\/\/crete-tours.com\/fr\/product\/west-crete\/\",\"name\":\"Cr\u00e8te occidentale - \u0395\u03ba\u03b4\u03c1\u03bf\u03bc\u03ad\u03c2 \u03c3\u03c4\u03b7\u03bd \u039a\u03c1\u03ae\u03c4\u03b7\",\"isPartOf\":{\"@id\":\"https:\/\/crete-tours.com\/#website\"},\"primaryImageOfPage\":{\"@id\":\"https:\/\/crete-tours.com\/fr\/product\/west-crete\/#primaryimage\"},\"image\":{\"@id\":\"https:\/\/crete-tours.com\/fr\/product\/west-crete\/#primaryimage\"},\"thumbnailUrl\":\"https:\/\/crete-tours.com\/wp-content\/uploads\/2021\/06\/chania.jpg\",\"datePublished\":\"2021-06-18T15:41:49+00:00\",\"dateModified\":\"2024-04-17T09:59:27+00:00\",\"breadcrumb\":{\"@id\":\"https:\/\/crete-tours.com\/fr\/product\/west-crete\/#breadcrumb\"},\"inLanguage\":\"fr-FR\",\"potentialAction\":[{\"@type\":\"ReadAction\",\"target\":[\"https:\/\/crete-tours.com\/fr\/product\/west-crete\/\"]}]},{\"@type\":\"ImageObject\",\"inLanguage\":\"fr-FR\",\"@id\":\"https:\/\/crete-tours.com\/fr\/product\/west-crete\/#primaryimage\",\"url\":\"https:\/\/crete-tours.com\/wp-content\/uploads\/2021\/06\/chania.jpg\",\"contentUrl\":\"https:\/\/crete-tours.com\/wp-content\/uploads\/2021\/06\/chania.jpg\",\"width\":2048,\"height\":1536,\"caption\":\"chania\"},{\"@type\":\"BreadcrumbList\",\"@id\":\"https:\/\/crete-tours.com\/fr\/product\/west-crete\/#breadcrumb\",\"itemListElement\":[{\"@type\":\"ListItem\",\"position\":1,\"name\":\"Accueil\",\"item\":\"https:\/\/crete-tours.com\/fr\/\"},{\"@type\":\"ListItem\",\"position\":2,\"name\":\"Products\",\"item\":\"https:\/\/crete-tours.com\/el\/shop\/\"},{\"@type\":\"ListItem\",\"position\":3,\"name\":\"Cr\u00e8te occidentale\"}]},{\"@type\":\"WebSite\",\"@id\":\"https:\/\/crete-tours.com\/#website\",\"url\":\"https:\/\/crete-tours.com\/\",\"name\":\"\u0395\u03ba\u03b4\u03c1\u03bf\u03bc\u03ad\u03c2 \u03c3\u03c4\u03b7\u03bd \u039a\u03c1\u03ae\u03c4\u03b7\",\"description\":\"Best Way Travel\",\"publisher\":{\"@id\":\"https:\/\/crete-tours.com\/#organization\"},\"potentialAction\":[{\"@type\":\"SearchAction\",\"target\":{\"@type\":\"EntryPoint\",\"urlTemplate\":\"https:\/\/crete-tours.com\/?s={search_term_string}\"},\"query-input\":\"required name=search_term_string\"}],\"inLanguage\":\"fr-FR\"},{\"@type\":\"Organization\",\"@id\":\"https:\/\/crete-tours.com\/#organization\",\"name\":\"Rent A Green Car\",\"url\":\"https:\/\/crete-tours.com\/\",\"logo\":{\"@type\":\"ImageObject\",\"inLanguage\":\"fr-FR\",\"@id\":\"https:\/\/crete-tours.com\/#\/schema\/logo\/image\/\",\"url\":\"https:\/\/crete-tours.com\/wp-content\/uploads\/2021\/04\/logo.png\",\"contentUrl\":\"https:\/\/crete-tours.com\/wp-content\/uploads\/2021\/04\/logo.png\",\"width\":799,\"height\":189,\"caption\":\"Rent A Green Car\"},\"image\":{\"@id\":\"https:\/\/crete-tours.com\/#\/schema\/logo\/image\/\"}}]}<\/script>\n<!-- \/ Yoast SEO plugin. -->","yoast_head_json":{"title":"Cr\u00e8te occidentale - \u0395\u03ba\u03b4\u03c1\u03bf\u03bc\u03ad\u03c2 \u03c3\u03c4\u03b7\u03bd \u039a\u03c1\u03ae\u03c4\u03b7","robots":{"index":"index","follow":"follow","max-snippet":"max-snippet:-1","max-image-preview":"max-image-preview:large","max-video-preview":"max-video-preview:-1"},"canonical":"https:\/\/crete-tours.com\/fr\/product\/west-crete\/","og_locale":"fr_FR","og_type":"article","og_title":"Cr\u00e8te occidentale - \u0395\u03ba\u03b4\u03c1\u03bf\u03bc\u03ad\u03c2 \u03c3\u03c4\u03b7\u03bd \u039a\u03c1\u03ae\u03c4\u03b7","og_description":"Cette excursion nous emm\u00e8ne en Cr\u00e8te occidentale et comprend trois centres importants de la r\u00e9gion. Deux villes centrales, la pittoresque Chania et l'historique R\u00e9thymnon mais aussi un lac unique, celui de Kournas.","og_url":"https:\/\/crete-tours.com\/fr\/product\/west-crete\/","og_site_name":"\u0395\u03ba\u03b4\u03c1\u03bf\u03bc\u03ad\u03c2 \u03c3\u03c4\u03b7\u03bd \u039a\u03c1\u03ae\u03c4\u03b7","article_modified_time":"2024-04-17T09:59:27+00:00","og_image":[{"width":2048,"height":1536,"url":"https:\/\/crete-tours.com\/wp-content\/uploads\/2021\/06\/chania.jpg","type":"image\/jpeg"}],"twitter_card":"summary_large_image","twitter_misc":{"Dur\u00e9e de lecture estim\u00e9e":"2 minutes"},"schema":{"@context":"https:\/\/schema.org","@graph":[{"@type":"WebPage","@id":"https:\/\/crete-tours.com\/fr\/product\/west-crete\/","url":"https:\/\/crete-tours.com\/fr\/product\/west-crete\/","name":"Cr\u00e8te occidentale - \u0395\u03ba\u03b4\u03c1\u03bf\u03bc\u03ad\u03c2 \u03c3\u03c4\u03b7\u03bd \u039a\u03c1\u03ae\u03c4\u03b7","isPartOf":{"@id":"https:\/\/crete-tours.com\/#website"},"primaryImageOfPage":{"@id":"https:\/\/crete-tours.com\/fr\/product\/west-crete\/#primaryimage"},"image":{"@id":"https:\/\/crete-tours.com\/fr\/product\/west-crete\/#primaryimage"},"thumbnailUrl":"https:\/\/crete-tours.com\/wp-content\/uploads\/2021\/06\/chania.jpg","datePublished":"2021-06-18T15:41:49+00:00","dateModified":"2024-04-17T09:59:27+00:00","breadcrumb":{"@id":"https:\/\/crete-tours.com\/fr\/product\/west-crete\/#breadcrumb"},"inLanguage":"fr-FR","potentialAction":[{"@type":"ReadAction","target":["https:\/\/crete-tours.com\/fr\/product\/west-crete\/"]}]},{"@type":"ImageObject","inLanguage":"fr-FR","@id":"https:\/\/crete-tours.com\/fr\/product\/west-crete\/#primaryimage","url":"https:\/\/crete-tours.com\/wp-content\/uploads\/2021\/06\/chania.jpg","contentUrl":"https:\/\/crete-tours.com\/wp-content\/uploads\/2021\/06\/chania.jpg","width":2048,"height":1536,"caption":"chania"},{"@type":"BreadcrumbList","@id":"https:\/\/crete-tours.com\/fr\/product\/west-crete\/#breadcrumb","itemListElement":[{"@type":"ListItem","position":1,"name":"Accueil","item":"https:\/\/crete-tours.com\/fr\/"},{"@type":"ListItem","position":2,"name":"Products","item":"https:\/\/crete-tours.com\/el\/shop\/"},{"@type":"ListItem","position":3,"name":"Cr\u00e8te occidentale"}]},{"@type":"WebSite","@id":"https:\/\/crete-tours.com\/#website","url":"https:\/\/crete-tours.com\/","name":"\u0395\u03ba\u03b4\u03c1\u03bf\u03bc\u03ad\u03c2 \u03c3\u03c4\u03b7\u03bd \u039a\u03c1\u03ae\u03c4\u03b7","description":"Best Way Travel","publisher":{"@id":"https:\/\/crete-tours.com\/#organization"},"potentialAction":[{"@type":"SearchAction","target":{"@type":"EntryPoint","urlTemplate":"https:\/\/crete-tours.com\/?s={search_term_string}"},"query-input":"required name=search_term_string"}],"inLanguage":"fr-FR"},{"@type":"Organization","@id":"https:\/\/crete-tours.com\/#organization","name":"Rent A Green Car","url":"https:\/\/crete-tours.com\/","logo":{"@type":"ImageObject","inLanguage":"fr-FR","@id":"https:\/\/crete-tours.com\/#\/schema\/logo\/image\/","url":"https:\/\/crete-tours.com\/wp-content\/uploads\/2021\/04\/logo.png","contentUrl":"https:\/\/crete-tours.com\/wp-content\/uploads\/2021\/04\/logo.png","width":799,"height":189,"caption":"Rent A Green Car"},"image":{"@id":"https:\/\/crete-tours.com\/#\/schema\/logo\/image\/"}}]}},"_links":{"self":[{"href":"https:\/\/crete-tours.com\/fr\/wp-json\/wp\/v2\/product\/6630"}],"collection":[{"href":"https:\/\/crete-tours.com\/fr\/wp-json\/wp\/v2\/product"}],"about":[{"href":"https:\/\/crete-tours.com\/fr\/wp-json\/wp\/v2\/types\/product"}],"replies":[{"embeddable":true,"href":"https:\/\/crete-tours.com\/fr\/wp-json\/wp\/v2\/comments?post=6630"}],"wp:featuredmedia":[{"embeddable":true,"href":"https:\/\/crete-tours.com\/fr\/wp-json\/wp\/v2\/media\/6631"}],"wp:attachment":[{"href":"https:\/\/crete-tours.com\/fr\/wp-json\/wp\/v2\/media?parent=6630"}],"wp:term":[{"taxonomy":"product_cat","embeddable":true,"href":"https:\/\/crete-tours.com\/fr\/wp-json\/wp\/v2\/product_cat?post=6630"},{"taxonomy":"product_tag","embeddable":true,"href":"https:\/\/crete-tours.com\/fr\/wp-json\/wp\/v2\/product_tag?post=6630"}],"curies":[{"name":"wp","href":"https:\/\/api.w.org\/{rel}","templated":true}]}}