{"id":6612,"date":"2021-06-18T15:11:57","date_gmt":"2021-06-18T15:11:57","guid":{"rendered":"https:\/\/crete-tours.com\/product\/lassithi-plateau-knossos\/"},"modified":"2024-04-17T10:00:51","modified_gmt":"2024-04-17T10:00:51","slug":"lassithi-plateau-knossos","status":"publish","type":"product","link":"https:\/\/crete-tours.com\/fr\/product\/lassithi-plateau-knossos\/","title":{"rendered":"Plateau de Lassithi et Knossos"},"content":{"rendered":"<p>Notre premier arr\u00eat est au monast\u00e8re historique de Kera Kardiotissa. Ce monast\u00e8re est habit\u00e9 et dirig\u00e9 par des religieuses, situ\u00e9 dans un paysage idyllique. Connu pour avoir \u00e9t\u00e9 construit pour la premi\u00e8re fois en 1333, son histoire est li\u00e9e \u00e0 l&rsquo;ic\u00f4ne miraculeuse de la Vierge Marie. Vous pouvez y voir de nombreuses fresques et une vari\u00e9t\u00e9 d&rsquo;autres ic\u00f4nes, datant du 14\u00e8me si\u00e8cle.<\/p>\n<p>Vient ensuite le plateau de Lassithi. Situ\u00e9 \u00e0 850 m au-dessus du niveau de la mer, c&rsquo;est un monde \u00e0 part, loin de l&rsquo;agitation du reste de Lassithi. Aussi, l&rsquo;une des destinations touristiques les plus connues et le plus grand plateau de Gr\u00e8ce. Il a gagn\u00e9 sa popularit\u00e9 principalement en raison de ses sources d&rsquo;\u00e9nergie renouvelables, construites dans les ann\u00e9es 50-60. Les c\u00e9l\u00e8bres moulins \u00e0 vent, la marque du plateau, sont vraiment uniques.<\/p>\n<p>En tant que r\u00e9gion agricole, l&rsquo;approvisionnement en eau \u00e9tait d&rsquo;une importance majeure. C&rsquo;\u00e9tait bien connu autrefois sous la domination v\u00e9nitienne (1205-1669), lorsque les lignes, le c\u00e9l\u00e8bre syst\u00e8me de drainage ont \u00e9t\u00e9 construits. Les moulins \u00e0 vent ont suivi jusqu&rsquo;\u00e0 aujourd&rsquo;hui o\u00f9 la technologie est accumul\u00e9e pour aider les habitants.<\/p>\n<p>Entour\u00e9 par la montagne Diktis et 18 villages pittoresques, il conserve encore l&rsquo;atmosph\u00e8re d&rsquo;une autre \u00e9poque. Le paysage dans les villages du Plateau rappelle quelque chose du Far West \u2013 une douce blancheur, avec peut-\u00eatre une accalmie excessive.<\/p>\n<p>Vous pouvez visiter d&rsquo;ici le point le plus \u00e9lev\u00e9 du plateau, o\u00f9 se trouve le village de Psychro. De l\u00e0, 15 \u00e0 20 minutes de marche, le long d&rsquo;un sentier tr\u00e8s fr\u00e9quent\u00e9, m\u00e8ne \u00e0 la grotte Dikteon Andron. On dit que c&rsquo;est l\u00e0 que Zeus, le p\u00e8re des anciens dieux grecs, est n\u00e9. Ici, vous pourrez admirer les impressionnantes stalactites et stalagmites qui valent le d\u00e9tour.<\/p>\n<p>Tzermiado, la capitale des villages du plateau, vous \u00e9merveillera par sa beaut\u00e9 naturelle. Il peut \u00eatre atteint par deux destinations, l&rsquo;une depuis Agios Nikolaos et l&rsquo;autre depuis H\u00e9raklion. \u00c0 l&rsquo;entr\u00e9e, vous rencontrerez un groupe de 26 moulins \u00e0 farine en pierre, ce qui reste des ann\u00e9es 1900 environ, alors qu&rsquo;il s&rsquo;agissait de la plus grande zone de moulin \u00e0 farine de Cr\u00e8te. Ici, nous nous arr\u00eaterons pour d\u00e9jeuner dans une taverne locale.<\/p>\n<p>Notre dernier arr\u00eat est le magnifique palais minoen de Knossos, le centre de la civilisation minoenne et l&#8217;embl\u00e8me de la Cr\u00e8te. Le lieu o\u00f9 le mythe rencontre l&rsquo;histoire. .Ici, vous aurez une visite guid\u00e9e et vous d\u00e9couvrirez le roi Minos, sa fille Ariane et bien s\u00fbr le mythique Minotaure qui vivait dans un labyrinthe, le soi-disant Labyrinthe. Le merveilleux plan architectural de D\u00e9dale, les mat\u00e9riaux rares et luxueux, les techniques de construction avanc\u00e9es, le syst\u00e8me de drainage \u00e9labor\u00e9 et la taille du palais en font l&rsquo;un des sites les plus \u00e9tonnants de l&rsquo;\u00eele.<\/p>\n","protected":false},"excerpt":{"rendered":"<p>Cette excursion convient \u00e0 tous ceux qui souhaitent se d\u00e9tendre dans les terres agricoles cr\u00e9toises et rechercher l&rsquo;authenticit\u00e9.<\/p>\n<p>Vous pouvez admirer des lieux qui portent un m\u00e9lange de vestiges de civilisations anciennes et pass\u00e9es qui ont prosp\u00e9r\u00e9 ou r\u00e9gn\u00e9 sur les lieux. Du lieu de naissance de Zeus aux monast\u00e8res historiques, du syst\u00e8me de drainage sophistiqu\u00e9 aux c\u00e9l\u00e8bres moulins \u00e0 vent et \u00e0 l&rsquo;\u00e9coparc de Lasinthos, il y a s\u00fbrement beaucoup \u00e0 voir !<\/p>\n<p>De plus, vous serez emport\u00e9 par la nature \u00e9poustouflante qui retient le temps afin que vous puissiez oublier tout stress qui d\u00e9concerte l&rsquo;esprit.<\/p>\n","protected":false},"featured_media":6614,"comment_status":"closed","ping_status":"closed","template":"","meta":{"site-sidebar-layout":"default","site-content-layout":"default","ast-site-content-layout":"default","site-content-style":"default","site-sidebar-style":"default","ast-global-header-display":"","ast-banner-title-visibility":"","ast-main-header-display":"","ast-hfb-above-header-display":"","ast-hfb-below-header-display":"","ast-hfb-mobile-header-display":"","site-post-title":"","ast-breadcrumbs-content":"","ast-featured-img":"","footer-sml-layout":"","theme-transparent-header-meta":"default","adv-header-id-meta":"5369","stick-header-meta":"default","header-above-stick-meta":"","header-main-stick-meta":"","header-below-stick-meta":"","astra-migrate-meta-layouts":"default","ast-page-background-enabled":"default","ast-page-background-meta":{"desktop":{"background-color":"","background-image":"","background-repeat":"repeat","background-position":"center center","background-size":"auto","background-attachment":"scroll","background-type":"","background-media":"","overlay-type":"","overlay-color":"","overlay-gradient":""},"tablet":{"background-color":"","background-image":"","background-repeat":"repeat","background-position":"center center","background-size":"auto","background-attachment":"scroll","background-type":"","background-media":"","overlay-type":"","overlay-color":"","overlay-gradient":""},"mobile":{"background-color":"","background-image":"","background-repeat":"repeat","background-position":"center center","background-size":"auto","background-attachment":"scroll","background-type":"","background-media":"","overlay-type":"","overlay-color":"","overlay-gradient":""}},"ast-content-background-meta":{"desktop":{"background-color":"var(--ast-global-color-5)","background-image":"","background-repeat":"repeat","background-position":"center center","background-size":"auto","background-attachment":"scroll","background-type":"","background-media":"","overlay-type":"","overlay-color":"","overlay-gradient":""},"tablet":{"background-color":"var(--ast-global-color-5)","background-image":"","background-repeat":"repeat","background-position":"center center","background-size":"auto","background-attachment":"scroll","background-type":"","background-media":"","overlay-type":"","overlay-color":"","overlay-gradient":""},"mobile":{"background-color":"var(--ast-global-color-5)","background-image":"","background-repeat":"repeat","background-position":"center center","background-size":"auto","background-attachment":"scroll","background-type":"","background-media":"","overlay-type":"","overlay-color":"","overlay-gradient":""}}},"product_cat":[67],"product_tag":[],"yoast_head":"<!-- This site is optimized with the Yoast SEO plugin v22.5 - https:\/\/yoast.com\/wordpress\/plugins\/seo\/ -->\n<title>Plateau de Lassithi et Knossos - \u0395\u03ba\u03b4\u03c1\u03bf\u03bc\u03ad\u03c2 \u03c3\u03c4\u03b7\u03bd \u039a\u03c1\u03ae\u03c4\u03b7<\/title>\n<meta name=\"robots\" content=\"index, follow, max-snippet:-1, max-image-preview:large, max-video-preview:-1\" \/>\n<link rel=\"canonical\" href=\"https:\/\/crete-tours.com\/fr\/product\/lassithi-plateau-knossos\/\" \/>\n<meta property=\"og:locale\" content=\"fr_FR\" \/>\n<meta property=\"og:type\" content=\"article\" \/>\n<meta property=\"og:title\" content=\"Plateau de Lassithi et Knossos - \u0395\u03ba\u03b4\u03c1\u03bf\u03bc\u03ad\u03c2 \u03c3\u03c4\u03b7\u03bd \u039a\u03c1\u03ae\u03c4\u03b7\" \/>\n<meta property=\"og:description\" content=\"Cette excursion convient \u00e0 tous ceux qui souhaitent se d\u00e9tendre dans les terres agricoles cr\u00e9toises et rechercher l&#039;authenticit\u00e9.  Vous pouvez admirer des lieux qui portent un m\u00e9lange de vestiges de civilisations anciennes et pass\u00e9es qui ont prosp\u00e9r\u00e9 ou r\u00e9gn\u00e9 sur les lieux. Du lieu de naissance de Zeus aux monast\u00e8res historiques, du syst\u00e8me de drainage sophistiqu\u00e9 aux c\u00e9l\u00e8bres moulins \u00e0 vent et \u00e0 l&#039;\u00e9coparc de Lasinthos, il y a s\u00fbrement beaucoup \u00e0 voir !  De plus, vous serez emport\u00e9 par la nature \u00e9poustouflante qui retient le temps afin que vous puissiez oublier tout stress qui d\u00e9concerte l&#039;esprit.\" \/>\n<meta property=\"og:url\" content=\"https:\/\/crete-tours.com\/fr\/product\/lassithi-plateau-knossos\/\" \/>\n<meta property=\"og:site_name\" content=\"\u0395\u03ba\u03b4\u03c1\u03bf\u03bc\u03ad\u03c2 \u03c3\u03c4\u03b7\u03bd \u039a\u03c1\u03ae\u03c4\u03b7\" \/>\n<meta property=\"article:modified_time\" content=\"2024-04-17T10:00:51+00:00\" \/>\n<meta property=\"og:image\" content=\"https:\/\/crete-tours.com\/wp-content\/uploads\/2021\/06\/lasithi-plateau.jpg\" \/>\n\t<meta property=\"og:image:width\" content=\"1500\" \/>\n\t<meta property=\"og:image:height\" content=\"900\" \/>\n\t<meta property=\"og:image:type\" content=\"image\/jpeg\" \/>\n<meta name=\"twitter:card\" content=\"summary_large_image\" \/>\n<meta name=\"twitter:label1\" content=\"Dur\u00e9e de lecture estim\u00e9e\" \/>\n\t<meta name=\"twitter:data1\" content=\"2 minutes\" \/>\n<script type=\"application\/ld+json\" class=\"yoast-schema-graph\">{\"@context\":\"https:\/\/schema.org\",\"@graph\":[{\"@type\":\"WebPage\",\"@id\":\"https:\/\/crete-tours.com\/fr\/product\/lassithi-plateau-knossos\/\",\"url\":\"https:\/\/crete-tours.com\/fr\/product\/lassithi-plateau-knossos\/\",\"name\":\"Plateau de Lassithi et Knossos - \u0395\u03ba\u03b4\u03c1\u03bf\u03bc\u03ad\u03c2 \u03c3\u03c4\u03b7\u03bd \u039a\u03c1\u03ae\u03c4\u03b7\",\"isPartOf\":{\"@id\":\"https:\/\/crete-tours.com\/#website\"},\"primaryImageOfPage\":{\"@id\":\"https:\/\/crete-tours.com\/fr\/product\/lassithi-plateau-knossos\/#primaryimage\"},\"image\":{\"@id\":\"https:\/\/crete-tours.com\/fr\/product\/lassithi-plateau-knossos\/#primaryimage\"},\"thumbnailUrl\":\"https:\/\/crete-tours.com\/wp-content\/uploads\/2021\/06\/lasithi-plateau.jpg\",\"datePublished\":\"2021-06-18T15:11:57+00:00\",\"dateModified\":\"2024-04-17T10:00:51+00:00\",\"breadcrumb\":{\"@id\":\"https:\/\/crete-tours.com\/fr\/product\/lassithi-plateau-knossos\/#breadcrumb\"},\"inLanguage\":\"fr-FR\",\"potentialAction\":[{\"@type\":\"ReadAction\",\"target\":[\"https:\/\/crete-tours.com\/fr\/product\/lassithi-plateau-knossos\/\"]}]},{\"@type\":\"ImageObject\",\"inLanguage\":\"fr-FR\",\"@id\":\"https:\/\/crete-tours.com\/fr\/product\/lassithi-plateau-knossos\/#primaryimage\",\"url\":\"https:\/\/crete-tours.com\/wp-content\/uploads\/2021\/06\/lasithi-plateau.jpg\",\"contentUrl\":\"https:\/\/crete-tours.com\/wp-content\/uploads\/2021\/06\/lasithi-plateau.jpg\",\"width\":1500,\"height\":900,\"caption\":\"lasithi plateau\"},{\"@type\":\"BreadcrumbList\",\"@id\":\"https:\/\/crete-tours.com\/fr\/product\/lassithi-plateau-knossos\/#breadcrumb\",\"itemListElement\":[{\"@type\":\"ListItem\",\"position\":1,\"name\":\"Accueil\",\"item\":\"https:\/\/crete-tours.com\/fr\/\"},{\"@type\":\"ListItem\",\"position\":2,\"name\":\"Products\",\"item\":\"https:\/\/crete-tours.com\/el\/shop\/\"},{\"@type\":\"ListItem\",\"position\":3,\"name\":\"Plateau de Lassithi et Knossos\"}]},{\"@type\":\"WebSite\",\"@id\":\"https:\/\/crete-tours.com\/#website\",\"url\":\"https:\/\/crete-tours.com\/\",\"name\":\"\u0395\u03ba\u03b4\u03c1\u03bf\u03bc\u03ad\u03c2 \u03c3\u03c4\u03b7\u03bd \u039a\u03c1\u03ae\u03c4\u03b7\",\"description\":\"Best Way Travel\",\"publisher\":{\"@id\":\"https:\/\/crete-tours.com\/#organization\"},\"potentialAction\":[{\"@type\":\"SearchAction\",\"target\":{\"@type\":\"EntryPoint\",\"urlTemplate\":\"https:\/\/crete-tours.com\/?s={search_term_string}\"},\"query-input\":\"required name=search_term_string\"}],\"inLanguage\":\"fr-FR\"},{\"@type\":\"Organization\",\"@id\":\"https:\/\/crete-tours.com\/#organization\",\"name\":\"Rent A Green Car\",\"url\":\"https:\/\/crete-tours.com\/\",\"logo\":{\"@type\":\"ImageObject\",\"inLanguage\":\"fr-FR\",\"@id\":\"https:\/\/crete-tours.com\/#\/schema\/logo\/image\/\",\"url\":\"https:\/\/crete-tours.com\/wp-content\/uploads\/2021\/04\/logo.png\",\"contentUrl\":\"https:\/\/crete-tours.com\/wp-content\/uploads\/2021\/04\/logo.png\",\"width\":799,\"height\":189,\"caption\":\"Rent A Green Car\"},\"image\":{\"@id\":\"https:\/\/crete-tours.com\/#\/schema\/logo\/image\/\"}}]}<\/script>\n<!-- \/ Yoast SEO plugin. -->","yoast_head_json":{"title":"Plateau de Lassithi et Knossos - \u0395\u03ba\u03b4\u03c1\u03bf\u03bc\u03ad\u03c2 \u03c3\u03c4\u03b7\u03bd \u039a\u03c1\u03ae\u03c4\u03b7","robots":{"index":"index","follow":"follow","max-snippet":"max-snippet:-1","max-image-preview":"max-image-preview:large","max-video-preview":"max-video-preview:-1"},"canonical":"https:\/\/crete-tours.com\/fr\/product\/lassithi-plateau-knossos\/","og_locale":"fr_FR","og_type":"article","og_title":"Plateau de Lassithi et Knossos - \u0395\u03ba\u03b4\u03c1\u03bf\u03bc\u03ad\u03c2 \u03c3\u03c4\u03b7\u03bd \u039a\u03c1\u03ae\u03c4\u03b7","og_description":"Cette excursion convient \u00e0 tous ceux qui souhaitent se d\u00e9tendre dans les terres agricoles cr\u00e9toises et rechercher l'authenticit\u00e9.  Vous pouvez admirer des lieux qui portent un m\u00e9lange de vestiges de civilisations anciennes et pass\u00e9es qui ont prosp\u00e9r\u00e9 ou r\u00e9gn\u00e9 sur les lieux. Du lieu de naissance de Zeus aux monast\u00e8res historiques, du syst\u00e8me de drainage sophistiqu\u00e9 aux c\u00e9l\u00e8bres moulins \u00e0 vent et \u00e0 l'\u00e9coparc de Lasinthos, il y a s\u00fbrement beaucoup \u00e0 voir !  De plus, vous serez emport\u00e9 par la nature \u00e9poustouflante qui retient le temps afin que vous puissiez oublier tout stress qui d\u00e9concerte l'esprit.","og_url":"https:\/\/crete-tours.com\/fr\/product\/lassithi-plateau-knossos\/","og_site_name":"\u0395\u03ba\u03b4\u03c1\u03bf\u03bc\u03ad\u03c2 \u03c3\u03c4\u03b7\u03bd \u039a\u03c1\u03ae\u03c4\u03b7","article_modified_time":"2024-04-17T10:00:51+00:00","og_image":[{"width":1500,"height":900,"url":"https:\/\/crete-tours.com\/wp-content\/uploads\/2021\/06\/lasithi-plateau.jpg","type":"image\/jpeg"}],"twitter_card":"summary_large_image","twitter_misc":{"Dur\u00e9e de lecture estim\u00e9e":"2 minutes"},"schema":{"@context":"https:\/\/schema.org","@graph":[{"@type":"WebPage","@id":"https:\/\/crete-tours.com\/fr\/product\/lassithi-plateau-knossos\/","url":"https:\/\/crete-tours.com\/fr\/product\/lassithi-plateau-knossos\/","name":"Plateau de Lassithi et Knossos - \u0395\u03ba\u03b4\u03c1\u03bf\u03bc\u03ad\u03c2 \u03c3\u03c4\u03b7\u03bd \u039a\u03c1\u03ae\u03c4\u03b7","isPartOf":{"@id":"https:\/\/crete-tours.com\/#website"},"primaryImageOfPage":{"@id":"https:\/\/crete-tours.com\/fr\/product\/lassithi-plateau-knossos\/#primaryimage"},"image":{"@id":"https:\/\/crete-tours.com\/fr\/product\/lassithi-plateau-knossos\/#primaryimage"},"thumbnailUrl":"https:\/\/crete-tours.com\/wp-content\/uploads\/2021\/06\/lasithi-plateau.jpg","datePublished":"2021-06-18T15:11:57+00:00","dateModified":"2024-04-17T10:00:51+00:00","breadcrumb":{"@id":"https:\/\/crete-tours.com\/fr\/product\/lassithi-plateau-knossos\/#breadcrumb"},"inLanguage":"fr-FR","potentialAction":[{"@type":"ReadAction","target":["https:\/\/crete-tours.com\/fr\/product\/lassithi-plateau-knossos\/"]}]},{"@type":"ImageObject","inLanguage":"fr-FR","@id":"https:\/\/crete-tours.com\/fr\/product\/lassithi-plateau-knossos\/#primaryimage","url":"https:\/\/crete-tours.com\/wp-content\/uploads\/2021\/06\/lasithi-plateau.jpg","contentUrl":"https:\/\/crete-tours.com\/wp-content\/uploads\/2021\/06\/lasithi-plateau.jpg","width":1500,"height":900,"caption":"lasithi plateau"},{"@type":"BreadcrumbList","@id":"https:\/\/crete-tours.com\/fr\/product\/lassithi-plateau-knossos\/#breadcrumb","itemListElement":[{"@type":"ListItem","position":1,"name":"Accueil","item":"https:\/\/crete-tours.com\/fr\/"},{"@type":"ListItem","position":2,"name":"Products","item":"https:\/\/crete-tours.com\/el\/shop\/"},{"@type":"ListItem","position":3,"name":"Plateau de Lassithi et Knossos"}]},{"@type":"WebSite","@id":"https:\/\/crete-tours.com\/#website","url":"https:\/\/crete-tours.com\/","name":"\u0395\u03ba\u03b4\u03c1\u03bf\u03bc\u03ad\u03c2 \u03c3\u03c4\u03b7\u03bd \u039a\u03c1\u03ae\u03c4\u03b7","description":"Best Way Travel","publisher":{"@id":"https:\/\/crete-tours.com\/#organization"},"potentialAction":[{"@type":"SearchAction","target":{"@type":"EntryPoint","urlTemplate":"https:\/\/crete-tours.com\/?s={search_term_string}"},"query-input":"required name=search_term_string"}],"inLanguage":"fr-FR"},{"@type":"Organization","@id":"https:\/\/crete-tours.com\/#organization","name":"Rent A Green Car","url":"https:\/\/crete-tours.com\/","logo":{"@type":"ImageObject","inLanguage":"fr-FR","@id":"https:\/\/crete-tours.com\/#\/schema\/logo\/image\/","url":"https:\/\/crete-tours.com\/wp-content\/uploads\/2021\/04\/logo.png","contentUrl":"https:\/\/crete-tours.com\/wp-content\/uploads\/2021\/04\/logo.png","width":799,"height":189,"caption":"Rent A Green Car"},"image":{"@id":"https:\/\/crete-tours.com\/#\/schema\/logo\/image\/"}}]}},"_links":{"self":[{"href":"https:\/\/crete-tours.com\/fr\/wp-json\/wp\/v2\/product\/6612"}],"collection":[{"href":"https:\/\/crete-tours.com\/fr\/wp-json\/wp\/v2\/product"}],"about":[{"href":"https:\/\/crete-tours.com\/fr\/wp-json\/wp\/v2\/types\/product"}],"replies":[{"embeddable":true,"href":"https:\/\/crete-tours.com\/fr\/wp-json\/wp\/v2\/comments?post=6612"}],"wp:featuredmedia":[{"embeddable":true,"href":"https:\/\/crete-tours.com\/fr\/wp-json\/wp\/v2\/media\/6614"}],"wp:attachment":[{"href":"https:\/\/crete-tours.com\/fr\/wp-json\/wp\/v2\/media?parent=6612"}],"wp:term":[{"taxonomy":"product_cat","embeddable":true,"href":"https:\/\/crete-tours.com\/fr\/wp-json\/wp\/v2\/product_cat?post=6612"},{"taxonomy":"product_tag","embeddable":true,"href":"https:\/\/crete-tours.com\/fr\/wp-json\/wp\/v2\/product_tag?post=6612"}],"curies":[{"name":"wp","href":"https:\/\/api.w.org\/{rel}","templated":true}]}}