{"id":6588,"date":"2021-06-18T17:27:28","date_gmt":"2021-06-18T17:27:28","guid":{"rendered":"https:\/\/crete-tours.com\/product\/private-jeep-safari-south-crete\/"},"modified":"2023-11-22T09:28:23","modified_gmt":"2023-11-22T09:28:23","slug":"private-jeep-safari-south-crete","status":"publish","type":"product","link":"https:\/\/crete-tours.com\/fr\/product\/private-jeep-safari-south-crete\/","title":{"rendered":"Safari priv\u00e9 en jeep &#8211; Sud de la Cr\u00e8te"},"content":{"rendered":"<p>Nos circuits s&rsquo;adressent \u00e0 tous, petits ou grands, seuls ou \u00e0 plusieurs, familles, groupes ou entreprises. Nous organisons un safari en jeep priv\u00e9 sur des plages cr\u00e9toises isol\u00e9es.<\/p>\n<p>Passez une journ\u00e9e dans la nature \u00e0 explorer les beaut\u00e9s inconnues de la Cr\u00e8te. Asseyez-vous, d\u00e9tendez-vous et profitez d&rsquo;une journ\u00e9e inoubliable avec notre guide exp\u00e9riment\u00e9 qui conna\u00eet bien la Cr\u00e8te.<\/p>\n<p>Notre destination ? Un village recul\u00e9 du sud de la Cr\u00e8te, qui n&rsquo;est pas accessible \u00e0 toutes les voitures. Toujours propre, loin du tourisme de masse vous charmera par son calme et sa beaut\u00e9. Nager dans les eaux cristallines de la mer de Libye est essentiel car le littoral propose de nombreuses plages diff\u00e9rentes et la taverne de poisson locale propose du poisson frais et d&rsquo;excellentes sp\u00e9cialit\u00e9s locales. Que dis-tu; Aimeriez-vous aller dans un endroit o\u00f9 il y a peu de monde ?<\/p>\n<p>Contactez-nous pour planifier votre retour.<\/p>\n","protected":false},"excerpt":{"rendered":"<p>Jeep Safari a commenc\u00e9 comme une passion pour la nature et l&rsquo;aventure. Un hobby devenu un m\u00e9tier. Depuis plus de deux d\u00e9cennies, nous organisons des excursions en Jeep Safari et des activit\u00e9s de plein air en Cr\u00e8te. Des milliers de personnes de tous \u00e2ges ont v\u00e9cu avec nous le c\u00f4t\u00e9 intact de cette \u00eele. Contactez-nous, nous sommes l\u00e0 pour organiser une journ\u00e9e tr\u00e8s sp\u00e9ciale pour vous.<\/p>\n","protected":false},"featured_media":6589,"comment_status":"closed","ping_status":"closed","template":"","meta":{"site-sidebar-layout":"default","site-content-layout":"plain-container","ast-site-content-layout":"normal-width-container","site-content-style":"unboxed","site-sidebar-style":"unboxed","ast-global-header-display":"","ast-banner-title-visibility":"","ast-main-header-display":"","ast-hfb-above-header-display":"","ast-hfb-below-header-display":"","ast-hfb-mobile-header-display":"","site-post-title":"","ast-breadcrumbs-content":"","ast-featured-img":"","footer-sml-layout":"","theme-transparent-header-meta":"default","adv-header-id-meta":"5369","stick-header-meta":"default","header-above-stick-meta":"","header-main-stick-meta":"","header-below-stick-meta":"","astra-migrate-meta-layouts":"default","ast-page-background-enabled":"default","ast-page-background-meta":{"desktop":{"background-color":"","background-image":"","background-repeat":"repeat","background-position":"center center","background-size":"auto","background-attachment":"scroll","background-type":"","background-media":"","overlay-type":"","overlay-color":"","overlay-gradient":""},"tablet":{"background-color":"","background-image":"","background-repeat":"repeat","background-position":"center center","background-size":"auto","background-attachment":"scroll","background-type":"","background-media":"","overlay-type":"","overlay-color":"","overlay-gradient":""},"mobile":{"background-color":"","background-image":"","background-repeat":"repeat","background-position":"center center","background-size":"auto","background-attachment":"scroll","background-type":"","background-media":"","overlay-type":"","overlay-color":"","overlay-gradient":""}},"ast-content-background-meta":{"desktop":{"background-color":"var(--ast-global-color-5)","background-image":"","background-repeat":"repeat","background-position":"center center","background-size":"auto","background-attachment":"scroll","background-type":"","background-media":"","overlay-type":"","overlay-color":"","overlay-gradient":""},"tablet":{"background-color":"var(--ast-global-color-5)","background-image":"","background-repeat":"repeat","background-position":"center center","background-size":"auto","background-attachment":"scroll","background-type":"","background-media":"","overlay-type":"","overlay-color":"","overlay-gradient":""},"mobile":{"background-color":"var(--ast-global-color-5)","background-image":"","background-repeat":"repeat","background-position":"center center","background-size":"auto","background-attachment":"scroll","background-type":"","background-media":"","overlay-type":"","overlay-color":"","overlay-gradient":""}}},"product_cat":[70],"product_tag":[],"yoast_head":"<!-- This site is optimized with the Yoast SEO plugin v22.5 - https:\/\/yoast.com\/wordpress\/plugins\/seo\/ -->\n<title>Safari priv\u00e9 en jeep - Sud de la Cr\u00e8te - \u0395\u03ba\u03b4\u03c1\u03bf\u03bc\u03ad\u03c2 \u03c3\u03c4\u03b7\u03bd \u039a\u03c1\u03ae\u03c4\u03b7<\/title>\n<meta name=\"robots\" content=\"index, follow, max-snippet:-1, max-image-preview:large, max-video-preview:-1\" \/>\n<link rel=\"canonical\" href=\"https:\/\/crete-tours.com\/fr\/product\/private-jeep-safari-south-crete\/\" \/>\n<meta property=\"og:locale\" content=\"fr_FR\" \/>\n<meta property=\"og:type\" content=\"article\" \/>\n<meta property=\"og:title\" content=\"Safari priv\u00e9 en jeep - Sud de la Cr\u00e8te - \u0395\u03ba\u03b4\u03c1\u03bf\u03bc\u03ad\u03c2 \u03c3\u03c4\u03b7\u03bd \u039a\u03c1\u03ae\u03c4\u03b7\" \/>\n<meta property=\"og:description\" content=\"Jeep Safari a commenc\u00e9 comme une passion pour la nature et l&#039;aventure. Un hobby devenu un m\u00e9tier. Depuis plus de deux d\u00e9cennies, nous organisons des excursions en Jeep Safari et des activit\u00e9s de plein air en Cr\u00e8te. Des milliers de personnes de tous \u00e2ges ont v\u00e9cu avec nous le c\u00f4t\u00e9 intact de cette \u00eele. Contactez-nous, nous sommes l\u00e0 pour organiser une journ\u00e9e tr\u00e8s sp\u00e9ciale pour vous.\" \/>\n<meta property=\"og:url\" content=\"https:\/\/crete-tours.com\/fr\/product\/private-jeep-safari-south-crete\/\" \/>\n<meta property=\"og:site_name\" content=\"\u0395\u03ba\u03b4\u03c1\u03bf\u03bc\u03ad\u03c2 \u03c3\u03c4\u03b7\u03bd \u039a\u03c1\u03ae\u03c4\u03b7\" \/>\n<meta property=\"article:modified_time\" content=\"2023-11-22T09:28:23+00:00\" \/>\n<meta property=\"og:image\" content=\"https:\/\/crete-tours.com\/wp-content\/uploads\/2021\/06\/private-jeep-safari-scaled.jpg\" \/>\n\t<meta property=\"og:image:width\" content=\"2560\" \/>\n\t<meta property=\"og:image:height\" content=\"1714\" \/>\n\t<meta property=\"og:image:type\" content=\"image\/jpeg\" \/>\n<meta name=\"twitter:card\" content=\"summary_large_image\" \/>\n<meta name=\"twitter:label1\" content=\"Dur\u00e9e de lecture estim\u00e9e\" \/>\n\t<meta name=\"twitter:data1\" content=\"1 minute\" \/>\n<script type=\"application\/ld+json\" class=\"yoast-schema-graph\">{\"@context\":\"https:\/\/schema.org\",\"@graph\":[{\"@type\":\"WebPage\",\"@id\":\"https:\/\/crete-tours.com\/fr\/product\/private-jeep-safari-south-crete\/\",\"url\":\"https:\/\/crete-tours.com\/fr\/product\/private-jeep-safari-south-crete\/\",\"name\":\"Safari priv\u00e9 en jeep - Sud de la Cr\u00e8te - \u0395\u03ba\u03b4\u03c1\u03bf\u03bc\u03ad\u03c2 \u03c3\u03c4\u03b7\u03bd \u039a\u03c1\u03ae\u03c4\u03b7\",\"isPartOf\":{\"@id\":\"https:\/\/crete-tours.com\/#website\"},\"primaryImageOfPage\":{\"@id\":\"https:\/\/crete-tours.com\/fr\/product\/private-jeep-safari-south-crete\/#primaryimage\"},\"image\":{\"@id\":\"https:\/\/crete-tours.com\/fr\/product\/private-jeep-safari-south-crete\/#primaryimage\"},\"thumbnailUrl\":\"https:\/\/crete-tours.com\/wp-content\/uploads\/2021\/06\/private-jeep-safari-scaled.jpg\",\"datePublished\":\"2021-06-18T17:27:28+00:00\",\"dateModified\":\"2023-11-22T09:28:23+00:00\",\"breadcrumb\":{\"@id\":\"https:\/\/crete-tours.com\/fr\/product\/private-jeep-safari-south-crete\/#breadcrumb\"},\"inLanguage\":\"fr-FR\",\"potentialAction\":[{\"@type\":\"ReadAction\",\"target\":[\"https:\/\/crete-tours.com\/fr\/product\/private-jeep-safari-south-crete\/\"]}]},{\"@type\":\"ImageObject\",\"inLanguage\":\"fr-FR\",\"@id\":\"https:\/\/crete-tours.com\/fr\/product\/private-jeep-safari-south-crete\/#primaryimage\",\"url\":\"https:\/\/crete-tours.com\/wp-content\/uploads\/2021\/06\/private-jeep-safari-scaled.jpg\",\"contentUrl\":\"https:\/\/crete-tours.com\/wp-content\/uploads\/2021\/06\/private-jeep-safari-scaled.jpg\",\"width\":2560,\"height\":1714,\"caption\":\"private jeep safari\"},{\"@type\":\"BreadcrumbList\",\"@id\":\"https:\/\/crete-tours.com\/fr\/product\/private-jeep-safari-south-crete\/#breadcrumb\",\"itemListElement\":[{\"@type\":\"ListItem\",\"position\":1,\"name\":\"Accueil\",\"item\":\"https:\/\/crete-tours.com\/fr\/\"},{\"@type\":\"ListItem\",\"position\":2,\"name\":\"Products\",\"item\":\"https:\/\/crete-tours.com\/el\/shop\/\"},{\"@type\":\"ListItem\",\"position\":3,\"name\":\"Safari priv\u00e9 en jeep &#8211; Sud de la Cr\u00e8te\"}]},{\"@type\":\"WebSite\",\"@id\":\"https:\/\/crete-tours.com\/#website\",\"url\":\"https:\/\/crete-tours.com\/\",\"name\":\"\u0395\u03ba\u03b4\u03c1\u03bf\u03bc\u03ad\u03c2 \u03c3\u03c4\u03b7\u03bd \u039a\u03c1\u03ae\u03c4\u03b7\",\"description\":\"Best Way Travel\",\"publisher\":{\"@id\":\"https:\/\/crete-tours.com\/#organization\"},\"potentialAction\":[{\"@type\":\"SearchAction\",\"target\":{\"@type\":\"EntryPoint\",\"urlTemplate\":\"https:\/\/crete-tours.com\/?s={search_term_string}\"},\"query-input\":\"required name=search_term_string\"}],\"inLanguage\":\"fr-FR\"},{\"@type\":\"Organization\",\"@id\":\"https:\/\/crete-tours.com\/#organization\",\"name\":\"Rent A Green Car\",\"url\":\"https:\/\/crete-tours.com\/\",\"logo\":{\"@type\":\"ImageObject\",\"inLanguage\":\"fr-FR\",\"@id\":\"https:\/\/crete-tours.com\/#\/schema\/logo\/image\/\",\"url\":\"https:\/\/crete-tours.com\/wp-content\/uploads\/2021\/04\/logo.png\",\"contentUrl\":\"https:\/\/crete-tours.com\/wp-content\/uploads\/2021\/04\/logo.png\",\"width\":799,\"height\":189,\"caption\":\"Rent A Green Car\"},\"image\":{\"@id\":\"https:\/\/crete-tours.com\/#\/schema\/logo\/image\/\"}}]}<\/script>\n<!-- \/ Yoast SEO plugin. -->","yoast_head_json":{"title":"Safari priv\u00e9 en jeep - Sud de la Cr\u00e8te - \u0395\u03ba\u03b4\u03c1\u03bf\u03bc\u03ad\u03c2 \u03c3\u03c4\u03b7\u03bd \u039a\u03c1\u03ae\u03c4\u03b7","robots":{"index":"index","follow":"follow","max-snippet":"max-snippet:-1","max-image-preview":"max-image-preview:large","max-video-preview":"max-video-preview:-1"},"canonical":"https:\/\/crete-tours.com\/fr\/product\/private-jeep-safari-south-crete\/","og_locale":"fr_FR","og_type":"article","og_title":"Safari priv\u00e9 en jeep - Sud de la Cr\u00e8te - \u0395\u03ba\u03b4\u03c1\u03bf\u03bc\u03ad\u03c2 \u03c3\u03c4\u03b7\u03bd \u039a\u03c1\u03ae\u03c4\u03b7","og_description":"Jeep Safari a commenc\u00e9 comme une passion pour la nature et l'aventure. Un hobby devenu un m\u00e9tier. Depuis plus de deux d\u00e9cennies, nous organisons des excursions en Jeep Safari et des activit\u00e9s de plein air en Cr\u00e8te. Des milliers de personnes de tous \u00e2ges ont v\u00e9cu avec nous le c\u00f4t\u00e9 intact de cette \u00eele. Contactez-nous, nous sommes l\u00e0 pour organiser une journ\u00e9e tr\u00e8s sp\u00e9ciale pour vous.","og_url":"https:\/\/crete-tours.com\/fr\/product\/private-jeep-safari-south-crete\/","og_site_name":"\u0395\u03ba\u03b4\u03c1\u03bf\u03bc\u03ad\u03c2 \u03c3\u03c4\u03b7\u03bd \u039a\u03c1\u03ae\u03c4\u03b7","article_modified_time":"2023-11-22T09:28:23+00:00","og_image":[{"width":2560,"height":1714,"url":"https:\/\/crete-tours.com\/wp-content\/uploads\/2021\/06\/private-jeep-safari-scaled.jpg","type":"image\/jpeg"}],"twitter_card":"summary_large_image","twitter_misc":{"Dur\u00e9e de lecture estim\u00e9e":"1 minute"},"schema":{"@context":"https:\/\/schema.org","@graph":[{"@type":"WebPage","@id":"https:\/\/crete-tours.com\/fr\/product\/private-jeep-safari-south-crete\/","url":"https:\/\/crete-tours.com\/fr\/product\/private-jeep-safari-south-crete\/","name":"Safari priv\u00e9 en jeep - Sud de la Cr\u00e8te - \u0395\u03ba\u03b4\u03c1\u03bf\u03bc\u03ad\u03c2 \u03c3\u03c4\u03b7\u03bd \u039a\u03c1\u03ae\u03c4\u03b7","isPartOf":{"@id":"https:\/\/crete-tours.com\/#website"},"primaryImageOfPage":{"@id":"https:\/\/crete-tours.com\/fr\/product\/private-jeep-safari-south-crete\/#primaryimage"},"image":{"@id":"https:\/\/crete-tours.com\/fr\/product\/private-jeep-safari-south-crete\/#primaryimage"},"thumbnailUrl":"https:\/\/crete-tours.com\/wp-content\/uploads\/2021\/06\/private-jeep-safari-scaled.jpg","datePublished":"2021-06-18T17:27:28+00:00","dateModified":"2023-11-22T09:28:23+00:00","breadcrumb":{"@id":"https:\/\/crete-tours.com\/fr\/product\/private-jeep-safari-south-crete\/#breadcrumb"},"inLanguage":"fr-FR","potentialAction":[{"@type":"ReadAction","target":["https:\/\/crete-tours.com\/fr\/product\/private-jeep-safari-south-crete\/"]}]},{"@type":"ImageObject","inLanguage":"fr-FR","@id":"https:\/\/crete-tours.com\/fr\/product\/private-jeep-safari-south-crete\/#primaryimage","url":"https:\/\/crete-tours.com\/wp-content\/uploads\/2021\/06\/private-jeep-safari-scaled.jpg","contentUrl":"https:\/\/crete-tours.com\/wp-content\/uploads\/2021\/06\/private-jeep-safari-scaled.jpg","width":2560,"height":1714,"caption":"private jeep safari"},{"@type":"BreadcrumbList","@id":"https:\/\/crete-tours.com\/fr\/product\/private-jeep-safari-south-crete\/#breadcrumb","itemListElement":[{"@type":"ListItem","position":1,"name":"Accueil","item":"https:\/\/crete-tours.com\/fr\/"},{"@type":"ListItem","position":2,"name":"Products","item":"https:\/\/crete-tours.com\/el\/shop\/"},{"@type":"ListItem","position":3,"name":"Safari priv\u00e9 en jeep &#8211; Sud de la Cr\u00e8te"}]},{"@type":"WebSite","@id":"https:\/\/crete-tours.com\/#website","url":"https:\/\/crete-tours.com\/","name":"\u0395\u03ba\u03b4\u03c1\u03bf\u03bc\u03ad\u03c2 \u03c3\u03c4\u03b7\u03bd \u039a\u03c1\u03ae\u03c4\u03b7","description":"Best Way Travel","publisher":{"@id":"https:\/\/crete-tours.com\/#organization"},"potentialAction":[{"@type":"SearchAction","target":{"@type":"EntryPoint","urlTemplate":"https:\/\/crete-tours.com\/?s={search_term_string}"},"query-input":"required name=search_term_string"}],"inLanguage":"fr-FR"},{"@type":"Organization","@id":"https:\/\/crete-tours.com\/#organization","name":"Rent A Green Car","url":"https:\/\/crete-tours.com\/","logo":{"@type":"ImageObject","inLanguage":"fr-FR","@id":"https:\/\/crete-tours.com\/#\/schema\/logo\/image\/","url":"https:\/\/crete-tours.com\/wp-content\/uploads\/2021\/04\/logo.png","contentUrl":"https:\/\/crete-tours.com\/wp-content\/uploads\/2021\/04\/logo.png","width":799,"height":189,"caption":"Rent A Green Car"},"image":{"@id":"https:\/\/crete-tours.com\/#\/schema\/logo\/image\/"}}]}},"_links":{"self":[{"href":"https:\/\/crete-tours.com\/fr\/wp-json\/wp\/v2\/product\/6588"}],"collection":[{"href":"https:\/\/crete-tours.com\/fr\/wp-json\/wp\/v2\/product"}],"about":[{"href":"https:\/\/crete-tours.com\/fr\/wp-json\/wp\/v2\/types\/product"}],"replies":[{"embeddable":true,"href":"https:\/\/crete-tours.com\/fr\/wp-json\/wp\/v2\/comments?post=6588"}],"wp:featuredmedia":[{"embeddable":true,"href":"https:\/\/crete-tours.com\/fr\/wp-json\/wp\/v2\/media\/6589"}],"wp:attachment":[{"href":"https:\/\/crete-tours.com\/fr\/wp-json\/wp\/v2\/media?parent=6588"}],"wp:term":[{"taxonomy":"product_cat","embeddable":true,"href":"https:\/\/crete-tours.com\/fr\/wp-json\/wp\/v2\/product_cat?post=6588"},{"taxonomy":"product_tag","embeddable":true,"href":"https:\/\/crete-tours.com\/fr\/wp-json\/wp\/v2\/product_tag?post=6588"}],"curies":[{"name":"wp","href":"https:\/\/api.w.org\/{rel}","templated":true}]}}