{"id":6146,"date":"2021-06-18T16:02:26","date_gmt":"2021-06-18T16:02:26","guid":{"rendered":"https:\/\/crete-tours.com\/product\/spinalonga-elounda-agios-nikolaos\/"},"modified":"2024-04-17T09:58:45","modified_gmt":"2024-04-17T09:58:45","slug":"spinalonga-elounda-agios-nikolaos","status":"publish","type":"product","link":"https:\/\/crete-tours.com\/fr\/product\/spinalonga-elounda-agios-nikolaos\/","title":{"rendered":"Spinalonga &#8211; Elounda &#8211; Agios Nikolaos"},"content":{"rendered":"<p>En longeant <strong>la c\u00f4te nord-est<\/strong> \u00e0 travers les gorges <strong>d&rsquo;Agios Georgios<\/strong>, nous atteignons le petit village de p\u00eacheurs <strong>d&rsquo;Elounda<\/strong>.<\/p>\n<p>Cette zone est devenue c\u00e9l\u00e8bre gr\u00e2ce \u00e0 la s\u00e9rie t\u00e9l\u00e9vis\u00e9e de la BBC \u00ab\u00a0Who Pays the Ferryman\u00a0\u00bb (1977). Aujourd&rsquo;hui, Elounda est une station touristique populaire, souvent visit\u00e9e par les VIP pour ses luxueuses stations baln\u00e9aires.<\/p>\n<p>De l\u00e0, nous prenons le ferry qui nous emm\u00e8ne sur la petite \u00eele de Spinalonga.<\/p>\n<p>L&rsquo;histoire et la culture de l&rsquo;\u00eele de Spinalonga sont \u00e9troitement li\u00e9es \u00e0 la trag\u00e9die humaine au fil du temps. Cette petite \u00eele porte en elle l&rsquo;histoire de la Gr\u00e8ce antique, car elle a \u00e9t\u00e9 utilis\u00e9e comme forteresse naturelle pour l&rsquo;ancienne ville <strong>d&rsquo;Olous<\/strong>.<\/p>\n<p>Apr\u00e8s notre tour de l&rsquo;\u00eele, nous nous dirigeons vers la petite baie sablonneuse de Kolokytha, o\u00f9 le bateau s&rsquo;\u00e9chouera. Ici, vous avez tout le temps de nager dans les eaux cristallines et d&rsquo;essayer le barbecue servi sur le bateau.<\/p>\n<p>Ensuite, nous retournons \u00e0 Elounda, o\u00f9 nous prenons le bus pour notre dernier arr\u00eat, la ville pittoresque <strong>d&rsquo;Agios Nikolaos<\/strong>.<\/p>\n<p>Ici, vous avez le temps de voir et de magasiner dans les magasins, de visiter le lac sans fond et de vous d\u00e9tendre.<\/p>\n","protected":false},"excerpt":{"rendered":"<p>Ce voyage est un voyage dans le temps, car il apporte le sentiment d&rsquo;une autre \u00e9poque\u2026 une visite des lieux les plus connus de l&rsquo;est de la Cr\u00e8te, Spinalonga, Elounda et Agios Nikolaos.<\/p>\n","protected":false},"featured_media":6148,"comment_status":"closed","ping_status":"closed","template":"","meta":{"site-sidebar-layout":"default","site-content-layout":"default","ast-site-content-layout":"default","site-content-style":"default","site-sidebar-style":"default","ast-global-header-display":"","ast-banner-title-visibility":"","ast-main-header-display":"","ast-hfb-above-header-display":"","ast-hfb-below-header-display":"","ast-hfb-mobile-header-display":"","site-post-title":"","ast-breadcrumbs-content":"","ast-featured-img":"","footer-sml-layout":"","theme-transparent-header-meta":"default","adv-header-id-meta":"5369","stick-header-meta":"default","header-above-stick-meta":"","header-main-stick-meta":"","header-below-stick-meta":"","astra-migrate-meta-layouts":"default","ast-page-background-enabled":"default","ast-page-background-meta":{"desktop":{"background-color":"","background-image":"","background-repeat":"repeat","background-position":"center center","background-size":"auto","background-attachment":"scroll","background-type":"","background-media":"","overlay-type":"","overlay-color":"","overlay-gradient":""},"tablet":{"background-color":"","background-image":"","background-repeat":"repeat","background-position":"center center","background-size":"auto","background-attachment":"scroll","background-type":"","background-media":"","overlay-type":"","overlay-color":"","overlay-gradient":""},"mobile":{"background-color":"","background-image":"","background-repeat":"repeat","background-position":"center center","background-size":"auto","background-attachment":"scroll","background-type":"","background-media":"","overlay-type":"","overlay-color":"","overlay-gradient":""}},"ast-content-background-meta":{"desktop":{"background-color":"var(--ast-global-color-5)","background-image":"","background-repeat":"repeat","background-position":"center center","background-size":"auto","background-attachment":"scroll","background-type":"","background-media":"","overlay-type":"","overlay-color":"","overlay-gradient":""},"tablet":{"background-color":"var(--ast-global-color-5)","background-image":"","background-repeat":"repeat","background-position":"center center","background-size":"auto","background-attachment":"scroll","background-type":"","background-media":"","overlay-type":"","overlay-color":"","overlay-gradient":""},"mobile":{"background-color":"var(--ast-global-color-5)","background-image":"","background-repeat":"repeat","background-position":"center center","background-size":"auto","background-attachment":"scroll","background-type":"","background-media":"","overlay-type":"","overlay-color":"","overlay-gradient":""}}},"product_cat":[67],"product_tag":[],"yoast_head":"<!-- This site is optimized with the Yoast SEO plugin v22.5 - https:\/\/yoast.com\/wordpress\/plugins\/seo\/ -->\n<title>Spinalonga - Elounda - Agios Nikolaos - \u0395\u03ba\u03b4\u03c1\u03bf\u03bc\u03ad\u03c2 \u03c3\u03c4\u03b7\u03bd \u039a\u03c1\u03ae\u03c4\u03b7<\/title>\n<meta name=\"robots\" content=\"index, follow, max-snippet:-1, max-image-preview:large, max-video-preview:-1\" \/>\n<link rel=\"canonical\" href=\"https:\/\/crete-tours.com\/fr\/product\/spinalonga-elounda-agios-nikolaos\/\" \/>\n<meta property=\"og:locale\" content=\"fr_FR\" \/>\n<meta property=\"og:type\" content=\"article\" \/>\n<meta property=\"og:title\" content=\"Spinalonga - Elounda - Agios Nikolaos - \u0395\u03ba\u03b4\u03c1\u03bf\u03bc\u03ad\u03c2 \u03c3\u03c4\u03b7\u03bd \u039a\u03c1\u03ae\u03c4\u03b7\" \/>\n<meta property=\"og:description\" content=\"Ce voyage est un voyage dans le temps, car il apporte le sentiment d&#039;une autre \u00e9poque\u2026 une visite des lieux les plus connus de l&#039;est de la Cr\u00e8te, Spinalonga, Elounda et Agios Nikolaos.\" \/>\n<meta property=\"og:url\" content=\"https:\/\/crete-tours.com\/fr\/product\/spinalonga-elounda-agios-nikolaos\/\" \/>\n<meta property=\"og:site_name\" content=\"\u0395\u03ba\u03b4\u03c1\u03bf\u03bc\u03ad\u03c2 \u03c3\u03c4\u03b7\u03bd \u039a\u03c1\u03ae\u03c4\u03b7\" \/>\n<meta property=\"article:modified_time\" content=\"2024-04-17T09:58:45+00:00\" \/>\n<meta property=\"og:image\" content=\"https:\/\/crete-tours.com\/wp-content\/uploads\/2021\/06\/Spinalonga-drone.jpg\" \/>\n\t<meta property=\"og:image:width\" content=\"1500\" \/>\n\t<meta property=\"og:image:height\" content=\"1000\" \/>\n\t<meta property=\"og:image:type\" content=\"image\/jpeg\" \/>\n<meta name=\"twitter:card\" content=\"summary_large_image\" \/>\n<meta name=\"twitter:label1\" content=\"Dur\u00e9e de lecture estim\u00e9e\" \/>\n\t<meta name=\"twitter:data1\" content=\"1 minute\" \/>\n<script type=\"application\/ld+json\" class=\"yoast-schema-graph\">{\"@context\":\"https:\/\/schema.org\",\"@graph\":[{\"@type\":\"WebPage\",\"@id\":\"https:\/\/crete-tours.com\/fr\/product\/spinalonga-elounda-agios-nikolaos\/\",\"url\":\"https:\/\/crete-tours.com\/fr\/product\/spinalonga-elounda-agios-nikolaos\/\",\"name\":\"Spinalonga - Elounda - Agios Nikolaos - \u0395\u03ba\u03b4\u03c1\u03bf\u03bc\u03ad\u03c2 \u03c3\u03c4\u03b7\u03bd \u039a\u03c1\u03ae\u03c4\u03b7\",\"isPartOf\":{\"@id\":\"https:\/\/crete-tours.com\/#website\"},\"primaryImageOfPage\":{\"@id\":\"https:\/\/crete-tours.com\/fr\/product\/spinalonga-elounda-agios-nikolaos\/#primaryimage\"},\"image\":{\"@id\":\"https:\/\/crete-tours.com\/fr\/product\/spinalonga-elounda-agios-nikolaos\/#primaryimage\"},\"thumbnailUrl\":\"https:\/\/crete-tours.com\/wp-content\/uploads\/2021\/06\/Spinalonga-drone.jpg\",\"datePublished\":\"2021-06-18T16:02:26+00:00\",\"dateModified\":\"2024-04-17T09:58:45+00:00\",\"breadcrumb\":{\"@id\":\"https:\/\/crete-tours.com\/fr\/product\/spinalonga-elounda-agios-nikolaos\/#breadcrumb\"},\"inLanguage\":\"fr-FR\",\"potentialAction\":[{\"@type\":\"ReadAction\",\"target\":[\"https:\/\/crete-tours.com\/fr\/product\/spinalonga-elounda-agios-nikolaos\/\"]}]},{\"@type\":\"ImageObject\",\"inLanguage\":\"fr-FR\",\"@id\":\"https:\/\/crete-tours.com\/fr\/product\/spinalonga-elounda-agios-nikolaos\/#primaryimage\",\"url\":\"https:\/\/crete-tours.com\/wp-content\/uploads\/2021\/06\/Spinalonga-drone.jpg\",\"contentUrl\":\"https:\/\/crete-tours.com\/wp-content\/uploads\/2021\/06\/Spinalonga-drone.jpg\",\"width\":1500,\"height\":1000,\"caption\":\"Spinalonga drone\"},{\"@type\":\"BreadcrumbList\",\"@id\":\"https:\/\/crete-tours.com\/fr\/product\/spinalonga-elounda-agios-nikolaos\/#breadcrumb\",\"itemListElement\":[{\"@type\":\"ListItem\",\"position\":1,\"name\":\"Accueil\",\"item\":\"https:\/\/crete-tours.com\/fr\/\"},{\"@type\":\"ListItem\",\"position\":2,\"name\":\"Products\",\"item\":\"https:\/\/crete-tours.com\/el\/shop\/\"},{\"@type\":\"ListItem\",\"position\":3,\"name\":\"Spinalonga &#8211; Elounda &#8211; Agios Nikolaos\"}]},{\"@type\":\"WebSite\",\"@id\":\"https:\/\/crete-tours.com\/#website\",\"url\":\"https:\/\/crete-tours.com\/\",\"name\":\"\u0395\u03ba\u03b4\u03c1\u03bf\u03bc\u03ad\u03c2 \u03c3\u03c4\u03b7\u03bd \u039a\u03c1\u03ae\u03c4\u03b7\",\"description\":\"Best Way Travel\",\"publisher\":{\"@id\":\"https:\/\/crete-tours.com\/#organization\"},\"potentialAction\":[{\"@type\":\"SearchAction\",\"target\":{\"@type\":\"EntryPoint\",\"urlTemplate\":\"https:\/\/crete-tours.com\/?s={search_term_string}\"},\"query-input\":\"required name=search_term_string\"}],\"inLanguage\":\"fr-FR\"},{\"@type\":\"Organization\",\"@id\":\"https:\/\/crete-tours.com\/#organization\",\"name\":\"Rent A Green Car\",\"url\":\"https:\/\/crete-tours.com\/\",\"logo\":{\"@type\":\"ImageObject\",\"inLanguage\":\"fr-FR\",\"@id\":\"https:\/\/crete-tours.com\/#\/schema\/logo\/image\/\",\"url\":\"https:\/\/crete-tours.com\/wp-content\/uploads\/2021\/04\/logo.png\",\"contentUrl\":\"https:\/\/crete-tours.com\/wp-content\/uploads\/2021\/04\/logo.png\",\"width\":799,\"height\":189,\"caption\":\"Rent A Green Car\"},\"image\":{\"@id\":\"https:\/\/crete-tours.com\/#\/schema\/logo\/image\/\"}}]}<\/script>\n<!-- \/ Yoast SEO plugin. -->","yoast_head_json":{"title":"Spinalonga - Elounda - Agios Nikolaos - \u0395\u03ba\u03b4\u03c1\u03bf\u03bc\u03ad\u03c2 \u03c3\u03c4\u03b7\u03bd \u039a\u03c1\u03ae\u03c4\u03b7","robots":{"index":"index","follow":"follow","max-snippet":"max-snippet:-1","max-image-preview":"max-image-preview:large","max-video-preview":"max-video-preview:-1"},"canonical":"https:\/\/crete-tours.com\/fr\/product\/spinalonga-elounda-agios-nikolaos\/","og_locale":"fr_FR","og_type":"article","og_title":"Spinalonga - Elounda - Agios Nikolaos - \u0395\u03ba\u03b4\u03c1\u03bf\u03bc\u03ad\u03c2 \u03c3\u03c4\u03b7\u03bd \u039a\u03c1\u03ae\u03c4\u03b7","og_description":"Ce voyage est un voyage dans le temps, car il apporte le sentiment d'une autre \u00e9poque\u2026 une visite des lieux les plus connus de l'est de la Cr\u00e8te, Spinalonga, Elounda et Agios Nikolaos.","og_url":"https:\/\/crete-tours.com\/fr\/product\/spinalonga-elounda-agios-nikolaos\/","og_site_name":"\u0395\u03ba\u03b4\u03c1\u03bf\u03bc\u03ad\u03c2 \u03c3\u03c4\u03b7\u03bd \u039a\u03c1\u03ae\u03c4\u03b7","article_modified_time":"2024-04-17T09:58:45+00:00","og_image":[{"width":1500,"height":1000,"url":"https:\/\/crete-tours.com\/wp-content\/uploads\/2021\/06\/Spinalonga-drone.jpg","type":"image\/jpeg"}],"twitter_card":"summary_large_image","twitter_misc":{"Dur\u00e9e de lecture estim\u00e9e":"1 minute"},"schema":{"@context":"https:\/\/schema.org","@graph":[{"@type":"WebPage","@id":"https:\/\/crete-tours.com\/fr\/product\/spinalonga-elounda-agios-nikolaos\/","url":"https:\/\/crete-tours.com\/fr\/product\/spinalonga-elounda-agios-nikolaos\/","name":"Spinalonga - Elounda - Agios Nikolaos - \u0395\u03ba\u03b4\u03c1\u03bf\u03bc\u03ad\u03c2 \u03c3\u03c4\u03b7\u03bd \u039a\u03c1\u03ae\u03c4\u03b7","isPartOf":{"@id":"https:\/\/crete-tours.com\/#website"},"primaryImageOfPage":{"@id":"https:\/\/crete-tours.com\/fr\/product\/spinalonga-elounda-agios-nikolaos\/#primaryimage"},"image":{"@id":"https:\/\/crete-tours.com\/fr\/product\/spinalonga-elounda-agios-nikolaos\/#primaryimage"},"thumbnailUrl":"https:\/\/crete-tours.com\/wp-content\/uploads\/2021\/06\/Spinalonga-drone.jpg","datePublished":"2021-06-18T16:02:26+00:00","dateModified":"2024-04-17T09:58:45+00:00","breadcrumb":{"@id":"https:\/\/crete-tours.com\/fr\/product\/spinalonga-elounda-agios-nikolaos\/#breadcrumb"},"inLanguage":"fr-FR","potentialAction":[{"@type":"ReadAction","target":["https:\/\/crete-tours.com\/fr\/product\/spinalonga-elounda-agios-nikolaos\/"]}]},{"@type":"ImageObject","inLanguage":"fr-FR","@id":"https:\/\/crete-tours.com\/fr\/product\/spinalonga-elounda-agios-nikolaos\/#primaryimage","url":"https:\/\/crete-tours.com\/wp-content\/uploads\/2021\/06\/Spinalonga-drone.jpg","contentUrl":"https:\/\/crete-tours.com\/wp-content\/uploads\/2021\/06\/Spinalonga-drone.jpg","width":1500,"height":1000,"caption":"Spinalonga drone"},{"@type":"BreadcrumbList","@id":"https:\/\/crete-tours.com\/fr\/product\/spinalonga-elounda-agios-nikolaos\/#breadcrumb","itemListElement":[{"@type":"ListItem","position":1,"name":"Accueil","item":"https:\/\/crete-tours.com\/fr\/"},{"@type":"ListItem","position":2,"name":"Products","item":"https:\/\/crete-tours.com\/el\/shop\/"},{"@type":"ListItem","position":3,"name":"Spinalonga &#8211; Elounda &#8211; Agios Nikolaos"}]},{"@type":"WebSite","@id":"https:\/\/crete-tours.com\/#website","url":"https:\/\/crete-tours.com\/","name":"\u0395\u03ba\u03b4\u03c1\u03bf\u03bc\u03ad\u03c2 \u03c3\u03c4\u03b7\u03bd \u039a\u03c1\u03ae\u03c4\u03b7","description":"Best Way Travel","publisher":{"@id":"https:\/\/crete-tours.com\/#organization"},"potentialAction":[{"@type":"SearchAction","target":{"@type":"EntryPoint","urlTemplate":"https:\/\/crete-tours.com\/?s={search_term_string}"},"query-input":"required name=search_term_string"}],"inLanguage":"fr-FR"},{"@type":"Organization","@id":"https:\/\/crete-tours.com\/#organization","name":"Rent A Green Car","url":"https:\/\/crete-tours.com\/","logo":{"@type":"ImageObject","inLanguage":"fr-FR","@id":"https:\/\/crete-tours.com\/#\/schema\/logo\/image\/","url":"https:\/\/crete-tours.com\/wp-content\/uploads\/2021\/04\/logo.png","contentUrl":"https:\/\/crete-tours.com\/wp-content\/uploads\/2021\/04\/logo.png","width":799,"height":189,"caption":"Rent A Green Car"},"image":{"@id":"https:\/\/crete-tours.com\/#\/schema\/logo\/image\/"}}]}},"_links":{"self":[{"href":"https:\/\/crete-tours.com\/fr\/wp-json\/wp\/v2\/product\/6146"}],"collection":[{"href":"https:\/\/crete-tours.com\/fr\/wp-json\/wp\/v2\/product"}],"about":[{"href":"https:\/\/crete-tours.com\/fr\/wp-json\/wp\/v2\/types\/product"}],"replies":[{"embeddable":true,"href":"https:\/\/crete-tours.com\/fr\/wp-json\/wp\/v2\/comments?post=6146"}],"wp:featuredmedia":[{"embeddable":true,"href":"https:\/\/crete-tours.com\/fr\/wp-json\/wp\/v2\/media\/6148"}],"wp:attachment":[{"href":"https:\/\/crete-tours.com\/fr\/wp-json\/wp\/v2\/media?parent=6146"}],"wp:term":[{"taxonomy":"product_cat","embeddable":true,"href":"https:\/\/crete-tours.com\/fr\/wp-json\/wp\/v2\/product_cat?post=6146"},{"taxonomy":"product_tag","embeddable":true,"href":"https:\/\/crete-tours.com\/fr\/wp-json\/wp\/v2\/product_tag?post=6146"}],"curies":[{"name":"wp","href":"https:\/\/api.w.org\/{rel}","templated":true}]}}