{"id":6110,"date":"2021-06-18T09:30:09","date_gmt":"2021-06-18T09:30:09","guid":{"rendered":"https:\/\/crete-tours.com\/product\/gramvousa-balos\/"},"modified":"2024-04-17T10:01:45","modified_gmt":"2024-04-17T10:01:45","slug":"gramvousa-balos","status":"publish","type":"product","link":"https:\/\/crete-tours.com\/fr\/product\/gramvousa-balos\/","title":{"rendered":"Gramvousa \u2013 Balos"},"content":{"rendered":"<p>Une excursion exquise est celle de <strong>Gramvousa et Balos<\/strong>.En direction de l&rsquo;ouest de l&rsquo;\u00eele, nous faisons notre premier arr\u00eat pr\u00e8s de <strong>Rethimnon<\/strong>, o\u00f9 nous avons du temps pour prendre un caf\u00e9 ou un petit-d\u00e9jeuner.Ensuite, nous nous dirigeons vers <strong>Kissamos<\/strong>, o\u00f9 nous partons pour notre voyage .Les premi\u00e8res choses que nous admirons sont une vaste grotte -probablement un ancien chantier naval-, les tortues marines et les dauphins.Nous assistons \u00e9galement \u00e0 un ph\u00e9nom\u00e8ne g\u00e9ologique impressionnant : le soul\u00e8vement et le naufrage simultan\u00e9s des deux c\u00f4t\u00e9s de l&rsquo;\u00eele, o\u00f9 son c\u00f4t\u00e9 ouest s&rsquo;\u00e9l\u00e8ve jusqu&rsquo;\u00e0 6-9 m\u00e8tres au-dessus du niveau de la mer. Nous d\u00e9barquons sur l&rsquo;\u00eele de Gramvousa, \u00e9galement connue sous le nom de \u00ab\u00a0l&rsquo;\u00eele des pirates\u00a0\u00bb, car elle \u00e9tait autrefois une cachette pour les rebelles de l&rsquo;\u00eele, o\u00f9 nous sommes instantan\u00e9ment souffl\u00e9s loin par la beaut\u00e9 naturelle de l&rsquo;endroit!<\/p>\n<p>La zone plus large de <strong>Gramvousa<\/strong> forme l&rsquo;un des hydro-biotopes les plus importants de la M\u00e9diterran\u00e9e orientale, car ici, nous pouvons rencontrer plus de 100 esp\u00e8ces d&rsquo;oiseaux et 400 esp\u00e8ces de plantes. Apr\u00e8s notre exploration de la r\u00e9gion, nous avons tout le temps de profiter de notre baignade \u00e0 la magnifique plage aux couleurs magnifiques, prenez quelques clich\u00e9s du c\u00e9l\u00e8bre naufrage de l&rsquo;\u00eele ou d\u00e9jeunez \u00e0 bord (facultatif).<\/p>\n<p>En d\u00e9but d&rsquo;apr\u00e8s-midi, nous nous dirigeons vers le lagon de <strong>Balos<\/strong>, l&rsquo;un des plus beaux endroits de Gr\u00e8ce. La vue sur le lagon est vraiment \u00e9poustouflante et nous rappelle les plages exotiques des Cara\u00efbes. Ces quelques heures de solitude dans un tel paradis s\u00fbrement grav\u00e9 dans notre m\u00e9moire \u00e0 jamais.<\/p>\n","protected":false},"excerpt":{"rendered":"<p>An exquisite excursion is the one to\u00a0<strong>Gramvousa and Balos<\/strong>.<\/p>\n<p>TOUR HIGHLIGHTS<\/p>\n<p><strong>Kissamos port<\/strong> or \u201cKavonissi\u201d<br \/>\n<strong>Gramvousa<\/strong>\u00a0\u2013 the pirate island with its Venetian castle<br \/>\n<strong>Balos<\/strong>\u00a0\u2013 the magnificent beach of \u201cblue lagoon\u201d meeting place of three seas<\/p>\n","protected":false},"featured_media":6112,"comment_status":"closed","ping_status":"closed","template":"","meta":{"site-sidebar-layout":"default","site-content-layout":"default","ast-site-content-layout":"default","site-content-style":"default","site-sidebar-style":"default","ast-global-header-display":"","ast-banner-title-visibility":"","ast-main-header-display":"","ast-hfb-above-header-display":"","ast-hfb-below-header-display":"","ast-hfb-mobile-header-display":"","site-post-title":"","ast-breadcrumbs-content":"","ast-featured-img":"","footer-sml-layout":"","theme-transparent-header-meta":"default","adv-header-id-meta":"5369","stick-header-meta":"default","header-above-stick-meta":"","header-main-stick-meta":"","header-below-stick-meta":"","astra-migrate-meta-layouts":"default","ast-page-background-enabled":"default","ast-page-background-meta":{"desktop":{"background-color":"","background-image":"","background-repeat":"repeat","background-position":"center center","background-size":"auto","background-attachment":"scroll","background-type":"","background-media":"","overlay-type":"","overlay-color":"","overlay-gradient":""},"tablet":{"background-color":"","background-image":"","background-repeat":"repeat","background-position":"center center","background-size":"auto","background-attachment":"scroll","background-type":"","background-media":"","overlay-type":"","overlay-color":"","overlay-gradient":""},"mobile":{"background-color":"","background-image":"","background-repeat":"repeat","background-position":"center center","background-size":"auto","background-attachment":"scroll","background-type":"","background-media":"","overlay-type":"","overlay-color":"","overlay-gradient":""}},"ast-content-background-meta":{"desktop":{"background-color":"var(--ast-global-color-5)","background-image":"","background-repeat":"repeat","background-position":"center center","background-size":"auto","background-attachment":"scroll","background-type":"","background-media":"","overlay-type":"","overlay-color":"","overlay-gradient":""},"tablet":{"background-color":"var(--ast-global-color-5)","background-image":"","background-repeat":"repeat","background-position":"center center","background-size":"auto","background-attachment":"scroll","background-type":"","background-media":"","overlay-type":"","overlay-color":"","overlay-gradient":""},"mobile":{"background-color":"var(--ast-global-color-5)","background-image":"","background-repeat":"repeat","background-position":"center center","background-size":"auto","background-attachment":"scroll","background-type":"","background-media":"","overlay-type":"","overlay-color":"","overlay-gradient":""}}},"product_cat":[67],"product_tag":[],"yoast_head":"<!-- This site is optimized with the Yoast SEO plugin v22.5 - https:\/\/yoast.com\/wordpress\/plugins\/seo\/ -->\n<title>Gramvousa \u2013 Balos - \u0395\u03ba\u03b4\u03c1\u03bf\u03bc\u03ad\u03c2 \u03c3\u03c4\u03b7\u03bd \u039a\u03c1\u03ae\u03c4\u03b7<\/title>\n<meta name=\"robots\" content=\"index, follow, max-snippet:-1, max-image-preview:large, max-video-preview:-1\" \/>\n<link rel=\"canonical\" href=\"https:\/\/crete-tours.com\/fr\/product\/gramvousa-balos\/\" \/>\n<meta property=\"og:locale\" content=\"fr_FR\" \/>\n<meta property=\"og:type\" content=\"article\" \/>\n<meta property=\"og:title\" content=\"Gramvousa \u2013 Balos - \u0395\u03ba\u03b4\u03c1\u03bf\u03bc\u03ad\u03c2 \u03c3\u03c4\u03b7\u03bd \u039a\u03c1\u03ae\u03c4\u03b7\" \/>\n<meta property=\"og:description\" content=\"An exquisite excursion is the one to\u00a0Gramvousa and Balos.  TOUR HIGHLIGHTS  Kissamos port or \u201cKavonissi\u201d Gramvousa\u00a0\u2013 the pirate island with its Venetian castle Balos\u00a0\u2013 the magnificent beach of \u201cblue lagoon\u201d meeting place of three seas\" \/>\n<meta property=\"og:url\" content=\"https:\/\/crete-tours.com\/fr\/product\/gramvousa-balos\/\" \/>\n<meta property=\"og:site_name\" content=\"\u0395\u03ba\u03b4\u03c1\u03bf\u03bc\u03ad\u03c2 \u03c3\u03c4\u03b7\u03bd \u039a\u03c1\u03ae\u03c4\u03b7\" \/>\n<meta property=\"article:modified_time\" content=\"2024-04-17T10:01:45+00:00\" \/>\n<meta property=\"og:image\" content=\"https:\/\/crete-tours.com\/wp-content\/uploads\/2021\/06\/Balos-sunset.jpg\" \/>\n\t<meta property=\"og:image:width\" content=\"1500\" \/>\n\t<meta property=\"og:image:height\" content=\"1000\" \/>\n\t<meta property=\"og:image:type\" content=\"image\/jpeg\" \/>\n<meta name=\"twitter:card\" content=\"summary_large_image\" \/>\n<meta name=\"twitter:label1\" content=\"Dur\u00e9e de lecture estim\u00e9e\" \/>\n\t<meta name=\"twitter:data1\" content=\"2 minutes\" \/>\n<script type=\"application\/ld+json\" class=\"yoast-schema-graph\">{\"@context\":\"https:\/\/schema.org\",\"@graph\":[{\"@type\":\"WebPage\",\"@id\":\"https:\/\/crete-tours.com\/fr\/product\/gramvousa-balos\/\",\"url\":\"https:\/\/crete-tours.com\/fr\/product\/gramvousa-balos\/\",\"name\":\"Gramvousa \u2013 Balos - \u0395\u03ba\u03b4\u03c1\u03bf\u03bc\u03ad\u03c2 \u03c3\u03c4\u03b7\u03bd \u039a\u03c1\u03ae\u03c4\u03b7\",\"isPartOf\":{\"@id\":\"https:\/\/crete-tours.com\/#website\"},\"primaryImageOfPage\":{\"@id\":\"https:\/\/crete-tours.com\/fr\/product\/gramvousa-balos\/#primaryimage\"},\"image\":{\"@id\":\"https:\/\/crete-tours.com\/fr\/product\/gramvousa-balos\/#primaryimage\"},\"thumbnailUrl\":\"https:\/\/crete-tours.com\/wp-content\/uploads\/2021\/06\/Balos-sunset.jpg\",\"datePublished\":\"2021-06-18T09:30:09+00:00\",\"dateModified\":\"2024-04-17T10:01:45+00:00\",\"breadcrumb\":{\"@id\":\"https:\/\/crete-tours.com\/fr\/product\/gramvousa-balos\/#breadcrumb\"},\"inLanguage\":\"fr-FR\",\"potentialAction\":[{\"@type\":\"ReadAction\",\"target\":[\"https:\/\/crete-tours.com\/fr\/product\/gramvousa-balos\/\"]}]},{\"@type\":\"ImageObject\",\"inLanguage\":\"fr-FR\",\"@id\":\"https:\/\/crete-tours.com\/fr\/product\/gramvousa-balos\/#primaryimage\",\"url\":\"https:\/\/crete-tours.com\/wp-content\/uploads\/2021\/06\/Balos-sunset.jpg\",\"contentUrl\":\"https:\/\/crete-tours.com\/wp-content\/uploads\/2021\/06\/Balos-sunset.jpg\",\"width\":1500,\"height\":1000,\"caption\":\"Gramvousa - Balos an Exquisite Crete Tour\"},{\"@type\":\"BreadcrumbList\",\"@id\":\"https:\/\/crete-tours.com\/fr\/product\/gramvousa-balos\/#breadcrumb\",\"itemListElement\":[{\"@type\":\"ListItem\",\"position\":1,\"name\":\"Accueil\",\"item\":\"https:\/\/crete-tours.com\/fr\/\"},{\"@type\":\"ListItem\",\"position\":2,\"name\":\"Products\",\"item\":\"https:\/\/crete-tours.com\/el\/shop\/\"},{\"@type\":\"ListItem\",\"position\":3,\"name\":\"Gramvousa \u2013 Balos\"}]},{\"@type\":\"WebSite\",\"@id\":\"https:\/\/crete-tours.com\/#website\",\"url\":\"https:\/\/crete-tours.com\/\",\"name\":\"\u0395\u03ba\u03b4\u03c1\u03bf\u03bc\u03ad\u03c2 \u03c3\u03c4\u03b7\u03bd \u039a\u03c1\u03ae\u03c4\u03b7\",\"description\":\"Best Way Travel\",\"publisher\":{\"@id\":\"https:\/\/crete-tours.com\/#organization\"},\"potentialAction\":[{\"@type\":\"SearchAction\",\"target\":{\"@type\":\"EntryPoint\",\"urlTemplate\":\"https:\/\/crete-tours.com\/?s={search_term_string}\"},\"query-input\":\"required name=search_term_string\"}],\"inLanguage\":\"fr-FR\"},{\"@type\":\"Organization\",\"@id\":\"https:\/\/crete-tours.com\/#organization\",\"name\":\"Rent A Green Car\",\"url\":\"https:\/\/crete-tours.com\/\",\"logo\":{\"@type\":\"ImageObject\",\"inLanguage\":\"fr-FR\",\"@id\":\"https:\/\/crete-tours.com\/#\/schema\/logo\/image\/\",\"url\":\"https:\/\/crete-tours.com\/wp-content\/uploads\/2021\/04\/logo.png\",\"contentUrl\":\"https:\/\/crete-tours.com\/wp-content\/uploads\/2021\/04\/logo.png\",\"width\":799,\"height\":189,\"caption\":\"Rent A Green Car\"},\"image\":{\"@id\":\"https:\/\/crete-tours.com\/#\/schema\/logo\/image\/\"}}]}<\/script>\n<!-- \/ Yoast SEO plugin. -->","yoast_head_json":{"title":"Gramvousa \u2013 Balos - \u0395\u03ba\u03b4\u03c1\u03bf\u03bc\u03ad\u03c2 \u03c3\u03c4\u03b7\u03bd \u039a\u03c1\u03ae\u03c4\u03b7","robots":{"index":"index","follow":"follow","max-snippet":"max-snippet:-1","max-image-preview":"max-image-preview:large","max-video-preview":"max-video-preview:-1"},"canonical":"https:\/\/crete-tours.com\/fr\/product\/gramvousa-balos\/","og_locale":"fr_FR","og_type":"article","og_title":"Gramvousa \u2013 Balos - \u0395\u03ba\u03b4\u03c1\u03bf\u03bc\u03ad\u03c2 \u03c3\u03c4\u03b7\u03bd \u039a\u03c1\u03ae\u03c4\u03b7","og_description":"An exquisite excursion is the one to\u00a0Gramvousa and Balos.  TOUR HIGHLIGHTS  Kissamos port or \u201cKavonissi\u201d Gramvousa\u00a0\u2013 the pirate island with its Venetian castle Balos\u00a0\u2013 the magnificent beach of \u201cblue lagoon\u201d meeting place of three seas","og_url":"https:\/\/crete-tours.com\/fr\/product\/gramvousa-balos\/","og_site_name":"\u0395\u03ba\u03b4\u03c1\u03bf\u03bc\u03ad\u03c2 \u03c3\u03c4\u03b7\u03bd \u039a\u03c1\u03ae\u03c4\u03b7","article_modified_time":"2024-04-17T10:01:45+00:00","og_image":[{"width":1500,"height":1000,"url":"https:\/\/crete-tours.com\/wp-content\/uploads\/2021\/06\/Balos-sunset.jpg","type":"image\/jpeg"}],"twitter_card":"summary_large_image","twitter_misc":{"Dur\u00e9e de lecture estim\u00e9e":"2 minutes"},"schema":{"@context":"https:\/\/schema.org","@graph":[{"@type":"WebPage","@id":"https:\/\/crete-tours.com\/fr\/product\/gramvousa-balos\/","url":"https:\/\/crete-tours.com\/fr\/product\/gramvousa-balos\/","name":"Gramvousa \u2013 Balos - \u0395\u03ba\u03b4\u03c1\u03bf\u03bc\u03ad\u03c2 \u03c3\u03c4\u03b7\u03bd \u039a\u03c1\u03ae\u03c4\u03b7","isPartOf":{"@id":"https:\/\/crete-tours.com\/#website"},"primaryImageOfPage":{"@id":"https:\/\/crete-tours.com\/fr\/product\/gramvousa-balos\/#primaryimage"},"image":{"@id":"https:\/\/crete-tours.com\/fr\/product\/gramvousa-balos\/#primaryimage"},"thumbnailUrl":"https:\/\/crete-tours.com\/wp-content\/uploads\/2021\/06\/Balos-sunset.jpg","datePublished":"2021-06-18T09:30:09+00:00","dateModified":"2024-04-17T10:01:45+00:00","breadcrumb":{"@id":"https:\/\/crete-tours.com\/fr\/product\/gramvousa-balos\/#breadcrumb"},"inLanguage":"fr-FR","potentialAction":[{"@type":"ReadAction","target":["https:\/\/crete-tours.com\/fr\/product\/gramvousa-balos\/"]}]},{"@type":"ImageObject","inLanguage":"fr-FR","@id":"https:\/\/crete-tours.com\/fr\/product\/gramvousa-balos\/#primaryimage","url":"https:\/\/crete-tours.com\/wp-content\/uploads\/2021\/06\/Balos-sunset.jpg","contentUrl":"https:\/\/crete-tours.com\/wp-content\/uploads\/2021\/06\/Balos-sunset.jpg","width":1500,"height":1000,"caption":"Gramvousa - Balos an Exquisite Crete Tour"},{"@type":"BreadcrumbList","@id":"https:\/\/crete-tours.com\/fr\/product\/gramvousa-balos\/#breadcrumb","itemListElement":[{"@type":"ListItem","position":1,"name":"Accueil","item":"https:\/\/crete-tours.com\/fr\/"},{"@type":"ListItem","position":2,"name":"Products","item":"https:\/\/crete-tours.com\/el\/shop\/"},{"@type":"ListItem","position":3,"name":"Gramvousa \u2013 Balos"}]},{"@type":"WebSite","@id":"https:\/\/crete-tours.com\/#website","url":"https:\/\/crete-tours.com\/","name":"\u0395\u03ba\u03b4\u03c1\u03bf\u03bc\u03ad\u03c2 \u03c3\u03c4\u03b7\u03bd \u039a\u03c1\u03ae\u03c4\u03b7","description":"Best Way Travel","publisher":{"@id":"https:\/\/crete-tours.com\/#organization"},"potentialAction":[{"@type":"SearchAction","target":{"@type":"EntryPoint","urlTemplate":"https:\/\/crete-tours.com\/?s={search_term_string}"},"query-input":"required name=search_term_string"}],"inLanguage":"fr-FR"},{"@type":"Organization","@id":"https:\/\/crete-tours.com\/#organization","name":"Rent A Green Car","url":"https:\/\/crete-tours.com\/","logo":{"@type":"ImageObject","inLanguage":"fr-FR","@id":"https:\/\/crete-tours.com\/#\/schema\/logo\/image\/","url":"https:\/\/crete-tours.com\/wp-content\/uploads\/2021\/04\/logo.png","contentUrl":"https:\/\/crete-tours.com\/wp-content\/uploads\/2021\/04\/logo.png","width":799,"height":189,"caption":"Rent A Green Car"},"image":{"@id":"https:\/\/crete-tours.com\/#\/schema\/logo\/image\/"}}]}},"_links":{"self":[{"href":"https:\/\/crete-tours.com\/fr\/wp-json\/wp\/v2\/product\/6110"}],"collection":[{"href":"https:\/\/crete-tours.com\/fr\/wp-json\/wp\/v2\/product"}],"about":[{"href":"https:\/\/crete-tours.com\/fr\/wp-json\/wp\/v2\/types\/product"}],"replies":[{"embeddable":true,"href":"https:\/\/crete-tours.com\/fr\/wp-json\/wp\/v2\/comments?post=6110"}],"wp:featuredmedia":[{"embeddable":true,"href":"https:\/\/crete-tours.com\/fr\/wp-json\/wp\/v2\/media\/6112"}],"wp:attachment":[{"href":"https:\/\/crete-tours.com\/fr\/wp-json\/wp\/v2\/media?parent=6110"}],"wp:term":[{"taxonomy":"product_cat","embeddable":true,"href":"https:\/\/crete-tours.com\/fr\/wp-json\/wp\/v2\/product_cat?post=6110"},{"taxonomy":"product_tag","embeddable":true,"href":"https:\/\/crete-tours.com\/fr\/wp-json\/wp\/v2\/product_tag?post=6110"}],"curies":[{"name":"wp","href":"https:\/\/api.w.org\/{rel}","templated":true}]}}